{"id":1503,"date":"2019-08-12T10:45:19","date_gmt":"2019-08-12T08:45:19","guid":{"rendered":"https:\/\/www.sophim.comliste-inci\/"},"modified":"2019-09-10T10:30:03","modified_gmt":"2019-09-10T08:30:03","slug":"inci-list","status":"publish","type":"page","link":"https:\/\/www.sophim.com\/en\/inci-list\/","title":{"rendered":"INCI cosmetic: list of cosmetic ingredients"},"content":{"rendered":"<p class=\"western\" style=\"box-sizing: inherit; margin-bottom: 1.5em; color: #1d1d1b; font-family: Cairo, sans-serif;\"><span style=\"box-sizing: inherit; font-family: Arial, serif;\"><span style=\"box-sizing: inherit; font-weight: bolder;\">Liste INCI<\/span><\/span><span style=\"box-sizing: inherit; font-family: Arial, serif;\">\u00a0:\u00a0<\/span><span style=\"box-sizing: inherit; font-family: Arial, serif;\"><span style=\"box-sizing: inherit; font-weight: bolder;\">I<\/span><\/span><span style=\"box-sizing: inherit; font-family: Arial, serif;\">nternational\u00a0<\/span><span style=\"box-sizing: inherit; font-family: Arial, serif;\"><span style=\"box-sizing: inherit; font-weight: bolder;\">N<\/span><\/span><span style=\"box-sizing: inherit; font-family: Arial, serif;\">omenclature of\u00a0<\/span><span style=\"box-sizing: inherit; font-family: Arial, serif;\"><span style=\"box-sizing: inherit; font-weight: bolder;\">C<\/span><\/span><span style=\"box-sizing: inherit; font-family: Arial, serif;\">osmetic\u00a0<\/span><span style=\"box-sizing: inherit; font-family: Arial, serif;\"><span style=\"box-sizing: inherit; font-weight: bolder;\">I<\/span><\/span><span style=\"box-sizing: inherit; font-family: Arial, serif;\">ngredients \/\u00a0<\/span><span style=\"box-sizing: inherit; font-family: Arial, serif;\"><span style=\"box-sizing: inherit; font-weight: bolder;\">N<\/span><\/span><span style=\"box-sizing: inherit; font-family: Arial, serif;\">omenclature\u00a0<\/span><span style=\"box-sizing: inherit; font-family: Arial, serif;\"><span style=\"box-sizing: inherit; font-weight: bolder;\">I<\/span><\/span><span style=\"box-sizing: inherit; font-family: Arial, serif;\">nternationale des\u00a0<\/span><span style=\"box-sizing: inherit; font-family: Arial, serif;\"><span style=\"box-sizing: inherit; font-weight: bolder;\">I<\/span><\/span><span style=\"box-sizing: inherit; font-family: Arial, serif;\">ngr\u00e9dients\u00a0<\/span><span style=\"box-sizing: inherit; font-family: Arial, serif;\"><span style=\"box-sizing: inherit; font-weight: bolder;\">C<\/span><\/span><span style=\"box-sizing: inherit; font-family: Arial, serif;\">osm\u00e9tiques\u00a0;<\/span><\/p>\n<p class=\"western\" style=\"box-sizing: inherit; margin-bottom: 1.5em; color: #1d1d1b; font-family: Cairo, sans-serif;\"><span style=\"box-sizing: inherit; font-family: Arial, serif;\">La Nomenclature Internationale des Ingr\u00e9dients Cosm\u00e9tiques a \u00e9t\u00e9 cr\u00e9\u00e9e en 1973 et est obligatoire en Europe depuis 1998.\u00a0<\/span><span style=\"box-sizing: inherit; font-family: Arial, serif;\">Elle permet de r\u00e9pertorier et nommer tous les ingr\u00e9dients utilis\u00e9s en Cosm\u00e9tique, qui seront r\u00e9pertori\u00e9s sous cette d\u00e9nomination dans les listes ingr\u00e9dients compl\u00e8tes, appos\u00e9es sur tous les produits cosm\u00e9tiques.<\/span><\/p>\n<p class=\"western\" style=\"box-sizing: inherit; margin-bottom: 1.5em; color: #1d1d1b; font-family: Cairo, sans-serif;\"><span style=\"box-sizing: inherit; font-family: Arial, serif;\">C\u2019est une d\u00e9nomination commune universelle, au contraire des d\u00e9nominations commerciales et usuelles. C\u2019est celle -ci qui est utilis\u00e9e dans les listes ingr\u00e9dients des produits cosm\u00e9tiques.\u00a0<\/span><span style=\"box-sizing: inherit; font-family: Arial, serif;\">Nous vous proposons des ingr\u00e9dients naturels, aux multiples propri\u00e9t\u00e9s actives, fonctionnelles et sensorielles.<\/span><\/p>\n","protected":false},"excerpt":{"rendered":"<p>Liste INCI\u00a0:\u00a0International\u00a0Nomenclature of\u00a0Cosmetic\u00a0Ingredients \/\u00a0Nomenclature\u00a0Internationale des\u00a0Ingr\u00e9dients\u00a0Cosm\u00e9tiques\u00a0; La Nomenclature Internationale des Ingr\u00e9dients Cosm\u00e9tiques a \u00e9t\u00e9 cr\u00e9\u00e9e en 1973 et est obligatoire en Europe depuis 1998.\u00a0Elle permet de r\u00e9pertorier et nommer tous les ingr\u00e9dients utilis\u00e9s en Cosm\u00e9tique, qui seront r\u00e9pertori\u00e9s sous cette d\u00e9nomination dans les listes ingr\u00e9dients compl\u00e8tes, appos\u00e9es sur tous les produits cosm\u00e9tiques. C\u2019est une d\u00e9nomination commune [&hellip;]<\/p>\n","protected":false},"author":23,"featured_media":0,"parent":0,"menu_order":43,"comment_status":"closed","ping_status":"closed","template":"template-no-header.php","meta":{"footnotes":""},"class_list":["post-1503","page","type-page","status-publish","hentry"],"yoast_head":"<!-- This site is optimized with the Yoast SEO plugin v27.4 - https:\/\/yoast.com\/product\/yoast-seo-wordpress\/ -->\n<title>INCI cosmetic: list of cosmetic ingredients - Sophim cosmetic ingredients supplier<\/title>\n<meta name=\"robots\" content=\"index, follow, max-snippet:-1, max-image-preview:large, max-video-preview:-1\" \/>\n<link rel=\"canonical\" href=\"https:\/\/www.sophim.com\/en\/inci-list\/\" \/>\n<meta property=\"og:locale\" content=\"en_US\" \/>\n<meta property=\"og:type\" content=\"article\" \/>\n<meta property=\"og:title\" content=\"INCI cosmetic: list of cosmetic ingredients - Sophim cosmetic ingredients supplier\" \/>\n<meta property=\"og:description\" content=\"Liste INCI\u00a0:\u00a0International\u00a0Nomenclature of\u00a0Cosmetic\u00a0Ingredients \/\u00a0Nomenclature\u00a0Internationale des\u00a0Ingr\u00e9dients\u00a0Cosm\u00e9tiques\u00a0; La Nomenclature Internationale des Ingr\u00e9dients Cosm\u00e9tiques a \u00e9t\u00e9 cr\u00e9\u00e9e en 1973 et est obligatoire en Europe depuis 1998.\u00a0Elle permet de r\u00e9pertorier et nommer tous les ingr\u00e9dients utilis\u00e9s en Cosm\u00e9tique, qui seront r\u00e9pertori\u00e9s sous cette d\u00e9nomination dans les listes ingr\u00e9dients compl\u00e8tes, appos\u00e9es sur tous les produits cosm\u00e9tiques. C\u2019est une d\u00e9nomination commune [&hellip;]\" \/>\n<meta property=\"og:url\" content=\"https:\/\/www.sophim.com\/en\/inci-list\/\" \/>\n<meta property=\"og:site_name\" content=\"Sophim cosmetic ingredients supplier\" \/>\n<meta property=\"article:modified_time\" content=\"2019-09-10T08:30:03+00:00\" \/>\n<meta name=\"twitter:card\" content=\"summary_large_image\" \/>\n<meta name=\"twitter:label1\" content=\"Est. reading time\" \/>\n\t<meta name=\"twitter:data1\" content=\"1 minute\" \/>\n<script type=\"application\/ld+json\" class=\"yoast-schema-graph\">{\"@context\":\"https:\\\/\\\/schema.org\",\"@graph\":[{\"@type\":\"WebPage\",\"@id\":\"https:\\\/\\\/www.sophim.com\\\/en\\\/inci-list\\\/\",\"url\":\"https:\\\/\\\/www.sophim.com\\\/en\\\/inci-list\\\/\",\"name\":\"INCI cosmetic: list of cosmetic ingredients - Sophim cosmetic ingredients supplier\",\"isPartOf\":{\"@id\":\"https:\\\/\\\/www.sophim.com\\\/fr\\\/#website\"},\"datePublished\":\"2019-08-12T08:45:19+00:00\",\"dateModified\":\"2019-09-10T08:30:03+00:00\",\"breadcrumb\":{\"@id\":\"https:\\\/\\\/www.sophim.com\\\/en\\\/inci-list\\\/#breadcrumb\"},\"inLanguage\":\"en-US\",\"potentialAction\":[{\"@type\":\"ReadAction\",\"target\":[\"https:\\\/\\\/www.sophim.com\\\/en\\\/inci-list\\\/\"]}]},{\"@type\":\"BreadcrumbList\",\"@id\":\"https:\\\/\\\/www.sophim.com\\\/en\\\/inci-list\\\/#breadcrumb\",\"itemListElement\":[{\"@type\":\"ListItem\",\"position\":1,\"name\":\"Home\",\"item\":\"https:\\\/\\\/www.sophim.com\\\/en\\\/\"},{\"@type\":\"ListItem\",\"position\":2,\"name\":\"INCI cosmetic: list of cosmetic ingredients\"}]},{\"@type\":\"WebSite\",\"@id\":\"https:\\\/\\\/www.sophim.com\\\/fr\\\/#website\",\"url\":\"https:\\\/\\\/www.sophim.com\\\/fr\\\/\",\"name\":\"Sophim cosmetic ingredients supplier\",\"description\":\"Sophim is a natural cosmetic ingredients supplier\",\"publisher\":{\"@id\":\"https:\\\/\\\/www.sophim.com\\\/fr\\\/#organization\"},\"potentialAction\":[{\"@type\":\"SearchAction\",\"target\":{\"@type\":\"EntryPoint\",\"urlTemplate\":\"https:\\\/\\\/www.sophim.com\\\/fr\\\/?s={search_term_string}\"},\"query-input\":{\"@type\":\"PropertyValueSpecification\",\"valueRequired\":true,\"valueName\":\"search_term_string\"}}],\"inLanguage\":\"en-US\"},{\"@type\":\"Organization\",\"@id\":\"https:\\\/\\\/www.sophim.com\\\/fr\\\/#organization\",\"name\":\"Sophim\",\"url\":\"https:\\\/\\\/www.sophim.com\\\/fr\\\/\",\"logo\":{\"@type\":\"ImageObject\",\"inLanguage\":\"en-US\",\"@id\":\"https:\\\/\\\/www.sophim.com\\\/fr\\\/#\\\/schema\\\/logo\\\/image\\\/\",\"url\":\"https:\\\/\\\/www.sophim.com\\\/wp-content\\\/uploads\\\/2019\\\/01\\\/sophim_logo.png\",\"contentUrl\":\"https:\\\/\\\/www.sophim.com\\\/wp-content\\\/uploads\\\/2019\\\/01\\\/sophim_logo.png\",\"width\":327,\"height\":156,\"caption\":\"Sophim\"},\"image\":{\"@id\":\"https:\\\/\\\/www.sophim.com\\\/fr\\\/#\\\/schema\\\/logo\\\/image\\\/\"}}]}<\/script>\n<!-- \/ Yoast SEO plugin. -->","yoast_head_json":{"title":"INCI cosmetic: list of cosmetic ingredients - Sophim cosmetic ingredients supplier","robots":{"index":"index","follow":"follow","max-snippet":"max-snippet:-1","max-image-preview":"max-image-preview:large","max-video-preview":"max-video-preview:-1"},"canonical":"https:\/\/www.sophim.com\/en\/inci-list\/","og_locale":"en_US","og_type":"article","og_title":"INCI cosmetic: list of cosmetic ingredients - Sophim cosmetic ingredients supplier","og_description":"Liste INCI\u00a0:\u00a0International\u00a0Nomenclature of\u00a0Cosmetic\u00a0Ingredients \/\u00a0Nomenclature\u00a0Internationale des\u00a0Ingr\u00e9dients\u00a0Cosm\u00e9tiques\u00a0; La Nomenclature Internationale des Ingr\u00e9dients Cosm\u00e9tiques a \u00e9t\u00e9 cr\u00e9\u00e9e en 1973 et est obligatoire en Europe depuis 1998.\u00a0Elle permet de r\u00e9pertorier et nommer tous les ingr\u00e9dients utilis\u00e9s en Cosm\u00e9tique, qui seront r\u00e9pertori\u00e9s sous cette d\u00e9nomination dans les listes ingr\u00e9dients compl\u00e8tes, appos\u00e9es sur tous les produits cosm\u00e9tiques. C\u2019est une d\u00e9nomination commune [&hellip;]","og_url":"https:\/\/www.sophim.com\/en\/inci-list\/","og_site_name":"Sophim cosmetic ingredients supplier","article_modified_time":"2019-09-10T08:30:03+00:00","twitter_card":"summary_large_image","twitter_misc":{"Est. reading time":"1 minute"},"schema":{"@context":"https:\/\/schema.org","@graph":[{"@type":"WebPage","@id":"https:\/\/www.sophim.com\/en\/inci-list\/","url":"https:\/\/www.sophim.com\/en\/inci-list\/","name":"INCI cosmetic: list of cosmetic ingredients - Sophim cosmetic ingredients supplier","isPartOf":{"@id":"https:\/\/www.sophim.com\/fr\/#website"},"datePublished":"2019-08-12T08:45:19+00:00","dateModified":"2019-09-10T08:30:03+00:00","breadcrumb":{"@id":"https:\/\/www.sophim.com\/en\/inci-list\/#breadcrumb"},"inLanguage":"en-US","potentialAction":[{"@type":"ReadAction","target":["https:\/\/www.sophim.com\/en\/inci-list\/"]}]},{"@type":"BreadcrumbList","@id":"https:\/\/www.sophim.com\/en\/inci-list\/#breadcrumb","itemListElement":[{"@type":"ListItem","position":1,"name":"Home","item":"https:\/\/www.sophim.com\/en\/"},{"@type":"ListItem","position":2,"name":"INCI cosmetic: list of cosmetic ingredients"}]},{"@type":"WebSite","@id":"https:\/\/www.sophim.com\/fr\/#website","url":"https:\/\/www.sophim.com\/fr\/","name":"Sophim cosmetic ingredients supplier","description":"Sophim is a natural cosmetic ingredients supplier","publisher":{"@id":"https:\/\/www.sophim.com\/fr\/#organization"},"potentialAction":[{"@type":"SearchAction","target":{"@type":"EntryPoint","urlTemplate":"https:\/\/www.sophim.com\/fr\/?s={search_term_string}"},"query-input":{"@type":"PropertyValueSpecification","valueRequired":true,"valueName":"search_term_string"}}],"inLanguage":"en-US"},{"@type":"Organization","@id":"https:\/\/www.sophim.com\/fr\/#organization","name":"Sophim","url":"https:\/\/www.sophim.com\/fr\/","logo":{"@type":"ImageObject","inLanguage":"en-US","@id":"https:\/\/www.sophim.com\/fr\/#\/schema\/logo\/image\/","url":"https:\/\/www.sophim.com\/wp-content\/uploads\/2019\/01\/sophim_logo.png","contentUrl":"https:\/\/www.sophim.com\/wp-content\/uploads\/2019\/01\/sophim_logo.png","width":327,"height":156,"caption":"Sophim"},"image":{"@id":"https:\/\/www.sophim.com\/fr\/#\/schema\/logo\/image\/"}}]}},"_links":{"self":[{"href":"https:\/\/www.sophim.com\/en\/wp-json\/wp\/v2\/pages\/1503","targetHints":{"allow":["GET"]}}],"collection":[{"href":"https:\/\/www.sophim.com\/en\/wp-json\/wp\/v2\/pages"}],"about":[{"href":"https:\/\/www.sophim.com\/en\/wp-json\/wp\/v2\/types\/page"}],"author":[{"embeddable":true,"href":"https:\/\/www.sophim.com\/en\/wp-json\/wp\/v2\/users\/23"}],"replies":[{"embeddable":true,"href":"https:\/\/www.sophim.com\/en\/wp-json\/wp\/v2\/comments?post=1503"}],"version-history":[{"count":0,"href":"https:\/\/www.sophim.com\/en\/wp-json\/wp\/v2\/pages\/1503\/revisions"}],"wp:attachment":[{"href":"https:\/\/www.sophim.com\/en\/wp-json\/wp\/v2\/media?parent=1503"}],"curies":[{"name":"wp","href":"https:\/\/api.w.org\/{rel}","templated":true}]}}