{"id":1073,"date":"2019-08-12T10:45:19","date_gmt":"2019-08-12T08:45:19","guid":{"rendered":"https:\/\/www.sophim.com?page_id=1073"},"modified":"2019-09-10T17:29:14","modified_gmt":"2019-09-10T15:29:14","slug":"liste-inci","status":"publish","type":"page","link":"https:\/\/www.sophim.com\/fr\/liste-inci\/","title":{"rendered":"INCI cosm\u00e9tique : liste des ingr\u00e9dients cosm\u00e9tiques"},"content":{"rendered":"<p class=\"western\" style=\"box-sizing: inherit; margin-bottom: 1.5em; color: #1d1d1b; font-family: Cairo, sans-serif;\"><span style=\"box-sizing: inherit; font-family: Arial, serif;\"><span style=\"box-sizing: inherit; font-weight: bolder;\">Liste INCI<\/span><\/span><span style=\"box-sizing: inherit; font-family: Arial, serif;\">\u00a0:\u00a0<\/span><span style=\"box-sizing: inherit; font-family: Arial, serif;\"><span style=\"box-sizing: inherit; font-weight: bolder;\">I<\/span><\/span><span style=\"box-sizing: inherit; font-family: Arial, serif;\">nternational\u00a0<\/span><span style=\"box-sizing: inherit; font-family: Arial, serif;\"><span style=\"box-sizing: inherit; font-weight: bolder;\">N<\/span><\/span><span style=\"box-sizing: inherit; font-family: Arial, serif;\">omenclature of\u00a0<\/span><span style=\"box-sizing: inherit; font-family: Arial, serif;\"><span style=\"box-sizing: inherit; font-weight: bolder;\">C<\/span><\/span><span style=\"box-sizing: inherit; font-family: Arial, serif;\">osmetic\u00a0<\/span><span style=\"box-sizing: inherit; font-family: Arial, serif;\"><span style=\"box-sizing: inherit; font-weight: bolder;\">I<\/span><\/span><span style=\"box-sizing: inherit; font-family: Arial, serif;\">ngredients \/\u00a0<\/span><span style=\"box-sizing: inherit; font-family: Arial, serif;\"><span style=\"box-sizing: inherit; font-weight: bolder;\">N<\/span><\/span><span style=\"box-sizing: inherit; font-family: Arial, serif;\">omenclature\u00a0<\/span><span style=\"box-sizing: inherit; font-family: Arial, serif;\"><span style=\"box-sizing: inherit; font-weight: bolder;\">I<\/span><\/span><span style=\"box-sizing: inherit; font-family: Arial, serif;\">nternationale des\u00a0<\/span><span style=\"box-sizing: inherit; font-family: Arial, serif;\"><span style=\"box-sizing: inherit; font-weight: bolder;\">I<\/span><\/span><span style=\"box-sizing: inherit; font-family: Arial, serif;\">ngr\u00e9dients\u00a0<\/span><span style=\"box-sizing: inherit; font-family: Arial, serif;\"><span style=\"box-sizing: inherit; font-weight: bolder;\">C<\/span><\/span><span style=\"box-sizing: inherit; font-family: Arial, serif;\">osm\u00e9tiques\u00a0;<\/span><\/p>\n<p class=\"western\" style=\"box-sizing: inherit; margin-bottom: 1.5em; color: #1d1d1b; font-family: Cairo, sans-serif;\"><span style=\"box-sizing: inherit; font-family: Arial, serif;\">La Nomenclature Internationale des Ingr\u00e9dients Cosm\u00e9tiques a \u00e9t\u00e9 cr\u00e9\u00e9e en 1973 et est obligatoire en Europe depuis 1998.\u00a0<\/span><span style=\"box-sizing: inherit; font-family: Arial, serif;\">Elle permet de r\u00e9pertorier et nommer tous les ingr\u00e9dients utilis\u00e9s en Cosm\u00e9tique, qui seront r\u00e9pertori\u00e9s sous cette d\u00e9nomination dans les listes ingr\u00e9dients compl\u00e8tes, appos\u00e9es sur tous les produits cosm\u00e9tiques.<\/span><\/p>\n<p class=\"western\" style=\"box-sizing: inherit; margin-bottom: 1.5em; color: #1d1d1b; font-family: Cairo, sans-serif;\"><span style=\"box-sizing: inherit; font-family: Arial, serif;\">C\u2019est une d\u00e9nomination commune universelle, au contraire des d\u00e9nominations commerciales et usuelles. C\u2019est celle -ci qui est utilis\u00e9e dans les listes ingr\u00e9dients des produits cosm\u00e9tiques.\u00a0<\/span><span style=\"box-sizing: inherit; font-family: Arial, serif;\">Nous vous proposons des ingr\u00e9dients naturels, aux multiples propri\u00e9t\u00e9s actives, fonctionnelles et sensorielles.<\/span><\/p>\n<p>&nbsp;<\/p>\n<p><img loading=\"lazy\" decoding=\"async\" class=\"aligncenter wp-image-1585\" src=\"https:\/\/www.sophim.com\/wp-content\/uploads\/2019\/09\/sophim-liste-inci-300x284.jpg\" alt=\"\" width=\"800\" height=\"756\" srcset=\"https:\/\/www.sophim.com\/wp-content\/uploads\/2019\/09\/sophim-liste-inci-300x284.jpg 300w, https:\/\/www.sophim.com\/wp-content\/uploads\/2019\/09\/sophim-liste-inci-768x726.jpg 768w, https:\/\/www.sophim.com\/wp-content\/uploads\/2019\/09\/sophim-liste-inci-1024x968.jpg 1024w, https:\/\/www.sophim.com\/wp-content\/uploads\/2019\/09\/sophim-liste-inci.jpg 1794w\" sizes=\"auto, (max-width: 800px) 100vw, 800px\" \/><\/p>\n","protected":false},"excerpt":{"rendered":"<p>Liste INCI\u00a0:\u00a0International\u00a0Nomenclature of\u00a0Cosmetic\u00a0Ingredients \/\u00a0Nomenclature\u00a0Internationale des\u00a0Ingr\u00e9dients\u00a0Cosm\u00e9tiques\u00a0; La Nomenclature Internationale des Ingr\u00e9dients Cosm\u00e9tiques a \u00e9t\u00e9 cr\u00e9\u00e9e en 1973 et est obligatoire en Europe depuis 1998.\u00a0Elle permet de r\u00e9pertorier et nommer tous les ingr\u00e9dients utilis\u00e9s en Cosm\u00e9tique, qui seront r\u00e9pertori\u00e9s sous cette d\u00e9nomination dans les listes ingr\u00e9dients compl\u00e8tes, appos\u00e9es sur tous les produits cosm\u00e9tiques. C\u2019est une d\u00e9nomination commune [&hellip;]<\/p>\n","protected":false},"author":23,"featured_media":0,"parent":0,"menu_order":42,"comment_status":"closed","ping_status":"closed","template":"template-no-header.php","meta":{"footnotes":""},"class_list":["post-1073","page","type-page","status-publish","hentry"],"yoast_head":"<!-- This site is optimized with the Yoast SEO plugin v27.6 - https:\/\/yoast.com\/product\/yoast-seo-wordpress\/ -->\n<title>INCI cosm\u00e9tique : liste des ingr\u00e9dients cosm\u00e9tiques - Sophim<\/title>\n<meta name=\"robots\" content=\"index, follow, max-snippet:-1, max-image-preview:large, max-video-preview:-1\" \/>\n<link rel=\"canonical\" href=\"https:\/\/www.sophim.com\/fr\/liste-inci\/\" \/>\n<meta property=\"og:locale\" content=\"fr_FR\" \/>\n<meta property=\"og:type\" content=\"article\" \/>\n<meta property=\"og:title\" content=\"INCI cosm\u00e9tique : liste des ingr\u00e9dients cosm\u00e9tiques - Sophim\" \/>\n<meta property=\"og:description\" content=\"Liste INCI\u00a0:\u00a0International\u00a0Nomenclature of\u00a0Cosmetic\u00a0Ingredients \/\u00a0Nomenclature\u00a0Internationale des\u00a0Ingr\u00e9dients\u00a0Cosm\u00e9tiques\u00a0; La Nomenclature Internationale des Ingr\u00e9dients Cosm\u00e9tiques a \u00e9t\u00e9 cr\u00e9\u00e9e en 1973 et est obligatoire en Europe depuis 1998.\u00a0Elle permet de r\u00e9pertorier et nommer tous les ingr\u00e9dients utilis\u00e9s en Cosm\u00e9tique, qui seront r\u00e9pertori\u00e9s sous cette d\u00e9nomination dans les listes ingr\u00e9dients compl\u00e8tes, appos\u00e9es sur tous les produits cosm\u00e9tiques. C\u2019est une d\u00e9nomination commune [&hellip;]\" \/>\n<meta property=\"og:url\" content=\"https:\/\/www.sophim.com\/fr\/liste-inci\/\" \/>\n<meta property=\"og:site_name\" content=\"SOPHIM fournisseur ingr\u00e9dient cosm\u00e9tique\" \/>\n<meta property=\"article:modified_time\" content=\"2019-09-10T15:29:14+00:00\" \/>\n<meta property=\"og:image\" content=\"https:\/\/www.sophim.com\/wp-content\/uploads\/2019\/09\/sophim-liste-inci-300x284.jpg\" \/>\n<meta name=\"twitter:card\" content=\"summary_large_image\" \/>\n<meta name=\"twitter:label1\" content=\"Dur\u00e9e de lecture estim\u00e9e\" \/>\n\t<meta name=\"twitter:data1\" content=\"1 minute\" \/>\n<script type=\"application\/ld+json\" class=\"yoast-schema-graph\">{\"@context\":\"https:\\\/\\\/schema.org\",\"@graph\":[{\"@type\":\"WebPage\",\"@id\":\"https:\\\/\\\/www.sophim.com\\\/fr\\\/liste-inci\\\/\",\"url\":\"https:\\\/\\\/www.sophim.com\\\/fr\\\/liste-inci\\\/\",\"name\":\"INCI cosm\u00e9tique : liste des ingr\u00e9dients cosm\u00e9tiques - Sophim\",\"isPartOf\":{\"@id\":\"https:\\\/\\\/www.sophim.com\\\/fr\\\/#website\"},\"primaryImageOfPage\":{\"@id\":\"https:\\\/\\\/www.sophim.com\\\/fr\\\/liste-inci\\\/#primaryimage\"},\"image\":{\"@id\":\"https:\\\/\\\/www.sophim.com\\\/fr\\\/liste-inci\\\/#primaryimage\"},\"thumbnailUrl\":\"https:\\\/\\\/www.sophim.com\\\/wp-content\\\/uploads\\\/2019\\\/09\\\/sophim-liste-inci-300x284.jpg\",\"datePublished\":\"2019-08-12T08:45:19+00:00\",\"dateModified\":\"2019-09-10T15:29:14+00:00\",\"breadcrumb\":{\"@id\":\"https:\\\/\\\/www.sophim.com\\\/fr\\\/liste-inci\\\/#breadcrumb\"},\"inLanguage\":\"fr-FR\",\"potentialAction\":[{\"@type\":\"ReadAction\",\"target\":[\"https:\\\/\\\/www.sophim.com\\\/fr\\\/liste-inci\\\/\"]}]},{\"@type\":\"ImageObject\",\"inLanguage\":\"fr-FR\",\"@id\":\"https:\\\/\\\/www.sophim.com\\\/fr\\\/liste-inci\\\/#primaryimage\",\"url\":\"https:\\\/\\\/www.sophim.com\\\/wp-content\\\/uploads\\\/2019\\\/09\\\/sophim-liste-inci-300x284.jpg\",\"contentUrl\":\"https:\\\/\\\/www.sophim.com\\\/wp-content\\\/uploads\\\/2019\\\/09\\\/sophim-liste-inci-300x284.jpg\"},{\"@type\":\"BreadcrumbList\",\"@id\":\"https:\\\/\\\/www.sophim.com\\\/fr\\\/liste-inci\\\/#breadcrumb\",\"itemListElement\":[{\"@type\":\"ListItem\",\"position\":1,\"name\":\"Home\",\"item\":\"https:\\\/\\\/www.sophim.com\\\/fr\\\/\"},{\"@type\":\"ListItem\",\"position\":2,\"name\":\"INCI cosm\u00e9tique : liste des ingr\u00e9dients cosm\u00e9tiques\"}]},{\"@type\":\"WebSite\",\"@id\":\"https:\\\/\\\/www.sophim.com\\\/fr\\\/#website\",\"url\":\"https:\\\/\\\/www.sophim.com\\\/fr\\\/\",\"name\":\"SOPHIM fournisseur ingr\u00e9dient cosm\u00e9tique\",\"description\":\"Sophim est un fabricant d&#039;ingr\u00e9dients cosm\u00e9tiques naturels\",\"publisher\":{\"@id\":\"https:\\\/\\\/www.sophim.com\\\/fr\\\/#organization\"},\"potentialAction\":[{\"@type\":\"SearchAction\",\"target\":{\"@type\":\"EntryPoint\",\"urlTemplate\":\"https:\\\/\\\/www.sophim.com\\\/fr\\\/?s={search_term_string}\"},\"query-input\":{\"@type\":\"PropertyValueSpecification\",\"valueRequired\":true,\"valueName\":\"search_term_string\"}}],\"inLanguage\":\"fr-FR\"},{\"@type\":\"Organization\",\"@id\":\"https:\\\/\\\/www.sophim.com\\\/fr\\\/#organization\",\"name\":\"Sophim\",\"url\":\"https:\\\/\\\/www.sophim.com\\\/fr\\\/\",\"logo\":{\"@type\":\"ImageObject\",\"inLanguage\":\"fr-FR\",\"@id\":\"https:\\\/\\\/www.sophim.com\\\/fr\\\/#\\\/schema\\\/logo\\\/image\\\/\",\"url\":\"https:\\\/\\\/www.sophim.com\\\/wp-content\\\/uploads\\\/2019\\\/01\\\/sophim_logo.png\",\"contentUrl\":\"https:\\\/\\\/www.sophim.com\\\/wp-content\\\/uploads\\\/2019\\\/01\\\/sophim_logo.png\",\"width\":327,\"height\":156,\"caption\":\"Sophim\"},\"image\":{\"@id\":\"https:\\\/\\\/www.sophim.com\\\/fr\\\/#\\\/schema\\\/logo\\\/image\\\/\"}}]}<\/script>\n<!-- \/ Yoast SEO plugin. -->","yoast_head_json":{"title":"INCI cosm\u00e9tique : liste des ingr\u00e9dients cosm\u00e9tiques - Sophim","robots":{"index":"index","follow":"follow","max-snippet":"max-snippet:-1","max-image-preview":"max-image-preview:large","max-video-preview":"max-video-preview:-1"},"canonical":"https:\/\/www.sophim.com\/fr\/liste-inci\/","og_locale":"fr_FR","og_type":"article","og_title":"INCI cosm\u00e9tique : liste des ingr\u00e9dients cosm\u00e9tiques - Sophim","og_description":"Liste INCI\u00a0:\u00a0International\u00a0Nomenclature of\u00a0Cosmetic\u00a0Ingredients \/\u00a0Nomenclature\u00a0Internationale des\u00a0Ingr\u00e9dients\u00a0Cosm\u00e9tiques\u00a0; La Nomenclature Internationale des Ingr\u00e9dients Cosm\u00e9tiques a \u00e9t\u00e9 cr\u00e9\u00e9e en 1973 et est obligatoire en Europe depuis 1998.\u00a0Elle permet de r\u00e9pertorier et nommer tous les ingr\u00e9dients utilis\u00e9s en Cosm\u00e9tique, qui seront r\u00e9pertori\u00e9s sous cette d\u00e9nomination dans les listes ingr\u00e9dients compl\u00e8tes, appos\u00e9es sur tous les produits cosm\u00e9tiques. C\u2019est une d\u00e9nomination commune [&hellip;]","og_url":"https:\/\/www.sophim.com\/fr\/liste-inci\/","og_site_name":"SOPHIM fournisseur ingr\u00e9dient cosm\u00e9tique","article_modified_time":"2019-09-10T15:29:14+00:00","og_image":[{"url":"https:\/\/www.sophim.com\/wp-content\/uploads\/2019\/09\/sophim-liste-inci-300x284.jpg","type":"","width":"","height":""}],"twitter_card":"summary_large_image","twitter_misc":{"Dur\u00e9e de lecture estim\u00e9e":"1 minute"},"schema":{"@context":"https:\/\/schema.org","@graph":[{"@type":"WebPage","@id":"https:\/\/www.sophim.com\/fr\/liste-inci\/","url":"https:\/\/www.sophim.com\/fr\/liste-inci\/","name":"INCI cosm\u00e9tique : liste des ingr\u00e9dients cosm\u00e9tiques - Sophim","isPartOf":{"@id":"https:\/\/www.sophim.com\/fr\/#website"},"primaryImageOfPage":{"@id":"https:\/\/www.sophim.com\/fr\/liste-inci\/#primaryimage"},"image":{"@id":"https:\/\/www.sophim.com\/fr\/liste-inci\/#primaryimage"},"thumbnailUrl":"https:\/\/www.sophim.com\/wp-content\/uploads\/2019\/09\/sophim-liste-inci-300x284.jpg","datePublished":"2019-08-12T08:45:19+00:00","dateModified":"2019-09-10T15:29:14+00:00","breadcrumb":{"@id":"https:\/\/www.sophim.com\/fr\/liste-inci\/#breadcrumb"},"inLanguage":"fr-FR","potentialAction":[{"@type":"ReadAction","target":["https:\/\/www.sophim.com\/fr\/liste-inci\/"]}]},{"@type":"ImageObject","inLanguage":"fr-FR","@id":"https:\/\/www.sophim.com\/fr\/liste-inci\/#primaryimage","url":"https:\/\/www.sophim.com\/wp-content\/uploads\/2019\/09\/sophim-liste-inci-300x284.jpg","contentUrl":"https:\/\/www.sophim.com\/wp-content\/uploads\/2019\/09\/sophim-liste-inci-300x284.jpg"},{"@type":"BreadcrumbList","@id":"https:\/\/www.sophim.com\/fr\/liste-inci\/#breadcrumb","itemListElement":[{"@type":"ListItem","position":1,"name":"Home","item":"https:\/\/www.sophim.com\/fr\/"},{"@type":"ListItem","position":2,"name":"INCI cosm\u00e9tique : liste des ingr\u00e9dients cosm\u00e9tiques"}]},{"@type":"WebSite","@id":"https:\/\/www.sophim.com\/fr\/#website","url":"https:\/\/www.sophim.com\/fr\/","name":"SOPHIM fournisseur ingr\u00e9dient cosm\u00e9tique","description":"Sophim est un fabricant d&#039;ingr\u00e9dients cosm\u00e9tiques naturels","publisher":{"@id":"https:\/\/www.sophim.com\/fr\/#organization"},"potentialAction":[{"@type":"SearchAction","target":{"@type":"EntryPoint","urlTemplate":"https:\/\/www.sophim.com\/fr\/?s={search_term_string}"},"query-input":{"@type":"PropertyValueSpecification","valueRequired":true,"valueName":"search_term_string"}}],"inLanguage":"fr-FR"},{"@type":"Organization","@id":"https:\/\/www.sophim.com\/fr\/#organization","name":"Sophim","url":"https:\/\/www.sophim.com\/fr\/","logo":{"@type":"ImageObject","inLanguage":"fr-FR","@id":"https:\/\/www.sophim.com\/fr\/#\/schema\/logo\/image\/","url":"https:\/\/www.sophim.com\/wp-content\/uploads\/2019\/01\/sophim_logo.png","contentUrl":"https:\/\/www.sophim.com\/wp-content\/uploads\/2019\/01\/sophim_logo.png","width":327,"height":156,"caption":"Sophim"},"image":{"@id":"https:\/\/www.sophim.com\/fr\/#\/schema\/logo\/image\/"}}]}},"_links":{"self":[{"href":"https:\/\/www.sophim.com\/fr\/wp-json\/wp\/v2\/pages\/1073","targetHints":{"allow":["GET"]}}],"collection":[{"href":"https:\/\/www.sophim.com\/fr\/wp-json\/wp\/v2\/pages"}],"about":[{"href":"https:\/\/www.sophim.com\/fr\/wp-json\/wp\/v2\/types\/page"}],"author":[{"embeddable":true,"href":"https:\/\/www.sophim.com\/fr\/wp-json\/wp\/v2\/users\/23"}],"replies":[{"embeddable":true,"href":"https:\/\/www.sophim.com\/fr\/wp-json\/wp\/v2\/comments?post=1073"}],"version-history":[{"count":0,"href":"https:\/\/www.sophim.com\/fr\/wp-json\/wp\/v2\/pages\/1073\/revisions"}],"wp:attachment":[{"href":"https:\/\/www.sophim.com\/fr\/wp-json\/wp\/v2\/media?parent=1073"}],"curies":[{"name":"wp","href":"https:\/\/api.w.org\/{rel}","templated":true}]}}