{"id":13,"date":"2019-01-23T10:40:14","date_gmt":"2019-01-23T09:40:14","guid":{"rendered":"http:\/\/sophim.com\/?page_id=13"},"modified":"2024-11-26T14:52:03","modified_gmt":"2024-11-26T13:52:03","slug":"a-propos","status":"publish","type":"page","link":"https:\/\/www.sophim.com\/fr\/a-propos\/","title":{"rendered":"Pr\u00e9sentation de l&rsquo;entreprise Sophim"},"content":{"rendered":"<p><strong>SOPHIM est une soci\u00e9t\u00e9 familiale cr\u00e9\u00e9e en 1996, sp\u00e9cialis\u00e9e dans la fabrication d\u2019ingr\u00e9dients naturels \u00e0 destination de l\u2019Industrie cosm\u00e9tique,<br \/>\net leader dans la production de squalane d&rsquo;olive.\u00a0<\/strong><\/p>\n<p><strong>SOPHIM<\/strong> est votre partenaire de r\u00e9f\u00e9rence pour la fabrication de vos produits cosm\u00e9tiques naturels, certifi\u00e9s ou approuv\u00e9s COSMOS, et BIO pour certaines r\u00e9f\u00e9rences.<\/p>\n<p>Notre c\u0153ur de m\u00e9tier repose sur la ma\u00eetrise de proc\u00e9d\u00e9s innovants de distillation, d\u2019est\u00e9rification, d\u2019hydrog\u00e9nation nous permettant de vous proposer des ingr\u00e9dients \u00e0 la qualit\u00e9 unique.<\/p>\n<p>Notre ingr\u00e9dient phare <a href=\"https:\/\/www.sophim.com\/fr\/squalane\/\">Phytosqualan<\/a> est un squalane v\u00e9g\u00e9tal produit selon un mod\u00e8le d&rsquo;\u00e9conomie circulaire. Il est upcycl\u00e9 \u00e0 partir de coproduits issus de l&rsquo;industrie alimentaire d&rsquo;huile d&rsquo;olive.<\/p>\n","protected":false},"excerpt":{"rendered":"<p>SOPHIM est une soci\u00e9t\u00e9 familiale cr\u00e9\u00e9e en 1996, sp\u00e9cialis\u00e9e dans la fabrication d\u2019ingr\u00e9dients naturels \u00e0 destination de l\u2019Industrie cosm\u00e9tique, et leader dans la production de squalane d&rsquo;olive.\u00a0 SOPHIM est votre partenaire de r\u00e9f\u00e9rence pour la fabrication de vos produits cosm\u00e9tiques naturels, certifi\u00e9s ou approuv\u00e9s COSMOS, et BIO pour certaines r\u00e9f\u00e9rences. Notre c\u0153ur de m\u00e9tier repose [&hellip;]<\/p>\n","protected":false},"author":23,"featured_media":1992,"parent":0,"menu_order":66,"comment_status":"closed","ping_status":"closed","template":"template-propos.php","meta":{"footnotes":""},"class_list":["post-13","page","type-page","status-publish","has-post-thumbnail","hentry"],"yoast_head":"<!-- This site is optimized with the Yoast SEO plugin v27.4 - https:\/\/yoast.com\/product\/yoast-seo-wordpress\/ -->\n<title>Pr\u00e9sentation de l&#039;entreprise - Sophim<\/title>\n<meta name=\"description\" content=\"Fournisseur et fabricant de mati\u00e8res premi\u00e8res (squalane, squalene, \u00e9mollients), SOPHIM est votre partenaire pour une cosm\u00e9tique saine et responsable\" \/>\n<meta name=\"robots\" content=\"index, follow, max-snippet:-1, max-image-preview:large, max-video-preview:-1\" \/>\n<link rel=\"canonical\" href=\"https:\/\/www.sophim.com\/fr\/a-propos\/\" \/>\n<meta property=\"og:locale\" content=\"fr_FR\" \/>\n<meta property=\"og:type\" content=\"article\" \/>\n<meta property=\"og:title\" content=\"Pr\u00e9sentation de l&#039;entreprise - Sophim\" \/>\n<meta property=\"og:description\" content=\"Fournisseur et fabricant de mati\u00e8res premi\u00e8res (squalane, squalene, \u00e9mollients), SOPHIM est votre partenaire pour une cosm\u00e9tique saine et responsable\" \/>\n<meta property=\"og:url\" content=\"https:\/\/www.sophim.com\/fr\/a-propos\/\" \/>\n<meta property=\"og:site_name\" content=\"SOPHIM fournisseur ingr\u00e9dient cosm\u00e9tique\" \/>\n<meta property=\"article:modified_time\" content=\"2024-11-26T13:52:03+00:00\" \/>\n<meta property=\"og:image\" content=\"https:\/\/www.sophim.com\/wp-content\/uploads\/2020\/07\/1679x498_mc300_sophim_Plan-de-travail-1.jpg\" \/>\n\t<meta property=\"og:image:width\" content=\"1679\" \/>\n\t<meta property=\"og:image:height\" content=\"498\" \/>\n\t<meta property=\"og:image:type\" content=\"image\/jpeg\" \/>\n<meta name=\"twitter:card\" content=\"summary_large_image\" \/>\n<meta name=\"twitter:label1\" content=\"Dur\u00e9e de lecture estim\u00e9e\" \/>\n\t<meta name=\"twitter:data1\" content=\"1 minute\" \/>\n<script type=\"application\/ld+json\" class=\"yoast-schema-graph\">{\"@context\":\"https:\\\/\\\/schema.org\",\"@graph\":[{\"@type\":\"WebPage\",\"@id\":\"https:\\\/\\\/www.sophim.com\\\/fr\\\/a-propos\\\/\",\"url\":\"https:\\\/\\\/www.sophim.com\\\/fr\\\/a-propos\\\/\",\"name\":\"Pr\u00e9sentation de l'entreprise - Sophim\",\"isPartOf\":{\"@id\":\"https:\\\/\\\/www.sophim.com\\\/fr\\\/#website\"},\"primaryImageOfPage\":{\"@id\":\"https:\\\/\\\/www.sophim.com\\\/fr\\\/a-propos\\\/#primaryimage\"},\"image\":{\"@id\":\"https:\\\/\\\/www.sophim.com\\\/fr\\\/a-propos\\\/#primaryimage\"},\"thumbnailUrl\":\"https:\\\/\\\/www.sophim.com\\\/wp-content\\\/uploads\\\/2020\\\/07\\\/1679x498_mc300_sophim_Plan-de-travail-1.jpg\",\"datePublished\":\"2019-01-23T09:40:14+00:00\",\"dateModified\":\"2024-11-26T13:52:03+00:00\",\"description\":\"Fournisseur et fabricant de mati\u00e8res premi\u00e8res (squalane, squalene, \u00e9mollients), SOPHIM est votre partenaire pour une cosm\u00e9tique saine et responsable\",\"breadcrumb\":{\"@id\":\"https:\\\/\\\/www.sophim.com\\\/fr\\\/a-propos\\\/#breadcrumb\"},\"inLanguage\":\"fr-FR\",\"potentialAction\":[{\"@type\":\"ReadAction\",\"target\":[\"https:\\\/\\\/www.sophim.com\\\/fr\\\/a-propos\\\/\"]}]},{\"@type\":\"ImageObject\",\"inLanguage\":\"fr-FR\",\"@id\":\"https:\\\/\\\/www.sophim.com\\\/fr\\\/a-propos\\\/#primaryimage\",\"url\":\"https:\\\/\\\/www.sophim.com\\\/wp-content\\\/uploads\\\/2020\\\/07\\\/1679x498_mc300_sophim_Plan-de-travail-1.jpg\",\"contentUrl\":\"https:\\\/\\\/www.sophim.com\\\/wp-content\\\/uploads\\\/2020\\\/07\\\/1679x498_mc300_sophim_Plan-de-travail-1.jpg\",\"width\":1679,\"height\":498},{\"@type\":\"BreadcrumbList\",\"@id\":\"https:\\\/\\\/www.sophim.com\\\/fr\\\/a-propos\\\/#breadcrumb\",\"itemListElement\":[{\"@type\":\"ListItem\",\"position\":1,\"name\":\"Home\",\"item\":\"https:\\\/\\\/www.sophim.com\\\/fr\\\/\"},{\"@type\":\"ListItem\",\"position\":2,\"name\":\"Pr\u00e9sentation de l&rsquo;entreprise Sophim\"}]},{\"@type\":\"WebSite\",\"@id\":\"https:\\\/\\\/www.sophim.com\\\/fr\\\/#website\",\"url\":\"https:\\\/\\\/www.sophim.com\\\/fr\\\/\",\"name\":\"SOPHIM fournisseur ingr\u00e9dient cosm\u00e9tique\",\"description\":\"Sophim est un fabricant d&#039;ingr\u00e9dients cosm\u00e9tiques naturels\",\"publisher\":{\"@id\":\"https:\\\/\\\/www.sophim.com\\\/fr\\\/#organization\"},\"potentialAction\":[{\"@type\":\"SearchAction\",\"target\":{\"@type\":\"EntryPoint\",\"urlTemplate\":\"https:\\\/\\\/www.sophim.com\\\/fr\\\/?s={search_term_string}\"},\"query-input\":{\"@type\":\"PropertyValueSpecification\",\"valueRequired\":true,\"valueName\":\"search_term_string\"}}],\"inLanguage\":\"fr-FR\"},{\"@type\":\"Organization\",\"@id\":\"https:\\\/\\\/www.sophim.com\\\/fr\\\/#organization\",\"name\":\"Sophim\",\"url\":\"https:\\\/\\\/www.sophim.com\\\/fr\\\/\",\"logo\":{\"@type\":\"ImageObject\",\"inLanguage\":\"fr-FR\",\"@id\":\"https:\\\/\\\/www.sophim.com\\\/fr\\\/#\\\/schema\\\/logo\\\/image\\\/\",\"url\":\"https:\\\/\\\/www.sophim.com\\\/wp-content\\\/uploads\\\/2019\\\/01\\\/sophim_logo.png\",\"contentUrl\":\"https:\\\/\\\/www.sophim.com\\\/wp-content\\\/uploads\\\/2019\\\/01\\\/sophim_logo.png\",\"width\":327,\"height\":156,\"caption\":\"Sophim\"},\"image\":{\"@id\":\"https:\\\/\\\/www.sophim.com\\\/fr\\\/#\\\/schema\\\/logo\\\/image\\\/\"}}]}<\/script>\n<!-- \/ Yoast SEO plugin. -->","yoast_head_json":{"title":"Pr\u00e9sentation de l'entreprise - Sophim","description":"Fournisseur et fabricant de mati\u00e8res premi\u00e8res (squalane, squalene, \u00e9mollients), SOPHIM est votre partenaire pour une cosm\u00e9tique saine et responsable","robots":{"index":"index","follow":"follow","max-snippet":"max-snippet:-1","max-image-preview":"max-image-preview:large","max-video-preview":"max-video-preview:-1"},"canonical":"https:\/\/www.sophim.com\/fr\/a-propos\/","og_locale":"fr_FR","og_type":"article","og_title":"Pr\u00e9sentation de l'entreprise - Sophim","og_description":"Fournisseur et fabricant de mati\u00e8res premi\u00e8res (squalane, squalene, \u00e9mollients), SOPHIM est votre partenaire pour une cosm\u00e9tique saine et responsable","og_url":"https:\/\/www.sophim.com\/fr\/a-propos\/","og_site_name":"SOPHIM fournisseur ingr\u00e9dient cosm\u00e9tique","article_modified_time":"2024-11-26T13:52:03+00:00","og_image":[{"width":1679,"height":498,"url":"https:\/\/www.sophim.com\/wp-content\/uploads\/2020\/07\/1679x498_mc300_sophim_Plan-de-travail-1.jpg","type":"image\/jpeg"}],"twitter_card":"summary_large_image","twitter_misc":{"Dur\u00e9e de lecture estim\u00e9e":"1 minute"},"schema":{"@context":"https:\/\/schema.org","@graph":[{"@type":"WebPage","@id":"https:\/\/www.sophim.com\/fr\/a-propos\/","url":"https:\/\/www.sophim.com\/fr\/a-propos\/","name":"Pr\u00e9sentation de l'entreprise - Sophim","isPartOf":{"@id":"https:\/\/www.sophim.com\/fr\/#website"},"primaryImageOfPage":{"@id":"https:\/\/www.sophim.com\/fr\/a-propos\/#primaryimage"},"image":{"@id":"https:\/\/www.sophim.com\/fr\/a-propos\/#primaryimage"},"thumbnailUrl":"https:\/\/www.sophim.com\/wp-content\/uploads\/2020\/07\/1679x498_mc300_sophim_Plan-de-travail-1.jpg","datePublished":"2019-01-23T09:40:14+00:00","dateModified":"2024-11-26T13:52:03+00:00","description":"Fournisseur et fabricant de mati\u00e8res premi\u00e8res (squalane, squalene, \u00e9mollients), SOPHIM est votre partenaire pour une cosm\u00e9tique saine et responsable","breadcrumb":{"@id":"https:\/\/www.sophim.com\/fr\/a-propos\/#breadcrumb"},"inLanguage":"fr-FR","potentialAction":[{"@type":"ReadAction","target":["https:\/\/www.sophim.com\/fr\/a-propos\/"]}]},{"@type":"ImageObject","inLanguage":"fr-FR","@id":"https:\/\/www.sophim.com\/fr\/a-propos\/#primaryimage","url":"https:\/\/www.sophim.com\/wp-content\/uploads\/2020\/07\/1679x498_mc300_sophim_Plan-de-travail-1.jpg","contentUrl":"https:\/\/www.sophim.com\/wp-content\/uploads\/2020\/07\/1679x498_mc300_sophim_Plan-de-travail-1.jpg","width":1679,"height":498},{"@type":"BreadcrumbList","@id":"https:\/\/www.sophim.com\/fr\/a-propos\/#breadcrumb","itemListElement":[{"@type":"ListItem","position":1,"name":"Home","item":"https:\/\/www.sophim.com\/fr\/"},{"@type":"ListItem","position":2,"name":"Pr\u00e9sentation de l&rsquo;entreprise Sophim"}]},{"@type":"WebSite","@id":"https:\/\/www.sophim.com\/fr\/#website","url":"https:\/\/www.sophim.com\/fr\/","name":"SOPHIM fournisseur ingr\u00e9dient cosm\u00e9tique","description":"Sophim est un fabricant d&#039;ingr\u00e9dients cosm\u00e9tiques naturels","publisher":{"@id":"https:\/\/www.sophim.com\/fr\/#organization"},"potentialAction":[{"@type":"SearchAction","target":{"@type":"EntryPoint","urlTemplate":"https:\/\/www.sophim.com\/fr\/?s={search_term_string}"},"query-input":{"@type":"PropertyValueSpecification","valueRequired":true,"valueName":"search_term_string"}}],"inLanguage":"fr-FR"},{"@type":"Organization","@id":"https:\/\/www.sophim.com\/fr\/#organization","name":"Sophim","url":"https:\/\/www.sophim.com\/fr\/","logo":{"@type":"ImageObject","inLanguage":"fr-FR","@id":"https:\/\/www.sophim.com\/fr\/#\/schema\/logo\/image\/","url":"https:\/\/www.sophim.com\/wp-content\/uploads\/2019\/01\/sophim_logo.png","contentUrl":"https:\/\/www.sophim.com\/wp-content\/uploads\/2019\/01\/sophim_logo.png","width":327,"height":156,"caption":"Sophim"},"image":{"@id":"https:\/\/www.sophim.com\/fr\/#\/schema\/logo\/image\/"}}]}},"_links":{"self":[{"href":"https:\/\/www.sophim.com\/fr\/wp-json\/wp\/v2\/pages\/13","targetHints":{"allow":["GET"]}}],"collection":[{"href":"https:\/\/www.sophim.com\/fr\/wp-json\/wp\/v2\/pages"}],"about":[{"href":"https:\/\/www.sophim.com\/fr\/wp-json\/wp\/v2\/types\/page"}],"author":[{"embeddable":true,"href":"https:\/\/www.sophim.com\/fr\/wp-json\/wp\/v2\/users\/23"}],"replies":[{"embeddable":true,"href":"https:\/\/www.sophim.com\/fr\/wp-json\/wp\/v2\/comments?post=13"}],"version-history":[{"count":0,"href":"https:\/\/www.sophim.com\/fr\/wp-json\/wp\/v2\/pages\/13\/revisions"}],"wp:featuredmedia":[{"embeddable":true,"href":"https:\/\/www.sophim.com\/fr\/wp-json\/wp\/v2\/media\/1992"}],"wp:attachment":[{"href":"https:\/\/www.sophim.com\/fr\/wp-json\/wp\/v2\/media?parent=13"}],"curies":[{"name":"wp","href":"https:\/\/api.w.org\/{rel}","templated":true}]}}