{"id":1469,"date":"2019-09-09T11:59:22","date_gmt":"2019-09-09T09:59:22","guid":{"rendered":"https:\/\/www.sophim.com?page_id=1469"},"modified":"2023-01-16T14:37:55","modified_gmt":"2023-01-16T13:37:55","slug":"acide-linolenique","status":"publish","type":"page","link":"https:\/\/www.sophim.com\/fr\/acide-linolenique\/","title":{"rendered":"ACIDE LINOL\u00c9NIQUE ET LINOLEIQUE EN COSM\u00c9TIQUE"},"content":{"rendered":"<p class=\"western\"><span style=\"font-family: Arial, serif;\">Les huiles v\u00e9g\u00e9tales, tr\u00e8s employ\u00e9es dans les soins cosm\u00e9tiques naturels, contiennent des acides gras satur\u00e9s et insatur\u00e9s\u00a0; parmi les acides gras insatur\u00e9s, on retrouve les acides gras polyinsatur\u00e9s et notamment des acides gras essentiels comme l\u2019acide linol\u00e9ique (famille des Om\u00e9ga 6) ou l\u2019acide Alpha linol\u00e9nique (famille des Om\u00e9ga 3).<\/span><\/p>\n<p class=\"western\">\n","protected":false},"excerpt":{"rendered":"<p>Les huiles v\u00e9g\u00e9tales, tr\u00e8s employ\u00e9es dans les soins cosm\u00e9tiques naturels, contiennent des acides gras satur\u00e9s et insatur\u00e9s\u00a0; parmi les acides gras insatur\u00e9s, on retrouve les acides gras polyinsatur\u00e9s et notamment des acides gras essentiels comme l\u2019acide linol\u00e9ique (famille des Om\u00e9ga 6) ou l\u2019acide Alpha linol\u00e9nique (famille des Om\u00e9ga 3).<\/p>\n","protected":false},"author":23,"featured_media":2004,"parent":0,"menu_order":60,"comment_status":"closed","ping_status":"closed","template":"template-sous-categorie.php","meta":{"footnotes":""},"class_list":["post-1469","page","type-page","status-publish","has-post-thumbnail","hentry"],"yoast_head":"<!-- This site is optimized with the Yoast SEO plugin v27.5 - https:\/\/yoast.com\/product\/yoast-seo-wordpress\/ -->\n<title>Acide linol\u00e9nique et linoleique en cosm\u00e9tique - Sophim<\/title>\n<meta name=\"description\" content=\"Les acides linol\u00e9iques et linol\u00e9niques, contenus dans les huiles v\u00e9g\u00e9tales cosm\u00e9tiques, sont pl\u00e9biscit\u00e9s pour leurs propri\u00e9t\u00e9s hydratantes et r\u00e9g\u00e9n\u00e9rantes.\" \/>\n<meta name=\"robots\" content=\"index, follow, max-snippet:-1, max-image-preview:large, max-video-preview:-1\" \/>\n<link rel=\"canonical\" href=\"https:\/\/www.sophim.com\/fr\/acide-linolenique\/\" \/>\n<meta property=\"og:locale\" content=\"fr_FR\" \/>\n<meta property=\"og:type\" content=\"article\" \/>\n<meta property=\"og:title\" content=\"Acide linol\u00e9nique et linoleique en cosm\u00e9tique - Sophim\" \/>\n<meta property=\"og:description\" content=\"Les acides linol\u00e9iques et linol\u00e9niques, contenus dans les huiles v\u00e9g\u00e9tales cosm\u00e9tiques, sont pl\u00e9biscit\u00e9s pour leurs propri\u00e9t\u00e9s hydratantes et r\u00e9g\u00e9n\u00e9rantes.\" \/>\n<meta property=\"og:url\" content=\"https:\/\/www.sophim.com\/fr\/acide-linolenique\/\" \/>\n<meta property=\"og:site_name\" content=\"SOPHIM fournisseur ingr\u00e9dient cosm\u00e9tique\" \/>\n<meta property=\"article:modified_time\" content=\"2023-01-16T13:37:55+00:00\" \/>\n<meta property=\"og:image\" content=\"https:\/\/www.sophim.com\/wp-content\/uploads\/2019\/05\/1679x498_squapure_sophim-1.jpg\" \/>\n\t<meta property=\"og:image:width\" content=\"1679\" \/>\n\t<meta property=\"og:image:height\" content=\"498\" \/>\n\t<meta property=\"og:image:type\" content=\"image\/jpeg\" \/>\n<meta name=\"twitter:card\" content=\"summary_large_image\" \/>\n<meta name=\"twitter:label1\" content=\"Dur\u00e9e de lecture estim\u00e9e\" \/>\n\t<meta name=\"twitter:data1\" content=\"1 minute\" \/>\n<script type=\"application\/ld+json\" class=\"yoast-schema-graph\">{\"@context\":\"https:\\\/\\\/schema.org\",\"@graph\":[{\"@type\":\"WebPage\",\"@id\":\"https:\\\/\\\/www.sophim.com\\\/fr\\\/acide-linolenique\\\/\",\"url\":\"https:\\\/\\\/www.sophim.com\\\/fr\\\/acide-linolenique\\\/\",\"name\":\"Acide linol\u00e9nique et linoleique en cosm\u00e9tique - Sophim\",\"isPartOf\":{\"@id\":\"https:\\\/\\\/www.sophim.com\\\/fr\\\/#website\"},\"primaryImageOfPage\":{\"@id\":\"https:\\\/\\\/www.sophim.com\\\/fr\\\/acide-linolenique\\\/#primaryimage\"},\"image\":{\"@id\":\"https:\\\/\\\/www.sophim.com\\\/fr\\\/acide-linolenique\\\/#primaryimage\"},\"thumbnailUrl\":\"https:\\\/\\\/www.sophim.com\\\/wp-content\\\/uploads\\\/2019\\\/05\\\/1679x498_squapure_sophim-1.jpg\",\"datePublished\":\"2019-09-09T09:59:22+00:00\",\"dateModified\":\"2023-01-16T13:37:55+00:00\",\"description\":\"Les acides linol\u00e9iques et linol\u00e9niques, contenus dans les huiles v\u00e9g\u00e9tales cosm\u00e9tiques, sont pl\u00e9biscit\u00e9s pour leurs propri\u00e9t\u00e9s hydratantes et r\u00e9g\u00e9n\u00e9rantes.\",\"breadcrumb\":{\"@id\":\"https:\\\/\\\/www.sophim.com\\\/fr\\\/acide-linolenique\\\/#breadcrumb\"},\"inLanguage\":\"fr-FR\",\"potentialAction\":[{\"@type\":\"ReadAction\",\"target\":[\"https:\\\/\\\/www.sophim.com\\\/fr\\\/acide-linolenique\\\/\"]}]},{\"@type\":\"ImageObject\",\"inLanguage\":\"fr-FR\",\"@id\":\"https:\\\/\\\/www.sophim.com\\\/fr\\\/acide-linolenique\\\/#primaryimage\",\"url\":\"https:\\\/\\\/www.sophim.com\\\/wp-content\\\/uploads\\\/2019\\\/05\\\/1679x498_squapure_sophim-1.jpg\",\"contentUrl\":\"https:\\\/\\\/www.sophim.com\\\/wp-content\\\/uploads\\\/2019\\\/05\\\/1679x498_squapure_sophim-1.jpg\",\"width\":1679,\"height\":498},{\"@type\":\"BreadcrumbList\",\"@id\":\"https:\\\/\\\/www.sophim.com\\\/fr\\\/acide-linolenique\\\/#breadcrumb\",\"itemListElement\":[{\"@type\":\"ListItem\",\"position\":1,\"name\":\"Home\",\"item\":\"https:\\\/\\\/www.sophim.com\\\/fr\\\/\"},{\"@type\":\"ListItem\",\"position\":2,\"name\":\"ACIDE LINOL\u00c9NIQUE ET LINOLEIQUE EN COSM\u00c9TIQUE\"}]},{\"@type\":\"WebSite\",\"@id\":\"https:\\\/\\\/www.sophim.com\\\/fr\\\/#website\",\"url\":\"https:\\\/\\\/www.sophim.com\\\/fr\\\/\",\"name\":\"SOPHIM fournisseur ingr\u00e9dient cosm\u00e9tique\",\"description\":\"Sophim est un fabricant d&#039;ingr\u00e9dients cosm\u00e9tiques naturels\",\"publisher\":{\"@id\":\"https:\\\/\\\/www.sophim.com\\\/fr\\\/#organization\"},\"potentialAction\":[{\"@type\":\"SearchAction\",\"target\":{\"@type\":\"EntryPoint\",\"urlTemplate\":\"https:\\\/\\\/www.sophim.com\\\/fr\\\/?s={search_term_string}\"},\"query-input\":{\"@type\":\"PropertyValueSpecification\",\"valueRequired\":true,\"valueName\":\"search_term_string\"}}],\"inLanguage\":\"fr-FR\"},{\"@type\":\"Organization\",\"@id\":\"https:\\\/\\\/www.sophim.com\\\/fr\\\/#organization\",\"name\":\"Sophim\",\"url\":\"https:\\\/\\\/www.sophim.com\\\/fr\\\/\",\"logo\":{\"@type\":\"ImageObject\",\"inLanguage\":\"fr-FR\",\"@id\":\"https:\\\/\\\/www.sophim.com\\\/fr\\\/#\\\/schema\\\/logo\\\/image\\\/\",\"url\":\"https:\\\/\\\/www.sophim.com\\\/wp-content\\\/uploads\\\/2019\\\/01\\\/sophim_logo.png\",\"contentUrl\":\"https:\\\/\\\/www.sophim.com\\\/wp-content\\\/uploads\\\/2019\\\/01\\\/sophim_logo.png\",\"width\":327,\"height\":156,\"caption\":\"Sophim\"},\"image\":{\"@id\":\"https:\\\/\\\/www.sophim.com\\\/fr\\\/#\\\/schema\\\/logo\\\/image\\\/\"}}]}<\/script>\n<!-- \/ Yoast SEO plugin. -->","yoast_head_json":{"title":"Acide linol\u00e9nique et linoleique en cosm\u00e9tique - Sophim","description":"Les acides linol\u00e9iques et linol\u00e9niques, contenus dans les huiles v\u00e9g\u00e9tales cosm\u00e9tiques, sont pl\u00e9biscit\u00e9s pour leurs propri\u00e9t\u00e9s hydratantes et r\u00e9g\u00e9n\u00e9rantes.","robots":{"index":"index","follow":"follow","max-snippet":"max-snippet:-1","max-image-preview":"max-image-preview:large","max-video-preview":"max-video-preview:-1"},"canonical":"https:\/\/www.sophim.com\/fr\/acide-linolenique\/","og_locale":"fr_FR","og_type":"article","og_title":"Acide linol\u00e9nique et linoleique en cosm\u00e9tique - Sophim","og_description":"Les acides linol\u00e9iques et linol\u00e9niques, contenus dans les huiles v\u00e9g\u00e9tales cosm\u00e9tiques, sont pl\u00e9biscit\u00e9s pour leurs propri\u00e9t\u00e9s hydratantes et r\u00e9g\u00e9n\u00e9rantes.","og_url":"https:\/\/www.sophim.com\/fr\/acide-linolenique\/","og_site_name":"SOPHIM fournisseur ingr\u00e9dient cosm\u00e9tique","article_modified_time":"2023-01-16T13:37:55+00:00","og_image":[{"width":1679,"height":498,"url":"https:\/\/www.sophim.com\/wp-content\/uploads\/2019\/05\/1679x498_squapure_sophim-1.jpg","type":"image\/jpeg"}],"twitter_card":"summary_large_image","twitter_misc":{"Dur\u00e9e de lecture estim\u00e9e":"1 minute"},"schema":{"@context":"https:\/\/schema.org","@graph":[{"@type":"WebPage","@id":"https:\/\/www.sophim.com\/fr\/acide-linolenique\/","url":"https:\/\/www.sophim.com\/fr\/acide-linolenique\/","name":"Acide linol\u00e9nique et linoleique en cosm\u00e9tique - Sophim","isPartOf":{"@id":"https:\/\/www.sophim.com\/fr\/#website"},"primaryImageOfPage":{"@id":"https:\/\/www.sophim.com\/fr\/acide-linolenique\/#primaryimage"},"image":{"@id":"https:\/\/www.sophim.com\/fr\/acide-linolenique\/#primaryimage"},"thumbnailUrl":"https:\/\/www.sophim.com\/wp-content\/uploads\/2019\/05\/1679x498_squapure_sophim-1.jpg","datePublished":"2019-09-09T09:59:22+00:00","dateModified":"2023-01-16T13:37:55+00:00","description":"Les acides linol\u00e9iques et linol\u00e9niques, contenus dans les huiles v\u00e9g\u00e9tales cosm\u00e9tiques, sont pl\u00e9biscit\u00e9s pour leurs propri\u00e9t\u00e9s hydratantes et r\u00e9g\u00e9n\u00e9rantes.","breadcrumb":{"@id":"https:\/\/www.sophim.com\/fr\/acide-linolenique\/#breadcrumb"},"inLanguage":"fr-FR","potentialAction":[{"@type":"ReadAction","target":["https:\/\/www.sophim.com\/fr\/acide-linolenique\/"]}]},{"@type":"ImageObject","inLanguage":"fr-FR","@id":"https:\/\/www.sophim.com\/fr\/acide-linolenique\/#primaryimage","url":"https:\/\/www.sophim.com\/wp-content\/uploads\/2019\/05\/1679x498_squapure_sophim-1.jpg","contentUrl":"https:\/\/www.sophim.com\/wp-content\/uploads\/2019\/05\/1679x498_squapure_sophim-1.jpg","width":1679,"height":498},{"@type":"BreadcrumbList","@id":"https:\/\/www.sophim.com\/fr\/acide-linolenique\/#breadcrumb","itemListElement":[{"@type":"ListItem","position":1,"name":"Home","item":"https:\/\/www.sophim.com\/fr\/"},{"@type":"ListItem","position":2,"name":"ACIDE LINOL\u00c9NIQUE ET LINOLEIQUE EN COSM\u00c9TIQUE"}]},{"@type":"WebSite","@id":"https:\/\/www.sophim.com\/fr\/#website","url":"https:\/\/www.sophim.com\/fr\/","name":"SOPHIM fournisseur ingr\u00e9dient cosm\u00e9tique","description":"Sophim est un fabricant d&#039;ingr\u00e9dients cosm\u00e9tiques naturels","publisher":{"@id":"https:\/\/www.sophim.com\/fr\/#organization"},"potentialAction":[{"@type":"SearchAction","target":{"@type":"EntryPoint","urlTemplate":"https:\/\/www.sophim.com\/fr\/?s={search_term_string}"},"query-input":{"@type":"PropertyValueSpecification","valueRequired":true,"valueName":"search_term_string"}}],"inLanguage":"fr-FR"},{"@type":"Organization","@id":"https:\/\/www.sophim.com\/fr\/#organization","name":"Sophim","url":"https:\/\/www.sophim.com\/fr\/","logo":{"@type":"ImageObject","inLanguage":"fr-FR","@id":"https:\/\/www.sophim.com\/fr\/#\/schema\/logo\/image\/","url":"https:\/\/www.sophim.com\/wp-content\/uploads\/2019\/01\/sophim_logo.png","contentUrl":"https:\/\/www.sophim.com\/wp-content\/uploads\/2019\/01\/sophim_logo.png","width":327,"height":156,"caption":"Sophim"},"image":{"@id":"https:\/\/www.sophim.com\/fr\/#\/schema\/logo\/image\/"}}]}},"_links":{"self":[{"href":"https:\/\/www.sophim.com\/fr\/wp-json\/wp\/v2\/pages\/1469","targetHints":{"allow":["GET"]}}],"collection":[{"href":"https:\/\/www.sophim.com\/fr\/wp-json\/wp\/v2\/pages"}],"about":[{"href":"https:\/\/www.sophim.com\/fr\/wp-json\/wp\/v2\/types\/page"}],"author":[{"embeddable":true,"href":"https:\/\/www.sophim.com\/fr\/wp-json\/wp\/v2\/users\/23"}],"replies":[{"embeddable":true,"href":"https:\/\/www.sophim.com\/fr\/wp-json\/wp\/v2\/comments?post=1469"}],"version-history":[{"count":0,"href":"https:\/\/www.sophim.com\/fr\/wp-json\/wp\/v2\/pages\/1469\/revisions"}],"wp:featuredmedia":[{"embeddable":true,"href":"https:\/\/www.sophim.com\/fr\/wp-json\/wp\/v2\/media\/2004"}],"wp:attachment":[{"href":"https:\/\/www.sophim.com\/fr\/wp-json\/wp\/v2\/media?parent=1469"}],"curies":[{"name":"wp","href":"https:\/\/api.w.org\/{rel}","templated":true}]}}