{"id":19,"date":"2019-01-23T10:40:44","date_gmt":"2019-01-23T09:40:44","guid":{"rendered":"http:\/\/sophim.com\/?page_id=19"},"modified":"2026-01-05T09:04:01","modified_gmt":"2026-01-05T08:04:01","slug":"mentions-legales","status":"publish","type":"page","link":"https:\/\/www.sophim.com\/fr\/mentions-legales\/","title":{"rendered":"Mentions l\u00e9gales"},"content":{"rendered":"<h2><span style=\"color: #6e9dd4;\">I. Identification<\/span><\/h2>\n<p>SOPHIM<br \/>\nS.A.S Soci\u00e9t\u00e9 \u00e0 Actions Simplifi\u00e9es<br \/>\nSi\u00e8ge Social : SOPHIM Parc de la Cassine, Avenue Pierre Gilles de Gennes 04310 Peyruis France<br \/>\nTel\u00a0: +33492331717<br \/>\nSIRET\u00a0: 33802624800033<br \/>\nN\u00b0 TVA intracommunautaire\u00a0: FR16338026248<\/p>\n<p>Directeur de la Publication : Monsieur Alexis Margnat<br \/>\nH\u00e9bergement par La Fabrique<br \/>\nOrange Business Services SA<br \/>\n29 rue Servan,<br \/>\n38 000 GRENOBLE<br \/>\nT\u00e9l. : 04 76 44 50 50<br \/>\nSi\u00e8ge social : 1 place des droits de l&rsquo;Homme, 93210 SAINT DENIS France<br \/>\nhttps:\/\/lafabrique.orange-business.com<br \/>\nH\u00e9bergeur nom de domaine : OVH<br \/>\nConception et r\u00e9alisation\u00a0: <a href=\"https:\/\/www.klarte.com\">www.klarte.com<\/a> | <a href=\"https:\/\/www.quai13.com\">www.quai13.com<\/a><\/p>\n<h2><span style=\"color: #6e9dd4;\">II. Fonctionnement<\/span><\/h2>\n<p>Notre site <a href=\"https:\/\/www.sophim.com\" target=\"_blank\" rel=\"noopener\">www.sophim.com<\/a> (ci-apr\u00e8s le Site) est accessible 7 jours sur 7, 24 heures sur 24, sous r\u00e9serve des interruptions n\u00e9cessaires aux op\u00e9rations techniques de maintenance, d\u2019entretien et de mise \u00e0 jour que SOPHIM jugerait utiles d\u2019effectuer.\u00a0En acc\u00e9dant au Site, vous vous engagez \u00e0 en respecter les conditions d\u2019utilisation telles que d\u00e9crites ci-apr\u00e8s.<\/p>\n<h2><span style=\"color: #6e9dd4;\">III. Propri\u00e9t\u00e9s intellectuelles<\/span><\/h2>\n<p>La structure g\u00e9n\u00e9rale de notre Site et l\u2019ensemble des contenus diffus\u00e9s sur ce Site (images, articles, photographies, logos, marques, vid\u00e9os, interviews, sons, textes\u2026), sont la propri\u00e9t\u00e9 exclusive de la soci\u00e9t\u00e9 SOPHIM, et sont prot\u00e9g\u00e9s par la l\u00e9gislation en vigueur en France en mati\u00e8re de propri\u00e9t\u00e9 intellectuelle, et notamment le droit d\u2019auteur, les droits voisins, le droit des marques, le droit \u00e0 l\u2019image, et par la l\u00e9gislation internationale en vigueur.<\/p>\n<p>Tous les droits de reproduction sont r\u00e9serv\u00e9s, y compris pour les photos, les textes, les documents t\u00e9l\u00e9chargeables, les repr\u00e9sentations iconographiques.\u00a0A ce titre, \u00e0 d\u00e9faut d\u2019autorisation expresse de SOPHIM, il est strictement interdit de reproduire, de repr\u00e9senter ou d\u2019alt\u00e9rer, de mani\u00e8re int\u00e9grale ou partielle, les contenus de notre Site, de les modifier ou les adapter en tout ou partie.<\/p>\n<p>Le nom de domaine <a href=\"https:\/\/www.sophim.com\" target=\"_blank\" rel=\"noopener\">www.sophim.com<\/a> est la propri\u00e9t\u00e9 exclusive de la soci\u00e9t\u00e9 SOPHIM.<\/p>\n<h2><span style=\"color: #6e9dd4;\">IV. Lien hypertexte<\/span><\/h2>\n<p>La cr\u00e9ation de liens hypertextes (simples ou profonds) vers le Site est soumise \u00e0 l\u2019accord pr\u00e9alable du Directeur de la Publication de\u00a0SOPHIM.\u00a0Les liens hypertextes mis en \u0153uvre en direction d\u2019autres sites ne sauraient engager la responsabilit\u00e9 de SOPHIM, la soci\u00e9t\u00e9 SOPHIM n\u2019exer\u00e7ant aucun contr\u00f4le sur le contenu de ces sites.<\/p>\n<h2><span style=\"color: #6e9dd4;\">V. Protection des donn\u00e9es personnelles<\/span><\/h2>\n<p>SOPHIM vous informe qu\u2019il est mis en \u0153uvre un traitement de donn\u00e9es \u00e0 caract\u00e8re personnel vous concernant. SOPHIM s\u2019engage \u00e0 ce que la collecte et le traitement de donn\u00e9es \u00e0 caract\u00e8re personnel, effectu\u00e9s \u00e0 partir du Site et dont SOPHIM est responsable, soient effectu\u00e9s conform\u00e9ment \u00e0 la loi n\u00b078-17 du 6 janvier 1978 relative \u00e0 l\u2019informatique, aux fichiers et aux libert\u00e9s dite loi \u00ab\u00a0Informatique et Libert\u00e9s\u00a0\u00bb\u00a0; et au R\u00e8glement G\u00e9n\u00e9ral sur la Protection des Donn\u00e9es (RGPD \u2013 R\u00e8glement no\u00a02016\/679) ; et que les informations personnelles collect\u00e9es \u00e0 partir du Site soient conserv\u00e9es conform\u00e9ment aux r\u00e8gles prescrites par par lesdites l\u00e9gislations.<\/p>\n<p>Par donn\u00e9es \u00e0 caract\u00e8re personnel, SOPHIM entend toutes les informations relatives \u00e0 une personne physique identifi\u00e9e ou identifiable par un ou plusieurs \u00e9l\u00e9ments qui lui sont propres fournies sur le Site notamment pour nous contacter, ou vous abonner \u00e0 nos Newsletters.<\/p>\n<p>Les informations personnelles ainsi fournies sur notre Site permettent le traitement de vos demandes.\u00a0Les informations identifi\u00e9es par un ast\u00e9risque sont obligatoires. A d\u00e9faut, votre demande ne pourra pas \u00eatre trait\u00e9e ou son traitement sera retard\u00e9.\u00a0Les donn\u00e9es \u00e0 caract\u00e8re personnel collect\u00e9es sur notre Site peuvent \u00eatre adress\u00e9es au personnel commercial et administratif de SOPHIM, et le cas \u00e9ch\u00e9ant, \u00e0 nos sous-traitants en mati\u00e8re informatique.\u00a0Vos donn\u00e9es personnelles ne sont pas transf\u00e9r\u00e9es vers des Etats non membres de l\u2019Union Europ\u00e9enne.\u00a0Elles sont conserv\u00e9es pendant une dur\u00e9e maximum de 24 mois apr\u00e8s dernier contact de votre part.<\/p>\n<p>Vous disposez d\u2019un droit d\u2019acc\u00e8s, de communication, de modification et de rectification des informations vous concernant, et recueillies lors de vos visites du Site.\u00a0Plus particuli\u00e8rement, vous disposez du droit d\u2019interroger SOPHIM en vue d\u2019obtenir la confirmation que vos donn\u00e9es personnelles font ou ne font pas l\u2019objet d\u2019un traitement, des informations relatives aux finalit\u00e9s du traitement, aux cat\u00e9gories de destinataires auxquelles celles-ci sont communiqu\u00e9es.<\/p>\n<p>Toutefois, SOPHIM a la possibilit\u00e9 de s\u2019opposer aux demandes manifestement abusives, notamment par leur nombre, leur caract\u00e8re r\u00e9p\u00e9titif ou syst\u00e9matique.<\/p>\n<p><strong>Pour exercer ces droits, il suffit d\u2019adresser un courrier postal \u00e0 l\u2019adresse suivante :<\/strong><\/p>\n<p><strong>SOPHIM parc de la Cassine,<\/strong><br \/>\n<strong>Avenue Pierre Gilles de Gennes<\/strong><br \/>\n<strong>04310 peyruis France<\/strong><\/p>\n<p>Vous disposez d\u2019un droit d\u2019opposition au traitement par SOPHIM des donn\u00e9es personnelles vous concernant pour des motifs l\u00e9gitimes.\u00a0Vous \u00eates inform\u00e9s que, lors de vos visites sur le Site, un cookie peut s\u2019installer automatiquement sur votre logiciel de navigation.<\/p>\n<h2><span style=\"color: #6e9dd4;\">VI. Responsabilit\u00e9s<\/span><\/h2>\n<p>La soci\u00e9t\u00e9 SOPHIM s\u2019engage \u00e0 faire ses meilleurs efforts pour assurer aux utilisateurs une accessibilit\u00e9 du Site \u00e0 tout moment. Toutefois, elle ne pourra \u00eatre tenue responsable en cas d\u2019indisponibilit\u00e9 du Site, pour quelque cause que ce soit.<\/p>\n<p>Vous reconnaissez disposer de la comp\u00e9tence et des moyens n\u00e9cessaires pour acc\u00e9der au site et l\u2019utiliser, et reconnaissez avoir v\u00e9rifi\u00e9 que la configuration informatique utilis\u00e9e ne contient aucun virus et qu\u2019elle est en parfait \u00e9tat de fonctionnement.\u00a0La soci\u00e9t\u00e9 SOPHIM ne peut garantir l\u2019exactitude et la compl\u00e9tude des informations diffus\u00e9es sur son Site ni la permanence de son bon fonctionnement ou sa totale s\u00e9curit\u00e9 informatique.\u00a0La soci\u00e9t\u00e9 SOPHIM met tout en \u0153uvre pour offrir aux utilisateurs des informations et des outils disponibles et v\u00e9rifi\u00e9s, mais ne saurait \u00eatre tenue responsable des erreurs, d\u2019une absence de disponibilit\u00e9 des informations et\/ou de la pr\u00e9sence de virus ou autres infections logiques sur son Site.<\/p>\n<p>Les informations fournies par la soci\u00e9t\u00e9 SOPHIM le sont \u00e0 titre indicatif. La soci\u00e9t\u00e9 SOPHIM ne saurait garantir l\u2019exactitude, la compl\u00e9tude, l\u2019actualit\u00e9 des informations diffus\u00e9es sur le Site.\u00a0Chaque utilisateur reconna\u00eet utiliser les informations et outils disponibles sur le Site sous sa responsabilit\u00e9 exclusive.<\/p>\n<h2><span style=\"color: #6e9dd4;\">VII. Loi applicable<\/span><\/h2>\n<p>Le droit fran\u00e7ais est applicable au pr\u00e9sent Site.<\/p>\n","protected":false},"excerpt":{"rendered":"<p>I. Identification SOPHIM S.A.S Soci\u00e9t\u00e9 \u00e0 Actions Simplifi\u00e9es Si\u00e8ge Social : SOPHIM Parc de la Cassine, Avenue Pierre Gilles de Gennes 04310 Peyruis France Tel\u00a0: +33492331717 SIRET\u00a0: 33802624800033 N\u00b0 TVA intracommunautaire\u00a0: FR16338026248 Directeur de la Publication : Monsieur Alexis Margnat H\u00e9bergement par La Fabrique Orange Business Services SA 29 rue Servan, 38 000 GRENOBLE T\u00e9l. [&hellip;]<\/p>\n","protected":false},"author":23,"featured_media":2065,"parent":0,"menu_order":101,"comment_status":"closed","ping_status":"closed","template":"template-no-header.php","meta":{"footnotes":""},"class_list":["post-19","page","type-page","status-publish","has-post-thumbnail","hentry"],"yoast_head":"<!-- This site is optimized with the Yoast SEO plugin v27.4 - https:\/\/yoast.com\/product\/yoast-seo-wordpress\/ -->\n<title>Mentions l\u00e9gales - SOPHIM fournisseur ingr\u00e9dient cosm\u00e9tique<\/title>\n<meta name=\"robots\" content=\"index, follow, max-snippet:-1, max-image-preview:large, max-video-preview:-1\" \/>\n<link rel=\"canonical\" href=\"https:\/\/www.sophim.com\/fr\/mentions-legales\/\" \/>\n<meta property=\"og:locale\" content=\"fr_FR\" \/>\n<meta property=\"og:type\" content=\"article\" \/>\n<meta property=\"og:title\" content=\"Mentions l\u00e9gales - SOPHIM fournisseur ingr\u00e9dient cosm\u00e9tique\" \/>\n<meta property=\"og:description\" content=\"I. Identification SOPHIM S.A.S Soci\u00e9t\u00e9 \u00e0 Actions Simplifi\u00e9es Si\u00e8ge Social : SOPHIM Parc de la Cassine, Avenue Pierre Gilles de Gennes 04310 Peyruis France Tel\u00a0: +33492331717 SIRET\u00a0: 33802624800033 N\u00b0 TVA intracommunautaire\u00a0: FR16338026248 Directeur de la Publication : Monsieur Alexis Margnat H\u00e9bergement par La Fabrique Orange Business Services SA 29 rue Servan, 38 000 GRENOBLE T\u00e9l. [&hellip;]\" \/>\n<meta property=\"og:url\" content=\"https:\/\/www.sophim.com\/fr\/mentions-legales\/\" \/>\n<meta property=\"og:site_name\" content=\"SOPHIM fournisseur ingr\u00e9dient cosm\u00e9tique\" \/>\n<meta property=\"article:modified_time\" content=\"2026-01-05T08:04:01+00:00\" \/>\n<meta property=\"og:image\" content=\"https:\/\/www.sophim.com\/wp-content\/uploads\/2020\/08\/1679x498_phytoswax_sophim_Plan-de-travail-1.jpg\" \/>\n\t<meta property=\"og:image:width\" content=\"1679\" \/>\n\t<meta property=\"og:image:height\" content=\"498\" \/>\n\t<meta property=\"og:image:type\" content=\"image\/jpeg\" \/>\n<meta name=\"twitter:card\" content=\"summary_large_image\" \/>\n<meta name=\"twitter:label1\" content=\"Dur\u00e9e de lecture estim\u00e9e\" \/>\n\t<meta name=\"twitter:data1\" content=\"5 minutes\" \/>\n<script type=\"application\/ld+json\" class=\"yoast-schema-graph\">{\"@context\":\"https:\\\/\\\/schema.org\",\"@graph\":[{\"@type\":\"WebPage\",\"@id\":\"https:\\\/\\\/www.sophim.com\\\/fr\\\/mentions-legales\\\/\",\"url\":\"https:\\\/\\\/www.sophim.com\\\/fr\\\/mentions-legales\\\/\",\"name\":\"Mentions l\u00e9gales - SOPHIM fournisseur ingr\u00e9dient cosm\u00e9tique\",\"isPartOf\":{\"@id\":\"https:\\\/\\\/www.sophim.com\\\/fr\\\/#website\"},\"primaryImageOfPage\":{\"@id\":\"https:\\\/\\\/www.sophim.com\\\/fr\\\/mentions-legales\\\/#primaryimage\"},\"image\":{\"@id\":\"https:\\\/\\\/www.sophim.com\\\/fr\\\/mentions-legales\\\/#primaryimage\"},\"thumbnailUrl\":\"https:\\\/\\\/www.sophim.com\\\/wp-content\\\/uploads\\\/2020\\\/08\\\/1679x498_phytoswax_sophim_Plan-de-travail-1.jpg\",\"datePublished\":\"2019-01-23T09:40:44+00:00\",\"dateModified\":\"2026-01-05T08:04:01+00:00\",\"breadcrumb\":{\"@id\":\"https:\\\/\\\/www.sophim.com\\\/fr\\\/mentions-legales\\\/#breadcrumb\"},\"inLanguage\":\"fr-FR\",\"potentialAction\":[{\"@type\":\"ReadAction\",\"target\":[\"https:\\\/\\\/www.sophim.com\\\/fr\\\/mentions-legales\\\/\"]}]},{\"@type\":\"ImageObject\",\"inLanguage\":\"fr-FR\",\"@id\":\"https:\\\/\\\/www.sophim.com\\\/fr\\\/mentions-legales\\\/#primaryimage\",\"url\":\"https:\\\/\\\/www.sophim.com\\\/wp-content\\\/uploads\\\/2020\\\/08\\\/1679x498_phytoswax_sophim_Plan-de-travail-1.jpg\",\"contentUrl\":\"https:\\\/\\\/www.sophim.com\\\/wp-content\\\/uploads\\\/2020\\\/08\\\/1679x498_phytoswax_sophim_Plan-de-travail-1.jpg\",\"width\":1679,\"height\":498},{\"@type\":\"BreadcrumbList\",\"@id\":\"https:\\\/\\\/www.sophim.com\\\/fr\\\/mentions-legales\\\/#breadcrumb\",\"itemListElement\":[{\"@type\":\"ListItem\",\"position\":1,\"name\":\"Home\",\"item\":\"https:\\\/\\\/www.sophim.com\\\/fr\\\/\"},{\"@type\":\"ListItem\",\"position\":2,\"name\":\"Mentions l\u00e9gales\"}]},{\"@type\":\"WebSite\",\"@id\":\"https:\\\/\\\/www.sophim.com\\\/fr\\\/#website\",\"url\":\"https:\\\/\\\/www.sophim.com\\\/fr\\\/\",\"name\":\"SOPHIM fournisseur ingr\u00e9dient cosm\u00e9tique\",\"description\":\"Sophim est un fabricant d&#039;ingr\u00e9dients cosm\u00e9tiques naturels\",\"publisher\":{\"@id\":\"https:\\\/\\\/www.sophim.com\\\/fr\\\/#organization\"},\"potentialAction\":[{\"@type\":\"SearchAction\",\"target\":{\"@type\":\"EntryPoint\",\"urlTemplate\":\"https:\\\/\\\/www.sophim.com\\\/fr\\\/?s={search_term_string}\"},\"query-input\":{\"@type\":\"PropertyValueSpecification\",\"valueRequired\":true,\"valueName\":\"search_term_string\"}}],\"inLanguage\":\"fr-FR\"},{\"@type\":\"Organization\",\"@id\":\"https:\\\/\\\/www.sophim.com\\\/fr\\\/#organization\",\"name\":\"Sophim\",\"url\":\"https:\\\/\\\/www.sophim.com\\\/fr\\\/\",\"logo\":{\"@type\":\"ImageObject\",\"inLanguage\":\"fr-FR\",\"@id\":\"https:\\\/\\\/www.sophim.com\\\/fr\\\/#\\\/schema\\\/logo\\\/image\\\/\",\"url\":\"https:\\\/\\\/www.sophim.com\\\/wp-content\\\/uploads\\\/2019\\\/01\\\/sophim_logo.png\",\"contentUrl\":\"https:\\\/\\\/www.sophim.com\\\/wp-content\\\/uploads\\\/2019\\\/01\\\/sophim_logo.png\",\"width\":327,\"height\":156,\"caption\":\"Sophim\"},\"image\":{\"@id\":\"https:\\\/\\\/www.sophim.com\\\/fr\\\/#\\\/schema\\\/logo\\\/image\\\/\"}}]}<\/script>\n<!-- \/ Yoast SEO plugin. -->","yoast_head_json":{"title":"Mentions l\u00e9gales - SOPHIM fournisseur ingr\u00e9dient cosm\u00e9tique","robots":{"index":"index","follow":"follow","max-snippet":"max-snippet:-1","max-image-preview":"max-image-preview:large","max-video-preview":"max-video-preview:-1"},"canonical":"https:\/\/www.sophim.com\/fr\/mentions-legales\/","og_locale":"fr_FR","og_type":"article","og_title":"Mentions l\u00e9gales - SOPHIM fournisseur ingr\u00e9dient cosm\u00e9tique","og_description":"I. Identification SOPHIM S.A.S Soci\u00e9t\u00e9 \u00e0 Actions Simplifi\u00e9es Si\u00e8ge Social : SOPHIM Parc de la Cassine, Avenue Pierre Gilles de Gennes 04310 Peyruis France Tel\u00a0: +33492331717 SIRET\u00a0: 33802624800033 N\u00b0 TVA intracommunautaire\u00a0: FR16338026248 Directeur de la Publication : Monsieur Alexis Margnat H\u00e9bergement par La Fabrique Orange Business Services SA 29 rue Servan, 38 000 GRENOBLE T\u00e9l. [&hellip;]","og_url":"https:\/\/www.sophim.com\/fr\/mentions-legales\/","og_site_name":"SOPHIM fournisseur ingr\u00e9dient cosm\u00e9tique","article_modified_time":"2026-01-05T08:04:01+00:00","og_image":[{"width":1679,"height":498,"url":"https:\/\/www.sophim.com\/wp-content\/uploads\/2020\/08\/1679x498_phytoswax_sophim_Plan-de-travail-1.jpg","type":"image\/jpeg"}],"twitter_card":"summary_large_image","twitter_misc":{"Dur\u00e9e de lecture estim\u00e9e":"5 minutes"},"schema":{"@context":"https:\/\/schema.org","@graph":[{"@type":"WebPage","@id":"https:\/\/www.sophim.com\/fr\/mentions-legales\/","url":"https:\/\/www.sophim.com\/fr\/mentions-legales\/","name":"Mentions l\u00e9gales - SOPHIM fournisseur ingr\u00e9dient cosm\u00e9tique","isPartOf":{"@id":"https:\/\/www.sophim.com\/fr\/#website"},"primaryImageOfPage":{"@id":"https:\/\/www.sophim.com\/fr\/mentions-legales\/#primaryimage"},"image":{"@id":"https:\/\/www.sophim.com\/fr\/mentions-legales\/#primaryimage"},"thumbnailUrl":"https:\/\/www.sophim.com\/wp-content\/uploads\/2020\/08\/1679x498_phytoswax_sophim_Plan-de-travail-1.jpg","datePublished":"2019-01-23T09:40:44+00:00","dateModified":"2026-01-05T08:04:01+00:00","breadcrumb":{"@id":"https:\/\/www.sophim.com\/fr\/mentions-legales\/#breadcrumb"},"inLanguage":"fr-FR","potentialAction":[{"@type":"ReadAction","target":["https:\/\/www.sophim.com\/fr\/mentions-legales\/"]}]},{"@type":"ImageObject","inLanguage":"fr-FR","@id":"https:\/\/www.sophim.com\/fr\/mentions-legales\/#primaryimage","url":"https:\/\/www.sophim.com\/wp-content\/uploads\/2020\/08\/1679x498_phytoswax_sophim_Plan-de-travail-1.jpg","contentUrl":"https:\/\/www.sophim.com\/wp-content\/uploads\/2020\/08\/1679x498_phytoswax_sophim_Plan-de-travail-1.jpg","width":1679,"height":498},{"@type":"BreadcrumbList","@id":"https:\/\/www.sophim.com\/fr\/mentions-legales\/#breadcrumb","itemListElement":[{"@type":"ListItem","position":1,"name":"Home","item":"https:\/\/www.sophim.com\/fr\/"},{"@type":"ListItem","position":2,"name":"Mentions l\u00e9gales"}]},{"@type":"WebSite","@id":"https:\/\/www.sophim.com\/fr\/#website","url":"https:\/\/www.sophim.com\/fr\/","name":"SOPHIM fournisseur ingr\u00e9dient cosm\u00e9tique","description":"Sophim est un fabricant d&#039;ingr\u00e9dients cosm\u00e9tiques naturels","publisher":{"@id":"https:\/\/www.sophim.com\/fr\/#organization"},"potentialAction":[{"@type":"SearchAction","target":{"@type":"EntryPoint","urlTemplate":"https:\/\/www.sophim.com\/fr\/?s={search_term_string}"},"query-input":{"@type":"PropertyValueSpecification","valueRequired":true,"valueName":"search_term_string"}}],"inLanguage":"fr-FR"},{"@type":"Organization","@id":"https:\/\/www.sophim.com\/fr\/#organization","name":"Sophim","url":"https:\/\/www.sophim.com\/fr\/","logo":{"@type":"ImageObject","inLanguage":"fr-FR","@id":"https:\/\/www.sophim.com\/fr\/#\/schema\/logo\/image\/","url":"https:\/\/www.sophim.com\/wp-content\/uploads\/2019\/01\/sophim_logo.png","contentUrl":"https:\/\/www.sophim.com\/wp-content\/uploads\/2019\/01\/sophim_logo.png","width":327,"height":156,"caption":"Sophim"},"image":{"@id":"https:\/\/www.sophim.com\/fr\/#\/schema\/logo\/image\/"}}]}},"_links":{"self":[{"href":"https:\/\/www.sophim.com\/fr\/wp-json\/wp\/v2\/pages\/19","targetHints":{"allow":["GET"]}}],"collection":[{"href":"https:\/\/www.sophim.com\/fr\/wp-json\/wp\/v2\/pages"}],"about":[{"href":"https:\/\/www.sophim.com\/fr\/wp-json\/wp\/v2\/types\/page"}],"author":[{"embeddable":true,"href":"https:\/\/www.sophim.com\/fr\/wp-json\/wp\/v2\/users\/23"}],"replies":[{"embeddable":true,"href":"https:\/\/www.sophim.com\/fr\/wp-json\/wp\/v2\/comments?post=19"}],"version-history":[{"count":0,"href":"https:\/\/www.sophim.com\/fr\/wp-json\/wp\/v2\/pages\/19\/revisions"}],"wp:featuredmedia":[{"embeddable":true,"href":"https:\/\/www.sophim.com\/fr\/wp-json\/wp\/v2\/media\/2065"}],"wp:attachment":[{"href":"https:\/\/www.sophim.com\/fr\/wp-json\/wp\/v2\/media?parent=19"}],"curies":[{"name":"wp","href":"https:\/\/api.w.org\/{rel}","templated":true}]}}