{"id":2108,"date":"2020-09-22T16:00:46","date_gmt":"2020-09-22T14:00:46","guid":{"rendered":"https:\/\/www.sophim.com?page_id=2108"},"modified":"2025-05-22T11:15:33","modified_gmt":"2025-05-22T09:15:33","slug":"notre-demarche-durable","status":"publish","type":"page","link":"https:\/\/www.sophim.com\/fr\/notre-demarche-durable\/","title":{"rendered":"Engagements"},"content":{"rendered":"<p>L\u2019olive s\u2019inscrit dans l\u2019histoire de Sophim depuis son commencement. Ingr\u00e9dient cl\u00e9 de la production de <a href=\"https:\/\/www.sophim.com\/fr\/squalane\/\">squalane v\u00e9g\u00e9tal<\/a>, elle est notre mati\u00e8re premi\u00e8re principale depuis plus de 30 ans.<br \/>\nD\u00e9couvrez comment l\u2019olive s\u2019impose comme notre alli\u00e9 pour une fabrication durable d\u2019ingr\u00e9dients cosm\u00e9tiques.<\/p>\n","protected":false},"excerpt":{"rendered":"<p>L\u2019olive s\u2019inscrit dans l\u2019histoire de Sophim depuis son commencement. Ingr\u00e9dient cl\u00e9 de la production de squalane v\u00e9g\u00e9tal, elle est notre mati\u00e8re premi\u00e8re principale depuis plus de 30 ans. D\u00e9couvrez comment l\u2019olive s\u2019impose comme notre alli\u00e9 pour une fabrication durable d\u2019ingr\u00e9dients cosm\u00e9tiques.<\/p>\n","protected":false},"author":23,"featured_media":2200,"parent":0,"menu_order":33,"comment_status":"closed","ping_status":"closed","template":"template-categorie.php","meta":{"footnotes":""},"class_list":["post-2108","page","type-page","status-publish","has-post-thumbnail","hentry"],"yoast_head":"<!-- This site is optimized with the Yoast SEO plugin v27.4 - https:\/\/yoast.com\/product\/yoast-seo-wordpress\/ -->\n<title>Cosm\u00e9tique \u00e9co-responsable et d\u00e9veloppement durable - Sophim<\/title>\n<meta name=\"description\" content=\"Sophim, fabricant d\u2019ingr\u00e9dients naturels, s\u2019engage dans une d\u00e9marche durable avec la mati\u00e8re premi\u00e8re qui a accompagn\u00e9 son succ\u00e8s depuis plus de trente ans : l\u2019olive.\" \/>\n<meta name=\"robots\" content=\"index, follow, max-snippet:-1, max-image-preview:large, max-video-preview:-1\" \/>\n<link rel=\"canonical\" href=\"https:\/\/www.sophim.com\/fr\/notre-demarche-durable\/\" \/>\n<meta property=\"og:locale\" content=\"fr_FR\" \/>\n<meta property=\"og:type\" content=\"article\" \/>\n<meta property=\"og:title\" content=\"Cosm\u00e9tique \u00e9co-responsable et d\u00e9veloppement durable - Sophim\" \/>\n<meta property=\"og:description\" content=\"Sophim, fabricant d\u2019ingr\u00e9dients naturels, s\u2019engage dans une d\u00e9marche durable avec la mati\u00e8re premi\u00e8re qui a accompagn\u00e9 son succ\u00e8s depuis plus de trente ans : l\u2019olive.\" \/>\n<meta property=\"og:url\" content=\"https:\/\/www.sophim.com\/fr\/notre-demarche-durable\/\" \/>\n<meta property=\"og:site_name\" content=\"SOPHIM fournisseur ingr\u00e9dient cosm\u00e9tique\" \/>\n<meta property=\"article:modified_time\" content=\"2025-05-22T09:15:33+00:00\" \/>\n<meta property=\"og:image\" content=\"https:\/\/www.sophim.com\/wp-content\/uploads\/2020\/09\/Engagement.jpg\" \/>\n\t<meta property=\"og:image:width\" content=\"1800\" \/>\n\t<meta property=\"og:image:height\" content=\"611\" \/>\n\t<meta property=\"og:image:type\" content=\"image\/jpeg\" \/>\n<meta name=\"twitter:card\" content=\"summary_large_image\" \/>\n<meta name=\"twitter:label1\" content=\"Dur\u00e9e de lecture estim\u00e9e\" \/>\n\t<meta name=\"twitter:data1\" content=\"1 minute\" \/>\n<script type=\"application\/ld+json\" class=\"yoast-schema-graph\">{\"@context\":\"https:\\\/\\\/schema.org\",\"@graph\":[{\"@type\":\"WebPage\",\"@id\":\"https:\\\/\\\/www.sophim.com\\\/fr\\\/notre-demarche-durable\\\/\",\"url\":\"https:\\\/\\\/www.sophim.com\\\/fr\\\/notre-demarche-durable\\\/\",\"name\":\"Cosm\u00e9tique \u00e9co-responsable et d\u00e9veloppement durable - Sophim\",\"isPartOf\":{\"@id\":\"https:\\\/\\\/www.sophim.com\\\/fr\\\/#website\"},\"primaryImageOfPage\":{\"@id\":\"https:\\\/\\\/www.sophim.com\\\/fr\\\/notre-demarche-durable\\\/#primaryimage\"},\"image\":{\"@id\":\"https:\\\/\\\/www.sophim.com\\\/fr\\\/notre-demarche-durable\\\/#primaryimage\"},\"thumbnailUrl\":\"https:\\\/\\\/www.sophim.com\\\/wp-content\\\/uploads\\\/2020\\\/09\\\/Engagement.jpg\",\"datePublished\":\"2020-09-22T14:00:46+00:00\",\"dateModified\":\"2025-05-22T09:15:33+00:00\",\"description\":\"Sophim, fabricant d\u2019ingr\u00e9dients naturels, s\u2019engage dans une d\u00e9marche durable avec la mati\u00e8re premi\u00e8re qui a accompagn\u00e9 son succ\u00e8s depuis plus de trente ans : l\u2019olive.\",\"breadcrumb\":{\"@id\":\"https:\\\/\\\/www.sophim.com\\\/fr\\\/notre-demarche-durable\\\/#breadcrumb\"},\"inLanguage\":\"fr-FR\",\"potentialAction\":[{\"@type\":\"ReadAction\",\"target\":[\"https:\\\/\\\/www.sophim.com\\\/fr\\\/notre-demarche-durable\\\/\"]}]},{\"@type\":\"ImageObject\",\"inLanguage\":\"fr-FR\",\"@id\":\"https:\\\/\\\/www.sophim.com\\\/fr\\\/notre-demarche-durable\\\/#primaryimage\",\"url\":\"https:\\\/\\\/www.sophim.com\\\/wp-content\\\/uploads\\\/2020\\\/09\\\/Engagement.jpg\",\"contentUrl\":\"https:\\\/\\\/www.sophim.com\\\/wp-content\\\/uploads\\\/2020\\\/09\\\/Engagement.jpg\",\"width\":1800,\"height\":611},{\"@type\":\"BreadcrumbList\",\"@id\":\"https:\\\/\\\/www.sophim.com\\\/fr\\\/notre-demarche-durable\\\/#breadcrumb\",\"itemListElement\":[{\"@type\":\"ListItem\",\"position\":1,\"name\":\"Home\",\"item\":\"https:\\\/\\\/www.sophim.com\\\/fr\\\/\"},{\"@type\":\"ListItem\",\"position\":2,\"name\":\"Engagements\"}]},{\"@type\":\"WebSite\",\"@id\":\"https:\\\/\\\/www.sophim.com\\\/fr\\\/#website\",\"url\":\"https:\\\/\\\/www.sophim.com\\\/fr\\\/\",\"name\":\"SOPHIM fournisseur ingr\u00e9dient cosm\u00e9tique\",\"description\":\"Sophim est un fabricant d&#039;ingr\u00e9dients cosm\u00e9tiques naturels\",\"publisher\":{\"@id\":\"https:\\\/\\\/www.sophim.com\\\/fr\\\/#organization\"},\"potentialAction\":[{\"@type\":\"SearchAction\",\"target\":{\"@type\":\"EntryPoint\",\"urlTemplate\":\"https:\\\/\\\/www.sophim.com\\\/fr\\\/?s={search_term_string}\"},\"query-input\":{\"@type\":\"PropertyValueSpecification\",\"valueRequired\":true,\"valueName\":\"search_term_string\"}}],\"inLanguage\":\"fr-FR\"},{\"@type\":\"Organization\",\"@id\":\"https:\\\/\\\/www.sophim.com\\\/fr\\\/#organization\",\"name\":\"Sophim\",\"url\":\"https:\\\/\\\/www.sophim.com\\\/fr\\\/\",\"logo\":{\"@type\":\"ImageObject\",\"inLanguage\":\"fr-FR\",\"@id\":\"https:\\\/\\\/www.sophim.com\\\/fr\\\/#\\\/schema\\\/logo\\\/image\\\/\",\"url\":\"https:\\\/\\\/www.sophim.com\\\/wp-content\\\/uploads\\\/2019\\\/01\\\/sophim_logo.png\",\"contentUrl\":\"https:\\\/\\\/www.sophim.com\\\/wp-content\\\/uploads\\\/2019\\\/01\\\/sophim_logo.png\",\"width\":327,\"height\":156,\"caption\":\"Sophim\"},\"image\":{\"@id\":\"https:\\\/\\\/www.sophim.com\\\/fr\\\/#\\\/schema\\\/logo\\\/image\\\/\"}}]}<\/script>\n<!-- \/ Yoast SEO plugin. -->","yoast_head_json":{"title":"Cosm\u00e9tique \u00e9co-responsable et d\u00e9veloppement durable - Sophim","description":"Sophim, fabricant d\u2019ingr\u00e9dients naturels, s\u2019engage dans une d\u00e9marche durable avec la mati\u00e8re premi\u00e8re qui a accompagn\u00e9 son succ\u00e8s depuis plus de trente ans : l\u2019olive.","robots":{"index":"index","follow":"follow","max-snippet":"max-snippet:-1","max-image-preview":"max-image-preview:large","max-video-preview":"max-video-preview:-1"},"canonical":"https:\/\/www.sophim.com\/fr\/notre-demarche-durable\/","og_locale":"fr_FR","og_type":"article","og_title":"Cosm\u00e9tique \u00e9co-responsable et d\u00e9veloppement durable - Sophim","og_description":"Sophim, fabricant d\u2019ingr\u00e9dients naturels, s\u2019engage dans une d\u00e9marche durable avec la mati\u00e8re premi\u00e8re qui a accompagn\u00e9 son succ\u00e8s depuis plus de trente ans : l\u2019olive.","og_url":"https:\/\/www.sophim.com\/fr\/notre-demarche-durable\/","og_site_name":"SOPHIM fournisseur ingr\u00e9dient cosm\u00e9tique","article_modified_time":"2025-05-22T09:15:33+00:00","og_image":[{"width":1800,"height":611,"url":"https:\/\/www.sophim.com\/wp-content\/uploads\/2020\/09\/Engagement.jpg","type":"image\/jpeg"}],"twitter_card":"summary_large_image","twitter_misc":{"Dur\u00e9e de lecture estim\u00e9e":"1 minute"},"schema":{"@context":"https:\/\/schema.org","@graph":[{"@type":"WebPage","@id":"https:\/\/www.sophim.com\/fr\/notre-demarche-durable\/","url":"https:\/\/www.sophim.com\/fr\/notre-demarche-durable\/","name":"Cosm\u00e9tique \u00e9co-responsable et d\u00e9veloppement durable - Sophim","isPartOf":{"@id":"https:\/\/www.sophim.com\/fr\/#website"},"primaryImageOfPage":{"@id":"https:\/\/www.sophim.com\/fr\/notre-demarche-durable\/#primaryimage"},"image":{"@id":"https:\/\/www.sophim.com\/fr\/notre-demarche-durable\/#primaryimage"},"thumbnailUrl":"https:\/\/www.sophim.com\/wp-content\/uploads\/2020\/09\/Engagement.jpg","datePublished":"2020-09-22T14:00:46+00:00","dateModified":"2025-05-22T09:15:33+00:00","description":"Sophim, fabricant d\u2019ingr\u00e9dients naturels, s\u2019engage dans une d\u00e9marche durable avec la mati\u00e8re premi\u00e8re qui a accompagn\u00e9 son succ\u00e8s depuis plus de trente ans : l\u2019olive.","breadcrumb":{"@id":"https:\/\/www.sophim.com\/fr\/notre-demarche-durable\/#breadcrumb"},"inLanguage":"fr-FR","potentialAction":[{"@type":"ReadAction","target":["https:\/\/www.sophim.com\/fr\/notre-demarche-durable\/"]}]},{"@type":"ImageObject","inLanguage":"fr-FR","@id":"https:\/\/www.sophim.com\/fr\/notre-demarche-durable\/#primaryimage","url":"https:\/\/www.sophim.com\/wp-content\/uploads\/2020\/09\/Engagement.jpg","contentUrl":"https:\/\/www.sophim.com\/wp-content\/uploads\/2020\/09\/Engagement.jpg","width":1800,"height":611},{"@type":"BreadcrumbList","@id":"https:\/\/www.sophim.com\/fr\/notre-demarche-durable\/#breadcrumb","itemListElement":[{"@type":"ListItem","position":1,"name":"Home","item":"https:\/\/www.sophim.com\/fr\/"},{"@type":"ListItem","position":2,"name":"Engagements"}]},{"@type":"WebSite","@id":"https:\/\/www.sophim.com\/fr\/#website","url":"https:\/\/www.sophim.com\/fr\/","name":"SOPHIM fournisseur ingr\u00e9dient cosm\u00e9tique","description":"Sophim est un fabricant d&#039;ingr\u00e9dients cosm\u00e9tiques naturels","publisher":{"@id":"https:\/\/www.sophim.com\/fr\/#organization"},"potentialAction":[{"@type":"SearchAction","target":{"@type":"EntryPoint","urlTemplate":"https:\/\/www.sophim.com\/fr\/?s={search_term_string}"},"query-input":{"@type":"PropertyValueSpecification","valueRequired":true,"valueName":"search_term_string"}}],"inLanguage":"fr-FR"},{"@type":"Organization","@id":"https:\/\/www.sophim.com\/fr\/#organization","name":"Sophim","url":"https:\/\/www.sophim.com\/fr\/","logo":{"@type":"ImageObject","inLanguage":"fr-FR","@id":"https:\/\/www.sophim.com\/fr\/#\/schema\/logo\/image\/","url":"https:\/\/www.sophim.com\/wp-content\/uploads\/2019\/01\/sophim_logo.png","contentUrl":"https:\/\/www.sophim.com\/wp-content\/uploads\/2019\/01\/sophim_logo.png","width":327,"height":156,"caption":"Sophim"},"image":{"@id":"https:\/\/www.sophim.com\/fr\/#\/schema\/logo\/image\/"}}]}},"_links":{"self":[{"href":"https:\/\/www.sophim.com\/fr\/wp-json\/wp\/v2\/pages\/2108","targetHints":{"allow":["GET"]}}],"collection":[{"href":"https:\/\/www.sophim.com\/fr\/wp-json\/wp\/v2\/pages"}],"about":[{"href":"https:\/\/www.sophim.com\/fr\/wp-json\/wp\/v2\/types\/page"}],"author":[{"embeddable":true,"href":"https:\/\/www.sophim.com\/fr\/wp-json\/wp\/v2\/users\/23"}],"replies":[{"embeddable":true,"href":"https:\/\/www.sophim.com\/fr\/wp-json\/wp\/v2\/comments?post=2108"}],"version-history":[{"count":0,"href":"https:\/\/www.sophim.com\/fr\/wp-json\/wp\/v2\/pages\/2108\/revisions"}],"wp:featuredmedia":[{"embeddable":true,"href":"https:\/\/www.sophim.com\/fr\/wp-json\/wp\/v2\/media\/2200"}],"wp:attachment":[{"href":"https:\/\/www.sophim.com\/fr\/wp-json\/wp\/v2\/media?parent=2108"}],"curies":[{"name":"wp","href":"https:\/\/api.w.org\/{rel}","templated":true}]}}