{"id":23,"date":"2019-01-23T10:41:07","date_gmt":"2019-01-23T09:41:07","guid":{"rendered":"http:\/\/sophim.com\/?page_id=23"},"modified":"2025-04-18T16:16:57","modified_gmt":"2025-04-18T14:16:57","slug":"emollient","status":"publish","type":"page","link":"https:\/\/www.sophim.com\/fr\/emollient\/","title":{"rendered":"Emollient"},"content":{"rendered":"<p><strong>Les \u00e9mollients ont un r\u00f4le pr\u00e9pond\u00e9rant dans le d\u00e9veloppement des formules cosm\u00e9tiques, puisqu\u2019ils agissent directement sur la sensorialit\u00e9 du produit fini.\u00a0Ils sont des ingr\u00e9dients fonctionnels qui apportent souplesse, \u00e9lasticit\u00e9 et douceur \u00e0 la peau.<\/strong><\/p>\n<p>Extraire le meilleur de la Nature et le mettre au service des formulations cosm\u00e9tiques, tel est le c\u0153ur de notre mission. Fabricant d\u2019\u00e9mollients, nous avons d\u00e9velopp\u00e9 une expertise dans la technologie des corps gras qui nous permet de vous proposer des \u00e9mollients d\u2019origine naturelle, pr\u00e9sentant des propri\u00e9t\u00e9s sensorielles uniques.<\/p>\n","protected":false},"excerpt":{"rendered":"<p>Les \u00e9mollients ont un r\u00f4le pr\u00e9pond\u00e9rant dans le d\u00e9veloppement des formules cosm\u00e9tiques, puisqu\u2019ils agissent directement sur la sensorialit\u00e9 du produit fini.\u00a0Ils sont des ingr\u00e9dients fonctionnels qui apportent souplesse, \u00e9lasticit\u00e9 et douceur \u00e0 la peau. Extraire le meilleur de la Nature et le mettre au service des formulations cosm\u00e9tiques, tel est le c\u0153ur de notre mission. [&hellip;]<\/p>\n","protected":false},"author":23,"featured_media":2060,"parent":0,"menu_order":96,"comment_status":"closed","ping_status":"closed","template":"template-categorie.php","meta":{"footnotes":""},"class_list":["post-23","page","type-page","status-publish","has-post-thumbnail","hentry"],"yoast_head":"<!-- This site is optimized with the Yoast SEO plugin v27.4 - https:\/\/yoast.com\/product\/yoast-seo-wordpress\/ -->\n<title>Emollients naturels pour fabrication de cosm\u00e9tique | SOPHIM<\/title>\n<meta name=\"description\" content=\"SOPHIM collabore avec les grands noms de la Cosm\u00e9tique afin de proposer des \u00e9mollients aux propri\u00e9t\u00e9s sensorielles uniques pour diverses applications cosm\u00e9tiques.\" \/>\n<meta name=\"robots\" content=\"index, follow, max-snippet:-1, max-image-preview:large, max-video-preview:-1\" \/>\n<link rel=\"canonical\" href=\"https:\/\/www.sophim.com\/fr\/emollient\/\" \/>\n<meta property=\"og:locale\" content=\"fr_FR\" \/>\n<meta property=\"og:type\" content=\"article\" \/>\n<meta property=\"og:title\" content=\"Emollients naturels pour fabrication de cosm\u00e9tique | SOPHIM\" \/>\n<meta property=\"og:description\" content=\"SOPHIM collabore avec les grands noms de la Cosm\u00e9tique afin de proposer des \u00e9mollients aux propri\u00e9t\u00e9s sensorielles uniques pour diverses applications cosm\u00e9tiques.\" \/>\n<meta property=\"og:url\" content=\"https:\/\/www.sophim.com\/fr\/emollient\/\" \/>\n<meta property=\"og:site_name\" content=\"SOPHIM fournisseur ingr\u00e9dient cosm\u00e9tique\" \/>\n<meta property=\"article:modified_time\" content=\"2025-04-18T14:16:57+00:00\" \/>\n<meta property=\"og:image\" content=\"https:\/\/www.sophim.com\/wp-content\/uploads\/2020\/08\/1679x498_emoliant_sophim-1024x304.jpg\" \/>\n\t<meta property=\"og:image:width\" content=\"1024\" \/>\n\t<meta property=\"og:image:height\" content=\"304\" \/>\n\t<meta property=\"og:image:type\" content=\"image\/jpeg\" \/>\n<meta name=\"twitter:card\" content=\"summary_large_image\" \/>\n<meta name=\"twitter:label1\" content=\"Dur\u00e9e de lecture estim\u00e9e\" \/>\n\t<meta name=\"twitter:data1\" content=\"1 minute\" \/>\n<script type=\"application\/ld+json\" class=\"yoast-schema-graph\">{\"@context\":\"https:\\\/\\\/schema.org\",\"@graph\":[{\"@type\":\"WebPage\",\"@id\":\"https:\\\/\\\/www.sophim.com\\\/fr\\\/emollient\\\/\",\"url\":\"https:\\\/\\\/www.sophim.com\\\/fr\\\/emollient\\\/\",\"name\":\"Emollients naturels pour fabrication de cosm\u00e9tique | SOPHIM\",\"isPartOf\":{\"@id\":\"https:\\\/\\\/www.sophim.com\\\/fr\\\/#website\"},\"primaryImageOfPage\":{\"@id\":\"https:\\\/\\\/www.sophim.com\\\/fr\\\/emollient\\\/#primaryimage\"},\"image\":{\"@id\":\"https:\\\/\\\/www.sophim.com\\\/fr\\\/emollient\\\/#primaryimage\"},\"thumbnailUrl\":\"https:\\\/\\\/www.sophim.com\\\/wp-content\\\/uploads\\\/2020\\\/08\\\/1679x498_emoliant_sophim-1024x304.jpg\",\"datePublished\":\"2019-01-23T09:41:07+00:00\",\"dateModified\":\"2025-04-18T14:16:57+00:00\",\"description\":\"SOPHIM collabore avec les grands noms de la Cosm\u00e9tique afin de proposer des \u00e9mollients aux propri\u00e9t\u00e9s sensorielles uniques pour diverses applications cosm\u00e9tiques.\",\"breadcrumb\":{\"@id\":\"https:\\\/\\\/www.sophim.com\\\/fr\\\/emollient\\\/#breadcrumb\"},\"inLanguage\":\"fr-FR\",\"potentialAction\":[{\"@type\":\"ReadAction\",\"target\":[\"https:\\\/\\\/www.sophim.com\\\/fr\\\/emollient\\\/\"]}]},{\"@type\":\"ImageObject\",\"inLanguage\":\"fr-FR\",\"@id\":\"https:\\\/\\\/www.sophim.com\\\/fr\\\/emollient\\\/#primaryimage\",\"url\":\"https:\\\/\\\/www.sophim.com\\\/wp-content\\\/uploads\\\/2020\\\/08\\\/1679x498_emoliant_sophim-1024x304.jpg\",\"contentUrl\":\"https:\\\/\\\/www.sophim.com\\\/wp-content\\\/uploads\\\/2020\\\/08\\\/1679x498_emoliant_sophim-1024x304.jpg\",\"width\":1024,\"height\":304},{\"@type\":\"BreadcrumbList\",\"@id\":\"https:\\\/\\\/www.sophim.com\\\/fr\\\/emollient\\\/#breadcrumb\",\"itemListElement\":[{\"@type\":\"ListItem\",\"position\":1,\"name\":\"Home\",\"item\":\"https:\\\/\\\/www.sophim.com\\\/fr\\\/\"},{\"@type\":\"ListItem\",\"position\":2,\"name\":\"Emollient\"}]},{\"@type\":\"WebSite\",\"@id\":\"https:\\\/\\\/www.sophim.com\\\/fr\\\/#website\",\"url\":\"https:\\\/\\\/www.sophim.com\\\/fr\\\/\",\"name\":\"SOPHIM fournisseur ingr\u00e9dient cosm\u00e9tique\",\"description\":\"Sophim est un fabricant d&#039;ingr\u00e9dients cosm\u00e9tiques naturels\",\"publisher\":{\"@id\":\"https:\\\/\\\/www.sophim.com\\\/fr\\\/#organization\"},\"potentialAction\":[{\"@type\":\"SearchAction\",\"target\":{\"@type\":\"EntryPoint\",\"urlTemplate\":\"https:\\\/\\\/www.sophim.com\\\/fr\\\/?s={search_term_string}\"},\"query-input\":{\"@type\":\"PropertyValueSpecification\",\"valueRequired\":true,\"valueName\":\"search_term_string\"}}],\"inLanguage\":\"fr-FR\"},{\"@type\":\"Organization\",\"@id\":\"https:\\\/\\\/www.sophim.com\\\/fr\\\/#organization\",\"name\":\"Sophim\",\"url\":\"https:\\\/\\\/www.sophim.com\\\/fr\\\/\",\"logo\":{\"@type\":\"ImageObject\",\"inLanguage\":\"fr-FR\",\"@id\":\"https:\\\/\\\/www.sophim.com\\\/fr\\\/#\\\/schema\\\/logo\\\/image\\\/\",\"url\":\"https:\\\/\\\/www.sophim.com\\\/wp-content\\\/uploads\\\/2019\\\/01\\\/sophim_logo.png\",\"contentUrl\":\"https:\\\/\\\/www.sophim.com\\\/wp-content\\\/uploads\\\/2019\\\/01\\\/sophim_logo.png\",\"width\":327,\"height\":156,\"caption\":\"Sophim\"},\"image\":{\"@id\":\"https:\\\/\\\/www.sophim.com\\\/fr\\\/#\\\/schema\\\/logo\\\/image\\\/\"}}]}<\/script>\n<!-- \/ Yoast SEO plugin. -->","yoast_head_json":{"title":"Emollients naturels pour fabrication de cosm\u00e9tique | SOPHIM","description":"SOPHIM collabore avec les grands noms de la Cosm\u00e9tique afin de proposer des \u00e9mollients aux propri\u00e9t\u00e9s sensorielles uniques pour diverses applications cosm\u00e9tiques.","robots":{"index":"index","follow":"follow","max-snippet":"max-snippet:-1","max-image-preview":"max-image-preview:large","max-video-preview":"max-video-preview:-1"},"canonical":"https:\/\/www.sophim.com\/fr\/emollient\/","og_locale":"fr_FR","og_type":"article","og_title":"Emollients naturels pour fabrication de cosm\u00e9tique | SOPHIM","og_description":"SOPHIM collabore avec les grands noms de la Cosm\u00e9tique afin de proposer des \u00e9mollients aux propri\u00e9t\u00e9s sensorielles uniques pour diverses applications cosm\u00e9tiques.","og_url":"https:\/\/www.sophim.com\/fr\/emollient\/","og_site_name":"SOPHIM fournisseur ingr\u00e9dient cosm\u00e9tique","article_modified_time":"2025-04-18T14:16:57+00:00","og_image":[{"width":1024,"height":304,"url":"https:\/\/www.sophim.com\/wp-content\/uploads\/2020\/08\/1679x498_emoliant_sophim-1024x304.jpg","type":"image\/jpeg"}],"twitter_card":"summary_large_image","twitter_misc":{"Dur\u00e9e de lecture estim\u00e9e":"1 minute"},"schema":{"@context":"https:\/\/schema.org","@graph":[{"@type":"WebPage","@id":"https:\/\/www.sophim.com\/fr\/emollient\/","url":"https:\/\/www.sophim.com\/fr\/emollient\/","name":"Emollients naturels pour fabrication de cosm\u00e9tique | SOPHIM","isPartOf":{"@id":"https:\/\/www.sophim.com\/fr\/#website"},"primaryImageOfPage":{"@id":"https:\/\/www.sophim.com\/fr\/emollient\/#primaryimage"},"image":{"@id":"https:\/\/www.sophim.com\/fr\/emollient\/#primaryimage"},"thumbnailUrl":"https:\/\/www.sophim.com\/wp-content\/uploads\/2020\/08\/1679x498_emoliant_sophim-1024x304.jpg","datePublished":"2019-01-23T09:41:07+00:00","dateModified":"2025-04-18T14:16:57+00:00","description":"SOPHIM collabore avec les grands noms de la Cosm\u00e9tique afin de proposer des \u00e9mollients aux propri\u00e9t\u00e9s sensorielles uniques pour diverses applications cosm\u00e9tiques.","breadcrumb":{"@id":"https:\/\/www.sophim.com\/fr\/emollient\/#breadcrumb"},"inLanguage":"fr-FR","potentialAction":[{"@type":"ReadAction","target":["https:\/\/www.sophim.com\/fr\/emollient\/"]}]},{"@type":"ImageObject","inLanguage":"fr-FR","@id":"https:\/\/www.sophim.com\/fr\/emollient\/#primaryimage","url":"https:\/\/www.sophim.com\/wp-content\/uploads\/2020\/08\/1679x498_emoliant_sophim-1024x304.jpg","contentUrl":"https:\/\/www.sophim.com\/wp-content\/uploads\/2020\/08\/1679x498_emoliant_sophim-1024x304.jpg","width":1024,"height":304},{"@type":"BreadcrumbList","@id":"https:\/\/www.sophim.com\/fr\/emollient\/#breadcrumb","itemListElement":[{"@type":"ListItem","position":1,"name":"Home","item":"https:\/\/www.sophim.com\/fr\/"},{"@type":"ListItem","position":2,"name":"Emollient"}]},{"@type":"WebSite","@id":"https:\/\/www.sophim.com\/fr\/#website","url":"https:\/\/www.sophim.com\/fr\/","name":"SOPHIM fournisseur ingr\u00e9dient cosm\u00e9tique","description":"Sophim est un fabricant d&#039;ingr\u00e9dients cosm\u00e9tiques naturels","publisher":{"@id":"https:\/\/www.sophim.com\/fr\/#organization"},"potentialAction":[{"@type":"SearchAction","target":{"@type":"EntryPoint","urlTemplate":"https:\/\/www.sophim.com\/fr\/?s={search_term_string}"},"query-input":{"@type":"PropertyValueSpecification","valueRequired":true,"valueName":"search_term_string"}}],"inLanguage":"fr-FR"},{"@type":"Organization","@id":"https:\/\/www.sophim.com\/fr\/#organization","name":"Sophim","url":"https:\/\/www.sophim.com\/fr\/","logo":{"@type":"ImageObject","inLanguage":"fr-FR","@id":"https:\/\/www.sophim.com\/fr\/#\/schema\/logo\/image\/","url":"https:\/\/www.sophim.com\/wp-content\/uploads\/2019\/01\/sophim_logo.png","contentUrl":"https:\/\/www.sophim.com\/wp-content\/uploads\/2019\/01\/sophim_logo.png","width":327,"height":156,"caption":"Sophim"},"image":{"@id":"https:\/\/www.sophim.com\/fr\/#\/schema\/logo\/image\/"}}]}},"_links":{"self":[{"href":"https:\/\/www.sophim.com\/fr\/wp-json\/wp\/v2\/pages\/23","targetHints":{"allow":["GET"]}}],"collection":[{"href":"https:\/\/www.sophim.com\/fr\/wp-json\/wp\/v2\/pages"}],"about":[{"href":"https:\/\/www.sophim.com\/fr\/wp-json\/wp\/v2\/types\/page"}],"author":[{"embeddable":true,"href":"https:\/\/www.sophim.com\/fr\/wp-json\/wp\/v2\/users\/23"}],"replies":[{"embeddable":true,"href":"https:\/\/www.sophim.com\/fr\/wp-json\/wp\/v2\/comments?post=23"}],"version-history":[{"count":0,"href":"https:\/\/www.sophim.com\/fr\/wp-json\/wp\/v2\/pages\/23\/revisions"}],"wp:featuredmedia":[{"embeddable":true,"href":"https:\/\/www.sophim.com\/fr\/wp-json\/wp\/v2\/media\/2060"}],"wp:attachment":[{"href":"https:\/\/www.sophim.com\/fr\/wp-json\/wp\/v2\/media?parent=23"}],"curies":[{"name":"wp","href":"https:\/\/api.w.org\/{rel}","templated":true}]}}