{"id":264,"date":"2019-05-31T11:57:26","date_gmt":"2019-05-31T09:57:26","guid":{"rendered":"https:\/\/www.sophim.com?page_id=264"},"modified":"2019-09-10T17:34:48","modified_gmt":"2019-09-10T15:34:48","slug":"ingredient-non-comedogene","status":"publish","type":"page","link":"https:\/\/www.sophim.com\/fr\/ingredient-non-comedogene\/","title":{"rendered":"Non com\u00e9dog\u00e8ne : liste de nos ingr\u00e9dients cosm\u00e9tiques"},"content":{"rendered":"<p><span style=\"font-family: Arial, serif;\">Le d\u00e9veloppement de toute formulation cosm\u00e9tique se doit d\u2019\u00e9valuer le pouvoir com\u00e9dog\u00e8ne de la formule, et par l\u00e0 m\u00eame celui des ingr\u00e9dients la composant. <\/span><span style=\"font-family: Arial, serif;\">L\u2019indice de com\u00e9dog\u00e9nicit\u00e9 se mesure sur une \u00e9chelle de 1\u00e0 5.<\/span><\/p>\n<p class=\"western\"><a name=\"_GoBack\"><\/a> <span style=\"font-family: Arial, serif;\">Un agent occlusif forme comme un film \u00e9tanche sur la peau. Il trouve ainsi son utilit\u00e9 dans les formulations cosm\u00e9tiques pour pr\u00e9server l\u2019hydratation de l\u2019\u00e9piderme puisqu\u2019il retient l\u2019eau \u00e0 la surface de la peau. Int\u00e9ressant pour les peaux s\u00e8ches ou en cas d\u2019exposition \u00e0 des facteurs ext\u00e9rieurs pouvant perturber l\u2019\u00e9quilibre hydrolipidique.\u00a0<\/span><span style=\"font-family: Arial, serif;\">Mais ce faisant, <\/span><span style=\"color: #212529;\"><span style=\"font-family: Arial, serif;\">l\u2019occlusion peut aussi contribuer \u00e0 obstruer les pores, emp\u00eachant la bonne \u00e9vacuation du s\u00e9bum. <\/span><\/span><\/p>\n<p class=\"western\"><span style=\"font-family: Arial, serif;\">Les peaux mixtes grasses, \u00e0 imperfections, seront tr\u00e8s sensibles au pouvoir com\u00e9dog\u00e8ne de la formulation propos\u00e9e\u00a0: une forte com\u00e9dog\u00e9nicit\u00e9 emp\u00eache une bonne \u00e9vacuation du s\u00e9bum et engendre cons\u00e9quemment l\u2019obstruction des pores de la peau, une inflammation des tissus environnants provoquant l\u2019apparition de com\u00e9dons et points noirs ; au contraire les peaux sensibles et peu sujettes aux imperfections supporteront mieux des indices de com\u00e9dog\u00e9nicit\u00e9 \u00e9lev\u00e9s. Plus l\u2019ingr\u00e9dient a un pouvoir occlusif \u00e9lev\u00e9, avec une tendance \u00e0 obstruer les pores de la peau, plus son indice de com\u00e9dog\u00e9nicit\u00e9 sera \u00e9lev\u00e9. <\/span><\/p>\n<p class=\"western\"><span style=\"font-family: Arial, serif;\">Les ingr\u00e9dients de notre gamme, pr\u00e9sentent des indices de com\u00e9dog\u00e9nicit\u00e9 tr\u00e8s faibles, de par leur composition, qui leur conf\u00e8re des propri\u00e9t\u00e9s non occlusives et une forte affinit\u00e9 avec la peau.\u00a0<\/span><span style=\"font-family: Arial, serif;\">Nos ingr\u00e9dients pourront ainsi convenir \u00e0 des applications tr\u00e8s diverses et notamment les applications de soin du visage. <\/span><\/p>\n<p class=\"western\"><strong><span style=\"font-family: Arial, serif;\">Les ingr\u00e9dients de notre gamme particuli\u00e8rement recommand\u00e9s pour le d\u00e9veloppement de vos formulations pour les peaux \u00e0 tendance grasse ou \u00e0 imperfections\u00a0:<\/span><\/strong><\/p>\n<p class=\"western\"><span style=\"color: #c45911;\"><span style=\"font-family: Arial, serif;\">\u2022 Phytosqualan\u00ae, un \u00e9mollient au pouvoir sensoriel unique<\/span><\/span><\/p>\n<p class=\"western\"><span style=\"color: #c45911;\"><span style=\"font-family: Arial, serif;\">\u2022 Biophytosebum\u00ae, <\/span><\/span><span style=\"font-family: Arial, serif;\">une affinit\u00e9 avec la peau incomparable, pour des touchers velout\u00e9s<\/span><\/p>\n<p class=\"western\"><span style=\"color: #c45911;\"><span style=\"font-family: Arial, serif;\">\u2022 Phytowax\u00ae<\/span><\/span><span style=\"font-family: Arial, serif;\">, une gamme compl\u00e8te de cire naturelles pour des sensations extr\u00eames<\/span><\/p>\n<p class=\"western\"><span style=\"font-family: Arial, serif;\">\u2022 Huiles v\u00e9g\u00e9tales cosm\u00e9tiques, pour nourrir votre peau en profondeur\u00a0: une grande vari\u00e9t\u00e9 d\u2019huiles cosm\u00e9tiques Biologiques pour r\u00e9pondre \u00e0 vos diff\u00e9rents besoins telles que\u00a0:<\/span><\/p>\n<p class=\"western\"><span style=\"color: #c45911;\"><span style=\"font-family: Arial, serif;\">\u2022 Huile d\u2019Avocat, Huile d\u2019Argan<\/span><\/span><span style=\"font-family: Arial, serif;\">, Huile de Baobab, Huile de Cam\u00e9lia, Huile de Chanvre, Huile de Concombre, Huile de Grenade,\u2026..<\/span><\/p>\n","protected":false},"excerpt":{"rendered":"<p>Le d\u00e9veloppement de toute formulation cosm\u00e9tique se doit d\u2019\u00e9valuer le pouvoir com\u00e9dog\u00e8ne de la formule, et par l\u00e0 m\u00eame celui des ingr\u00e9dients la composant. L\u2019indice de com\u00e9dog\u00e9nicit\u00e9 se mesure sur une \u00e9chelle de 1\u00e0 5. Un agent occlusif forme comme un film \u00e9tanche sur la peau. Il trouve ainsi son utilit\u00e9 dans les formulations cosm\u00e9tiques [&hellip;]<\/p>\n","protected":false},"author":23,"featured_media":0,"parent":0,"menu_order":63,"comment_status":"closed","ping_status":"closed","template":"template-no-header.php","meta":{"footnotes":""},"class_list":["post-264","page","type-page","status-publish","hentry"],"yoast_head":"<!-- This site is optimized with the Yoast SEO plugin v27.3 - https:\/\/yoast.com\/product\/yoast-seo-wordpress\/ -->\n<title>Non com\u00e9dog\u00e8ne : liste de nos ingr\u00e9dients cosm\u00e9tiques - Sophim<\/title>\n<meta name=\"description\" content=\"Les produits non com\u00e9dog\u00e8nes sont importants en Cosm\u00e9tique puisqu\u2019ils n\u2019obstruent pas les pores de la peau et r\u00e9duisent ainsi les imperfections.\" \/>\n<meta name=\"robots\" content=\"index, follow, max-snippet:-1, max-image-preview:large, max-video-preview:-1\" \/>\n<link rel=\"canonical\" href=\"https:\/\/www.sophim.com\/fr\/ingredient-non-comedogene\/\" \/>\n<meta property=\"og:locale\" content=\"fr_FR\" \/>\n<meta property=\"og:type\" content=\"article\" \/>\n<meta property=\"og:title\" content=\"Non com\u00e9dog\u00e8ne : liste de nos ingr\u00e9dients cosm\u00e9tiques - Sophim\" \/>\n<meta property=\"og:description\" content=\"Les produits non com\u00e9dog\u00e8nes sont importants en Cosm\u00e9tique puisqu\u2019ils n\u2019obstruent pas les pores de la peau et r\u00e9duisent ainsi les imperfections.\" \/>\n<meta property=\"og:url\" content=\"https:\/\/www.sophim.com\/fr\/ingredient-non-comedogene\/\" \/>\n<meta property=\"og:site_name\" content=\"SOPHIM fournisseur ingr\u00e9dient cosm\u00e9tique\" \/>\n<meta property=\"article:modified_time\" content=\"2019-09-10T15:34:48+00:00\" \/>\n<meta name=\"twitter:card\" content=\"summary_large_image\" \/>\n<meta name=\"twitter:label1\" content=\"Dur\u00e9e de lecture estim\u00e9e\" \/>\n\t<meta name=\"twitter:data1\" content=\"2 minutes\" \/>\n<script type=\"application\/ld+json\" class=\"yoast-schema-graph\">{\"@context\":\"https:\\\/\\\/schema.org\",\"@graph\":[{\"@type\":\"WebPage\",\"@id\":\"https:\\\/\\\/www.sophim.com\\\/fr\\\/ingredient-non-comedogene\\\/\",\"url\":\"https:\\\/\\\/www.sophim.com\\\/fr\\\/ingredient-non-comedogene\\\/\",\"name\":\"Non com\u00e9dog\u00e8ne : liste de nos ingr\u00e9dients cosm\u00e9tiques - Sophim\",\"isPartOf\":{\"@id\":\"https:\\\/\\\/www.sophim.com\\\/fr\\\/#website\"},\"datePublished\":\"2019-05-31T09:57:26+00:00\",\"dateModified\":\"2019-09-10T15:34:48+00:00\",\"description\":\"Les produits non com\u00e9dog\u00e8nes sont importants en Cosm\u00e9tique puisqu\u2019ils n\u2019obstruent pas les pores de la peau et r\u00e9duisent ainsi les imperfections.\",\"breadcrumb\":{\"@id\":\"https:\\\/\\\/www.sophim.com\\\/fr\\\/ingredient-non-comedogene\\\/#breadcrumb\"},\"inLanguage\":\"fr-FR\",\"potentialAction\":[{\"@type\":\"ReadAction\",\"target\":[\"https:\\\/\\\/www.sophim.com\\\/fr\\\/ingredient-non-comedogene\\\/\"]}]},{\"@type\":\"BreadcrumbList\",\"@id\":\"https:\\\/\\\/www.sophim.com\\\/fr\\\/ingredient-non-comedogene\\\/#breadcrumb\",\"itemListElement\":[{\"@type\":\"ListItem\",\"position\":1,\"name\":\"Home\",\"item\":\"https:\\\/\\\/www.sophim.com\\\/fr\\\/\"},{\"@type\":\"ListItem\",\"position\":2,\"name\":\"Non com\u00e9dog\u00e8ne : liste de nos ingr\u00e9dients cosm\u00e9tiques\"}]},{\"@type\":\"WebSite\",\"@id\":\"https:\\\/\\\/www.sophim.com\\\/fr\\\/#website\",\"url\":\"https:\\\/\\\/www.sophim.com\\\/fr\\\/\",\"name\":\"SOPHIM fournisseur ingr\u00e9dient cosm\u00e9tique\",\"description\":\"Sophim est un fabricant d&#039;ingr\u00e9dients cosm\u00e9tiques naturels\",\"publisher\":{\"@id\":\"https:\\\/\\\/www.sophim.com\\\/fr\\\/#organization\"},\"potentialAction\":[{\"@type\":\"SearchAction\",\"target\":{\"@type\":\"EntryPoint\",\"urlTemplate\":\"https:\\\/\\\/www.sophim.com\\\/fr\\\/?s={search_term_string}\"},\"query-input\":{\"@type\":\"PropertyValueSpecification\",\"valueRequired\":true,\"valueName\":\"search_term_string\"}}],\"inLanguage\":\"fr-FR\"},{\"@type\":\"Organization\",\"@id\":\"https:\\\/\\\/www.sophim.com\\\/fr\\\/#organization\",\"name\":\"Sophim\",\"url\":\"https:\\\/\\\/www.sophim.com\\\/fr\\\/\",\"logo\":{\"@type\":\"ImageObject\",\"inLanguage\":\"fr-FR\",\"@id\":\"https:\\\/\\\/www.sophim.com\\\/fr\\\/#\\\/schema\\\/logo\\\/image\\\/\",\"url\":\"https:\\\/\\\/www.sophim.com\\\/wp-content\\\/uploads\\\/2019\\\/01\\\/sophim_logo.png\",\"contentUrl\":\"https:\\\/\\\/www.sophim.com\\\/wp-content\\\/uploads\\\/2019\\\/01\\\/sophim_logo.png\",\"width\":327,\"height\":156,\"caption\":\"Sophim\"},\"image\":{\"@id\":\"https:\\\/\\\/www.sophim.com\\\/fr\\\/#\\\/schema\\\/logo\\\/image\\\/\"}}]}<\/script>\n<!-- \/ Yoast SEO plugin. -->","yoast_head_json":{"title":"Non com\u00e9dog\u00e8ne : liste de nos ingr\u00e9dients cosm\u00e9tiques - Sophim","description":"Les produits non com\u00e9dog\u00e8nes sont importants en Cosm\u00e9tique puisqu\u2019ils n\u2019obstruent pas les pores de la peau et r\u00e9duisent ainsi les imperfections.","robots":{"index":"index","follow":"follow","max-snippet":"max-snippet:-1","max-image-preview":"max-image-preview:large","max-video-preview":"max-video-preview:-1"},"canonical":"https:\/\/www.sophim.com\/fr\/ingredient-non-comedogene\/","og_locale":"fr_FR","og_type":"article","og_title":"Non com\u00e9dog\u00e8ne : liste de nos ingr\u00e9dients cosm\u00e9tiques - Sophim","og_description":"Les produits non com\u00e9dog\u00e8nes sont importants en Cosm\u00e9tique puisqu\u2019ils n\u2019obstruent pas les pores de la peau et r\u00e9duisent ainsi les imperfections.","og_url":"https:\/\/www.sophim.com\/fr\/ingredient-non-comedogene\/","og_site_name":"SOPHIM fournisseur ingr\u00e9dient cosm\u00e9tique","article_modified_time":"2019-09-10T15:34:48+00:00","twitter_card":"summary_large_image","twitter_misc":{"Dur\u00e9e de lecture estim\u00e9e":"2 minutes"},"schema":{"@context":"https:\/\/schema.org","@graph":[{"@type":"WebPage","@id":"https:\/\/www.sophim.com\/fr\/ingredient-non-comedogene\/","url":"https:\/\/www.sophim.com\/fr\/ingredient-non-comedogene\/","name":"Non com\u00e9dog\u00e8ne : liste de nos ingr\u00e9dients cosm\u00e9tiques - Sophim","isPartOf":{"@id":"https:\/\/www.sophim.com\/fr\/#website"},"datePublished":"2019-05-31T09:57:26+00:00","dateModified":"2019-09-10T15:34:48+00:00","description":"Les produits non com\u00e9dog\u00e8nes sont importants en Cosm\u00e9tique puisqu\u2019ils n\u2019obstruent pas les pores de la peau et r\u00e9duisent ainsi les imperfections.","breadcrumb":{"@id":"https:\/\/www.sophim.com\/fr\/ingredient-non-comedogene\/#breadcrumb"},"inLanguage":"fr-FR","potentialAction":[{"@type":"ReadAction","target":["https:\/\/www.sophim.com\/fr\/ingredient-non-comedogene\/"]}]},{"@type":"BreadcrumbList","@id":"https:\/\/www.sophim.com\/fr\/ingredient-non-comedogene\/#breadcrumb","itemListElement":[{"@type":"ListItem","position":1,"name":"Home","item":"https:\/\/www.sophim.com\/fr\/"},{"@type":"ListItem","position":2,"name":"Non com\u00e9dog\u00e8ne : liste de nos ingr\u00e9dients cosm\u00e9tiques"}]},{"@type":"WebSite","@id":"https:\/\/www.sophim.com\/fr\/#website","url":"https:\/\/www.sophim.com\/fr\/","name":"SOPHIM fournisseur ingr\u00e9dient cosm\u00e9tique","description":"Sophim est un fabricant d&#039;ingr\u00e9dients cosm\u00e9tiques naturels","publisher":{"@id":"https:\/\/www.sophim.com\/fr\/#organization"},"potentialAction":[{"@type":"SearchAction","target":{"@type":"EntryPoint","urlTemplate":"https:\/\/www.sophim.com\/fr\/?s={search_term_string}"},"query-input":{"@type":"PropertyValueSpecification","valueRequired":true,"valueName":"search_term_string"}}],"inLanguage":"fr-FR"},{"@type":"Organization","@id":"https:\/\/www.sophim.com\/fr\/#organization","name":"Sophim","url":"https:\/\/www.sophim.com\/fr\/","logo":{"@type":"ImageObject","inLanguage":"fr-FR","@id":"https:\/\/www.sophim.com\/fr\/#\/schema\/logo\/image\/","url":"https:\/\/www.sophim.com\/wp-content\/uploads\/2019\/01\/sophim_logo.png","contentUrl":"https:\/\/www.sophim.com\/wp-content\/uploads\/2019\/01\/sophim_logo.png","width":327,"height":156,"caption":"Sophim"},"image":{"@id":"https:\/\/www.sophim.com\/fr\/#\/schema\/logo\/image\/"}}]}},"_links":{"self":[{"href":"https:\/\/www.sophim.com\/fr\/wp-json\/wp\/v2\/pages\/264","targetHints":{"allow":["GET"]}}],"collection":[{"href":"https:\/\/www.sophim.com\/fr\/wp-json\/wp\/v2\/pages"}],"about":[{"href":"https:\/\/www.sophim.com\/fr\/wp-json\/wp\/v2\/types\/page"}],"author":[{"embeddable":true,"href":"https:\/\/www.sophim.com\/fr\/wp-json\/wp\/v2\/users\/23"}],"replies":[{"embeddable":true,"href":"https:\/\/www.sophim.com\/fr\/wp-json\/wp\/v2\/comments?post=264"}],"version-history":[{"count":0,"href":"https:\/\/www.sophim.com\/fr\/wp-json\/wp\/v2\/pages\/264\/revisions"}],"wp:attachment":[{"href":"https:\/\/www.sophim.com\/fr\/wp-json\/wp\/v2\/media?parent=264"}],"curies":[{"name":"wp","href":"https:\/\/api.w.org\/{rel}","templated":true}]}}