{"id":27,"date":"2019-01-23T10:41:31","date_gmt":"2019-01-23T09:41:31","guid":{"rendered":"http:\/\/sophim.com\/?page_id=27"},"modified":"2020-08-28T11:14:57","modified_gmt":"2020-08-28T09:14:57","slug":"agent-fixant","status":"publish","type":"page","link":"https:\/\/www.sophim.com\/fr\/agent-fixant\/","title":{"rendered":"Les agents fixateurs"},"content":{"rendered":"<p><strong>La stabilit\u00e9 d\u2019une formulation cosm\u00e9tique est une priorit\u00e9 lors de son d\u00e9veloppement. Il existe un risque, de s\u00e9dimentation des particules non dissoutes, dans une suspension, ou un d\u00e9phasage, dans une \u00e9mulsion.<\/strong><\/p>\n<p>L\u2019apport d\u2019une viscosit\u00e9 suffisante, permet de limiter les risques dans la formulation cosm\u00e9tique, et permet de travailler la texture, cl\u00e9 lors de l\u2019application. La texture d\u2019un soin conditionne directement le succ\u00e8s de celui-ci aupr\u00e8s de l\u2019utilisateur qui doit prendre du plaisir \u00e0 l\u2019application.<\/p>\n","protected":false},"excerpt":{"rendered":"<p>La stabilit\u00e9 d\u2019une formulation cosm\u00e9tique est une priorit\u00e9 lors de son d\u00e9veloppement. Il existe un risque, de s\u00e9dimentation des particules non dissoutes, dans une suspension, ou un d\u00e9phasage, dans une \u00e9mulsion. L\u2019apport d\u2019une viscosit\u00e9 suffisante, permet de limiter les risques dans la formulation cosm\u00e9tique, et permet de travailler la texture, cl\u00e9 lors de l\u2019application. La [&hellip;]<\/p>\n","protected":false},"author":23,"featured_media":2000,"parent":0,"menu_order":91,"comment_status":"closed","ping_status":"closed","template":"template-categorie.php","meta":{"footnotes":""},"class_list":["post-27","page","type-page","status-publish","has-post-thumbnail","hentry"],"yoast_head":"<!-- This site is optimized with the Yoast SEO plugin v27.4 - https:\/\/yoast.com\/product\/yoast-seo-wordpress\/ -->\n<title>Agent fixant, agent de fixation pour la cosm\u00e9tique - Sophim<\/title>\n<meta name=\"description\" content=\"Les agents \u00e9paississants et fixateurs, en Cosm\u00e9tique, emp\u00eachent l\u2019alt\u00e9ration du produit. Choisissez des mati\u00e8res premi\u00e8res de qualit\u00e9 avec SOPHIM.\" \/>\n<meta name=\"robots\" content=\"index, follow, max-snippet:-1, max-image-preview:large, max-video-preview:-1\" \/>\n<link rel=\"canonical\" href=\"https:\/\/www.sophim.com\/fr\/agent-fixant\/\" \/>\n<meta property=\"og:locale\" content=\"fr_FR\" \/>\n<meta property=\"og:type\" content=\"article\" \/>\n<meta property=\"og:title\" content=\"Agent fixant, agent de fixation pour la cosm\u00e9tique - Sophim\" \/>\n<meta property=\"og:description\" content=\"Les agents \u00e9paississants et fixateurs, en Cosm\u00e9tique, emp\u00eachent l\u2019alt\u00e9ration du produit. Choisissez des mati\u00e8res premi\u00e8res de qualit\u00e9 avec SOPHIM.\" \/>\n<meta property=\"og:url\" content=\"https:\/\/www.sophim.com\/fr\/agent-fixant\/\" \/>\n<meta property=\"og:site_name\" content=\"SOPHIM fournisseur ingr\u00e9dient cosm\u00e9tique\" \/>\n<meta property=\"article:modified_time\" content=\"2020-08-28T09:14:57+00:00\" \/>\n<meta property=\"og:image\" content=\"https:\/\/www.sophim.com\/wp-content\/uploads\/2020\/07\/1679x498_fixateur_sophim.jpg\" \/>\n\t<meta property=\"og:image:width\" content=\"1679\" \/>\n\t<meta property=\"og:image:height\" content=\"498\" \/>\n\t<meta property=\"og:image:type\" content=\"image\/jpeg\" \/>\n<meta name=\"twitter:card\" content=\"summary_large_image\" \/>\n<script type=\"application\/ld+json\" class=\"yoast-schema-graph\">{\"@context\":\"https:\\\/\\\/schema.org\",\"@graph\":[{\"@type\":\"WebPage\",\"@id\":\"https:\\\/\\\/www.sophim.com\\\/fr\\\/agent-fixant\\\/\",\"url\":\"https:\\\/\\\/www.sophim.com\\\/fr\\\/agent-fixant\\\/\",\"name\":\"Agent fixant, agent de fixation pour la cosm\u00e9tique - Sophim\",\"isPartOf\":{\"@id\":\"https:\\\/\\\/www.sophim.com\\\/fr\\\/#website\"},\"primaryImageOfPage\":{\"@id\":\"https:\\\/\\\/www.sophim.com\\\/fr\\\/agent-fixant\\\/#primaryimage\"},\"image\":{\"@id\":\"https:\\\/\\\/www.sophim.com\\\/fr\\\/agent-fixant\\\/#primaryimage\"},\"thumbnailUrl\":\"https:\\\/\\\/www.sophim.com\\\/wp-content\\\/uploads\\\/2020\\\/07\\\/1679x498_fixateur_sophim.jpg\",\"datePublished\":\"2019-01-23T09:41:31+00:00\",\"dateModified\":\"2020-08-28T09:14:57+00:00\",\"description\":\"Les agents \u00e9paississants et fixateurs, en Cosm\u00e9tique, emp\u00eachent l\u2019alt\u00e9ration du produit. Choisissez des mati\u00e8res premi\u00e8res de qualit\u00e9 avec SOPHIM.\",\"breadcrumb\":{\"@id\":\"https:\\\/\\\/www.sophim.com\\\/fr\\\/agent-fixant\\\/#breadcrumb\"},\"inLanguage\":\"fr-FR\",\"potentialAction\":[{\"@type\":\"ReadAction\",\"target\":[\"https:\\\/\\\/www.sophim.com\\\/fr\\\/agent-fixant\\\/\"]}]},{\"@type\":\"ImageObject\",\"inLanguage\":\"fr-FR\",\"@id\":\"https:\\\/\\\/www.sophim.com\\\/fr\\\/agent-fixant\\\/#primaryimage\",\"url\":\"https:\\\/\\\/www.sophim.com\\\/wp-content\\\/uploads\\\/2020\\\/07\\\/1679x498_fixateur_sophim.jpg\",\"contentUrl\":\"https:\\\/\\\/www.sophim.com\\\/wp-content\\\/uploads\\\/2020\\\/07\\\/1679x498_fixateur_sophim.jpg\",\"width\":1679,\"height\":498},{\"@type\":\"BreadcrumbList\",\"@id\":\"https:\\\/\\\/www.sophim.com\\\/fr\\\/agent-fixant\\\/#breadcrumb\",\"itemListElement\":[{\"@type\":\"ListItem\",\"position\":1,\"name\":\"Home\",\"item\":\"https:\\\/\\\/www.sophim.com\\\/fr\\\/\"},{\"@type\":\"ListItem\",\"position\":2,\"name\":\"Les agents fixateurs\"}]},{\"@type\":\"WebSite\",\"@id\":\"https:\\\/\\\/www.sophim.com\\\/fr\\\/#website\",\"url\":\"https:\\\/\\\/www.sophim.com\\\/fr\\\/\",\"name\":\"SOPHIM fournisseur ingr\u00e9dient cosm\u00e9tique\",\"description\":\"Sophim est un fabricant d&#039;ingr\u00e9dients cosm\u00e9tiques naturels\",\"publisher\":{\"@id\":\"https:\\\/\\\/www.sophim.com\\\/fr\\\/#organization\"},\"potentialAction\":[{\"@type\":\"SearchAction\",\"target\":{\"@type\":\"EntryPoint\",\"urlTemplate\":\"https:\\\/\\\/www.sophim.com\\\/fr\\\/?s={search_term_string}\"},\"query-input\":{\"@type\":\"PropertyValueSpecification\",\"valueRequired\":true,\"valueName\":\"search_term_string\"}}],\"inLanguage\":\"fr-FR\"},{\"@type\":\"Organization\",\"@id\":\"https:\\\/\\\/www.sophim.com\\\/fr\\\/#organization\",\"name\":\"Sophim\",\"url\":\"https:\\\/\\\/www.sophim.com\\\/fr\\\/\",\"logo\":{\"@type\":\"ImageObject\",\"inLanguage\":\"fr-FR\",\"@id\":\"https:\\\/\\\/www.sophim.com\\\/fr\\\/#\\\/schema\\\/logo\\\/image\\\/\",\"url\":\"https:\\\/\\\/www.sophim.com\\\/wp-content\\\/uploads\\\/2019\\\/01\\\/sophim_logo.png\",\"contentUrl\":\"https:\\\/\\\/www.sophim.com\\\/wp-content\\\/uploads\\\/2019\\\/01\\\/sophim_logo.png\",\"width\":327,\"height\":156,\"caption\":\"Sophim\"},\"image\":{\"@id\":\"https:\\\/\\\/www.sophim.com\\\/fr\\\/#\\\/schema\\\/logo\\\/image\\\/\"}}]}<\/script>\n<!-- \/ Yoast SEO plugin. -->","yoast_head_json":{"title":"Agent fixant, agent de fixation pour la cosm\u00e9tique - Sophim","description":"Les agents \u00e9paississants et fixateurs, en Cosm\u00e9tique, emp\u00eachent l\u2019alt\u00e9ration du produit. Choisissez des mati\u00e8res premi\u00e8res de qualit\u00e9 avec SOPHIM.","robots":{"index":"index","follow":"follow","max-snippet":"max-snippet:-1","max-image-preview":"max-image-preview:large","max-video-preview":"max-video-preview:-1"},"canonical":"https:\/\/www.sophim.com\/fr\/agent-fixant\/","og_locale":"fr_FR","og_type":"article","og_title":"Agent fixant, agent de fixation pour la cosm\u00e9tique - Sophim","og_description":"Les agents \u00e9paississants et fixateurs, en Cosm\u00e9tique, emp\u00eachent l\u2019alt\u00e9ration du produit. Choisissez des mati\u00e8res premi\u00e8res de qualit\u00e9 avec SOPHIM.","og_url":"https:\/\/www.sophim.com\/fr\/agent-fixant\/","og_site_name":"SOPHIM fournisseur ingr\u00e9dient cosm\u00e9tique","article_modified_time":"2020-08-28T09:14:57+00:00","og_image":[{"width":1679,"height":498,"url":"https:\/\/www.sophim.com\/wp-content\/uploads\/2020\/07\/1679x498_fixateur_sophim.jpg","type":"image\/jpeg"}],"twitter_card":"summary_large_image","schema":{"@context":"https:\/\/schema.org","@graph":[{"@type":"WebPage","@id":"https:\/\/www.sophim.com\/fr\/agent-fixant\/","url":"https:\/\/www.sophim.com\/fr\/agent-fixant\/","name":"Agent fixant, agent de fixation pour la cosm\u00e9tique - Sophim","isPartOf":{"@id":"https:\/\/www.sophim.com\/fr\/#website"},"primaryImageOfPage":{"@id":"https:\/\/www.sophim.com\/fr\/agent-fixant\/#primaryimage"},"image":{"@id":"https:\/\/www.sophim.com\/fr\/agent-fixant\/#primaryimage"},"thumbnailUrl":"https:\/\/www.sophim.com\/wp-content\/uploads\/2020\/07\/1679x498_fixateur_sophim.jpg","datePublished":"2019-01-23T09:41:31+00:00","dateModified":"2020-08-28T09:14:57+00:00","description":"Les agents \u00e9paississants et fixateurs, en Cosm\u00e9tique, emp\u00eachent l\u2019alt\u00e9ration du produit. Choisissez des mati\u00e8res premi\u00e8res de qualit\u00e9 avec SOPHIM.","breadcrumb":{"@id":"https:\/\/www.sophim.com\/fr\/agent-fixant\/#breadcrumb"},"inLanguage":"fr-FR","potentialAction":[{"@type":"ReadAction","target":["https:\/\/www.sophim.com\/fr\/agent-fixant\/"]}]},{"@type":"ImageObject","inLanguage":"fr-FR","@id":"https:\/\/www.sophim.com\/fr\/agent-fixant\/#primaryimage","url":"https:\/\/www.sophim.com\/wp-content\/uploads\/2020\/07\/1679x498_fixateur_sophim.jpg","contentUrl":"https:\/\/www.sophim.com\/wp-content\/uploads\/2020\/07\/1679x498_fixateur_sophim.jpg","width":1679,"height":498},{"@type":"BreadcrumbList","@id":"https:\/\/www.sophim.com\/fr\/agent-fixant\/#breadcrumb","itemListElement":[{"@type":"ListItem","position":1,"name":"Home","item":"https:\/\/www.sophim.com\/fr\/"},{"@type":"ListItem","position":2,"name":"Les agents fixateurs"}]},{"@type":"WebSite","@id":"https:\/\/www.sophim.com\/fr\/#website","url":"https:\/\/www.sophim.com\/fr\/","name":"SOPHIM fournisseur ingr\u00e9dient cosm\u00e9tique","description":"Sophim est un fabricant d&#039;ingr\u00e9dients cosm\u00e9tiques naturels","publisher":{"@id":"https:\/\/www.sophim.com\/fr\/#organization"},"potentialAction":[{"@type":"SearchAction","target":{"@type":"EntryPoint","urlTemplate":"https:\/\/www.sophim.com\/fr\/?s={search_term_string}"},"query-input":{"@type":"PropertyValueSpecification","valueRequired":true,"valueName":"search_term_string"}}],"inLanguage":"fr-FR"},{"@type":"Organization","@id":"https:\/\/www.sophim.com\/fr\/#organization","name":"Sophim","url":"https:\/\/www.sophim.com\/fr\/","logo":{"@type":"ImageObject","inLanguage":"fr-FR","@id":"https:\/\/www.sophim.com\/fr\/#\/schema\/logo\/image\/","url":"https:\/\/www.sophim.com\/wp-content\/uploads\/2019\/01\/sophim_logo.png","contentUrl":"https:\/\/www.sophim.com\/wp-content\/uploads\/2019\/01\/sophim_logo.png","width":327,"height":156,"caption":"Sophim"},"image":{"@id":"https:\/\/www.sophim.com\/fr\/#\/schema\/logo\/image\/"}}]}},"_links":{"self":[{"href":"https:\/\/www.sophim.com\/fr\/wp-json\/wp\/v2\/pages\/27","targetHints":{"allow":["GET"]}}],"collection":[{"href":"https:\/\/www.sophim.com\/fr\/wp-json\/wp\/v2\/pages"}],"about":[{"href":"https:\/\/www.sophim.com\/fr\/wp-json\/wp\/v2\/types\/page"}],"author":[{"embeddable":true,"href":"https:\/\/www.sophim.com\/fr\/wp-json\/wp\/v2\/users\/23"}],"replies":[{"embeddable":true,"href":"https:\/\/www.sophim.com\/fr\/wp-json\/wp\/v2\/comments?post=27"}],"version-history":[{"count":0,"href":"https:\/\/www.sophim.com\/fr\/wp-json\/wp\/v2\/pages\/27\/revisions"}],"wp:featuredmedia":[{"embeddable":true,"href":"https:\/\/www.sophim.com\/fr\/wp-json\/wp\/v2\/media\/2000"}],"wp:attachment":[{"href":"https:\/\/www.sophim.com\/fr\/wp-json\/wp\/v2\/media?parent=27"}],"curies":[{"name":"wp","href":"https:\/\/api.w.org\/{rel}","templated":true}]}}