{"id":2714,"date":"2021-05-04T09:54:49","date_gmt":"2021-05-04T07:54:49","guid":{"rendered":"https:\/\/www.sophim.com?page_id=2714"},"modified":"2024-07-30T12:00:08","modified_gmt":"2024-07-30T10:00:08","slug":"restaurer-la-barriere-lipidique","status":"publish","type":"page","link":"https:\/\/www.sophim.com\/fr\/restaurer-la-barriere-lipidique\/","title":{"rendered":"Restaurer la barri\u00e8re lipidique"},"content":{"rendered":"<p>Sophim propose des ingr\u00e9dients d\u2019origine naturelle pour le soin de la peau, et notamment pour restaurer la barri\u00e8re lipidique. Contactez-nous pour commander votre \u00e9chantillon.<\/p>\n","protected":false},"excerpt":{"rendered":"<p>Sophim propose des ingr\u00e9dients d\u2019origine naturelle pour le soin de la peau, et notamment pour restaurer la barri\u00e8re lipidique. Contactez-nous pour commander votre \u00e9chantillon.<\/p>\n","protected":false},"author":23,"featured_media":1152,"parent":0,"menu_order":29,"comment_status":"closed","ping_status":"closed","template":"template-propos.php","meta":{"footnotes":""},"class_list":["post-2714","page","type-page","status-publish","has-post-thumbnail","hentry"],"yoast_head":"<!-- This site is optimized with the Yoast SEO plugin v27.4 - https:\/\/yoast.com\/product\/yoast-seo-wordpress\/ -->\n<title>Les ingr\u00e9dients pour restaurer la barri\u00e8re lipidique - SOPHIM fournisseur ingr\u00e9dient cosm\u00e9tique<\/title>\n<meta name=\"description\" content=\"Sophim propose des ingr\u00e9dients d\u2019origine naturelle pour le soin de la peau, et notamment pour restaurer la barri\u00e8re lipidique. Contactez-nous pour commander votre \u00e9chantillon.\" \/>\n<meta name=\"robots\" content=\"index, follow, max-snippet:-1, max-image-preview:large, max-video-preview:-1\" \/>\n<link rel=\"canonical\" href=\"https:\/\/www.sophim.com\/fr\/restaurer-la-barriere-lipidique\/\" \/>\n<meta property=\"og:locale\" content=\"fr_FR\" \/>\n<meta property=\"og:type\" content=\"article\" \/>\n<meta property=\"og:title\" content=\"Les ingr\u00e9dients pour restaurer la barri\u00e8re lipidique - SOPHIM fournisseur ingr\u00e9dient cosm\u00e9tique\" \/>\n<meta property=\"og:description\" content=\"Sophim propose des ingr\u00e9dients d\u2019origine naturelle pour le soin de la peau, et notamment pour restaurer la barri\u00e8re lipidique. Contactez-nous pour commander votre \u00e9chantillon.\" \/>\n<meta property=\"og:url\" content=\"https:\/\/www.sophim.com\/fr\/restaurer-la-barriere-lipidique\/\" \/>\n<meta property=\"og:site_name\" content=\"SOPHIM fournisseur ingr\u00e9dient cosm\u00e9tique\" \/>\n<meta property=\"article:modified_time\" content=\"2024-07-30T10:00:08+00:00\" \/>\n<meta property=\"og:image\" content=\"https:\/\/www.sophim.com\/wp-content\/uploads\/2019\/05\/1679x498_mc300_sophim_Plan-de-travail-1.jpg\" \/>\n\t<meta property=\"og:image:width\" content=\"1679\" \/>\n\t<meta property=\"og:image:height\" content=\"498\" \/>\n\t<meta property=\"og:image:type\" content=\"image\/jpeg\" \/>\n<meta name=\"twitter:card\" content=\"summary_large_image\" \/>\n<meta name=\"twitter:label1\" content=\"Dur\u00e9e de lecture estim\u00e9e\" \/>\n\t<meta name=\"twitter:data1\" content=\"1 minute\" \/>\n<script type=\"application\/ld+json\" class=\"yoast-schema-graph\">{\"@context\":\"https:\\\/\\\/schema.org\",\"@graph\":[{\"@type\":\"WebPage\",\"@id\":\"https:\\\/\\\/www.sophim.com\\\/fr\\\/restaurer-la-barriere-lipidique\\\/\",\"url\":\"https:\\\/\\\/www.sophim.com\\\/fr\\\/restaurer-la-barriere-lipidique\\\/\",\"name\":\"Les ingr\u00e9dients pour restaurer la barri\u00e8re lipidique - SOPHIM fournisseur ingr\u00e9dient cosm\u00e9tique\",\"isPartOf\":{\"@id\":\"https:\\\/\\\/www.sophim.com\\\/fr\\\/#website\"},\"primaryImageOfPage\":{\"@id\":\"https:\\\/\\\/www.sophim.com\\\/fr\\\/restaurer-la-barriere-lipidique\\\/#primaryimage\"},\"image\":{\"@id\":\"https:\\\/\\\/www.sophim.com\\\/fr\\\/restaurer-la-barriere-lipidique\\\/#primaryimage\"},\"thumbnailUrl\":\"https:\\\/\\\/www.sophim.com\\\/wp-content\\\/uploads\\\/2019\\\/05\\\/1679x498_mc300_sophim_Plan-de-travail-1.jpg\",\"datePublished\":\"2021-05-04T07:54:49+00:00\",\"dateModified\":\"2024-07-30T10:00:08+00:00\",\"description\":\"Sophim propose des ingr\u00e9dients d\u2019origine naturelle pour le soin de la peau, et notamment pour restaurer la barri\u00e8re lipidique. Contactez-nous pour commander votre \u00e9chantillon.\",\"breadcrumb\":{\"@id\":\"https:\\\/\\\/www.sophim.com\\\/fr\\\/restaurer-la-barriere-lipidique\\\/#breadcrumb\"},\"inLanguage\":\"fr-FR\",\"potentialAction\":[{\"@type\":\"ReadAction\",\"target\":[\"https:\\\/\\\/www.sophim.com\\\/fr\\\/restaurer-la-barriere-lipidique\\\/\"]}]},{\"@type\":\"ImageObject\",\"inLanguage\":\"fr-FR\",\"@id\":\"https:\\\/\\\/www.sophim.com\\\/fr\\\/restaurer-la-barriere-lipidique\\\/#primaryimage\",\"url\":\"https:\\\/\\\/www.sophim.com\\\/wp-content\\\/uploads\\\/2019\\\/05\\\/1679x498_mc300_sophim_Plan-de-travail-1.jpg\",\"contentUrl\":\"https:\\\/\\\/www.sophim.com\\\/wp-content\\\/uploads\\\/2019\\\/05\\\/1679x498_mc300_sophim_Plan-de-travail-1.jpg\",\"width\":1679,\"height\":498},{\"@type\":\"BreadcrumbList\",\"@id\":\"https:\\\/\\\/www.sophim.com\\\/fr\\\/restaurer-la-barriere-lipidique\\\/#breadcrumb\",\"itemListElement\":[{\"@type\":\"ListItem\",\"position\":1,\"name\":\"Home\",\"item\":\"https:\\\/\\\/www.sophim.com\\\/fr\\\/\"},{\"@type\":\"ListItem\",\"position\":2,\"name\":\"Restaurer la barri\u00e8re lipidique\"}]},{\"@type\":\"WebSite\",\"@id\":\"https:\\\/\\\/www.sophim.com\\\/fr\\\/#website\",\"url\":\"https:\\\/\\\/www.sophim.com\\\/fr\\\/\",\"name\":\"SOPHIM fournisseur ingr\u00e9dient cosm\u00e9tique\",\"description\":\"Sophim est un fabricant d&#039;ingr\u00e9dients cosm\u00e9tiques naturels\",\"publisher\":{\"@id\":\"https:\\\/\\\/www.sophim.com\\\/fr\\\/#organization\"},\"potentialAction\":[{\"@type\":\"SearchAction\",\"target\":{\"@type\":\"EntryPoint\",\"urlTemplate\":\"https:\\\/\\\/www.sophim.com\\\/fr\\\/?s={search_term_string}\"},\"query-input\":{\"@type\":\"PropertyValueSpecification\",\"valueRequired\":true,\"valueName\":\"search_term_string\"}}],\"inLanguage\":\"fr-FR\"},{\"@type\":\"Organization\",\"@id\":\"https:\\\/\\\/www.sophim.com\\\/fr\\\/#organization\",\"name\":\"Sophim\",\"url\":\"https:\\\/\\\/www.sophim.com\\\/fr\\\/\",\"logo\":{\"@type\":\"ImageObject\",\"inLanguage\":\"fr-FR\",\"@id\":\"https:\\\/\\\/www.sophim.com\\\/fr\\\/#\\\/schema\\\/logo\\\/image\\\/\",\"url\":\"https:\\\/\\\/www.sophim.com\\\/wp-content\\\/uploads\\\/2019\\\/01\\\/sophim_logo.png\",\"contentUrl\":\"https:\\\/\\\/www.sophim.com\\\/wp-content\\\/uploads\\\/2019\\\/01\\\/sophim_logo.png\",\"width\":327,\"height\":156,\"caption\":\"Sophim\"},\"image\":{\"@id\":\"https:\\\/\\\/www.sophim.com\\\/fr\\\/#\\\/schema\\\/logo\\\/image\\\/\"}}]}<\/script>\n<!-- \/ Yoast SEO plugin. -->","yoast_head_json":{"title":"Les ingr\u00e9dients pour restaurer la barri\u00e8re lipidique - SOPHIM fournisseur ingr\u00e9dient cosm\u00e9tique","description":"Sophim propose des ingr\u00e9dients d\u2019origine naturelle pour le soin de la peau, et notamment pour restaurer la barri\u00e8re lipidique. Contactez-nous pour commander votre \u00e9chantillon.","robots":{"index":"index","follow":"follow","max-snippet":"max-snippet:-1","max-image-preview":"max-image-preview:large","max-video-preview":"max-video-preview:-1"},"canonical":"https:\/\/www.sophim.com\/fr\/restaurer-la-barriere-lipidique\/","og_locale":"fr_FR","og_type":"article","og_title":"Les ingr\u00e9dients pour restaurer la barri\u00e8re lipidique - SOPHIM fournisseur ingr\u00e9dient cosm\u00e9tique","og_description":"Sophim propose des ingr\u00e9dients d\u2019origine naturelle pour le soin de la peau, et notamment pour restaurer la barri\u00e8re lipidique. Contactez-nous pour commander votre \u00e9chantillon.","og_url":"https:\/\/www.sophim.com\/fr\/restaurer-la-barriere-lipidique\/","og_site_name":"SOPHIM fournisseur ingr\u00e9dient cosm\u00e9tique","article_modified_time":"2024-07-30T10:00:08+00:00","og_image":[{"width":1679,"height":498,"url":"https:\/\/www.sophim.com\/wp-content\/uploads\/2019\/05\/1679x498_mc300_sophim_Plan-de-travail-1.jpg","type":"image\/jpeg"}],"twitter_card":"summary_large_image","twitter_misc":{"Dur\u00e9e de lecture estim\u00e9e":"1 minute"},"schema":{"@context":"https:\/\/schema.org","@graph":[{"@type":"WebPage","@id":"https:\/\/www.sophim.com\/fr\/restaurer-la-barriere-lipidique\/","url":"https:\/\/www.sophim.com\/fr\/restaurer-la-barriere-lipidique\/","name":"Les ingr\u00e9dients pour restaurer la barri\u00e8re lipidique - SOPHIM fournisseur ingr\u00e9dient cosm\u00e9tique","isPartOf":{"@id":"https:\/\/www.sophim.com\/fr\/#website"},"primaryImageOfPage":{"@id":"https:\/\/www.sophim.com\/fr\/restaurer-la-barriere-lipidique\/#primaryimage"},"image":{"@id":"https:\/\/www.sophim.com\/fr\/restaurer-la-barriere-lipidique\/#primaryimage"},"thumbnailUrl":"https:\/\/www.sophim.com\/wp-content\/uploads\/2019\/05\/1679x498_mc300_sophim_Plan-de-travail-1.jpg","datePublished":"2021-05-04T07:54:49+00:00","dateModified":"2024-07-30T10:00:08+00:00","description":"Sophim propose des ingr\u00e9dients d\u2019origine naturelle pour le soin de la peau, et notamment pour restaurer la barri\u00e8re lipidique. Contactez-nous pour commander votre \u00e9chantillon.","breadcrumb":{"@id":"https:\/\/www.sophim.com\/fr\/restaurer-la-barriere-lipidique\/#breadcrumb"},"inLanguage":"fr-FR","potentialAction":[{"@type":"ReadAction","target":["https:\/\/www.sophim.com\/fr\/restaurer-la-barriere-lipidique\/"]}]},{"@type":"ImageObject","inLanguage":"fr-FR","@id":"https:\/\/www.sophim.com\/fr\/restaurer-la-barriere-lipidique\/#primaryimage","url":"https:\/\/www.sophim.com\/wp-content\/uploads\/2019\/05\/1679x498_mc300_sophim_Plan-de-travail-1.jpg","contentUrl":"https:\/\/www.sophim.com\/wp-content\/uploads\/2019\/05\/1679x498_mc300_sophim_Plan-de-travail-1.jpg","width":1679,"height":498},{"@type":"BreadcrumbList","@id":"https:\/\/www.sophim.com\/fr\/restaurer-la-barriere-lipidique\/#breadcrumb","itemListElement":[{"@type":"ListItem","position":1,"name":"Home","item":"https:\/\/www.sophim.com\/fr\/"},{"@type":"ListItem","position":2,"name":"Restaurer la barri\u00e8re lipidique"}]},{"@type":"WebSite","@id":"https:\/\/www.sophim.com\/fr\/#website","url":"https:\/\/www.sophim.com\/fr\/","name":"SOPHIM fournisseur ingr\u00e9dient cosm\u00e9tique","description":"Sophim est un fabricant d&#039;ingr\u00e9dients cosm\u00e9tiques naturels","publisher":{"@id":"https:\/\/www.sophim.com\/fr\/#organization"},"potentialAction":[{"@type":"SearchAction","target":{"@type":"EntryPoint","urlTemplate":"https:\/\/www.sophim.com\/fr\/?s={search_term_string}"},"query-input":{"@type":"PropertyValueSpecification","valueRequired":true,"valueName":"search_term_string"}}],"inLanguage":"fr-FR"},{"@type":"Organization","@id":"https:\/\/www.sophim.com\/fr\/#organization","name":"Sophim","url":"https:\/\/www.sophim.com\/fr\/","logo":{"@type":"ImageObject","inLanguage":"fr-FR","@id":"https:\/\/www.sophim.com\/fr\/#\/schema\/logo\/image\/","url":"https:\/\/www.sophim.com\/wp-content\/uploads\/2019\/01\/sophim_logo.png","contentUrl":"https:\/\/www.sophim.com\/wp-content\/uploads\/2019\/01\/sophim_logo.png","width":327,"height":156,"caption":"Sophim"},"image":{"@id":"https:\/\/www.sophim.com\/fr\/#\/schema\/logo\/image\/"}}]}},"_links":{"self":[{"href":"https:\/\/www.sophim.com\/fr\/wp-json\/wp\/v2\/pages\/2714","targetHints":{"allow":["GET"]}}],"collection":[{"href":"https:\/\/www.sophim.com\/fr\/wp-json\/wp\/v2\/pages"}],"about":[{"href":"https:\/\/www.sophim.com\/fr\/wp-json\/wp\/v2\/types\/page"}],"author":[{"embeddable":true,"href":"https:\/\/www.sophim.com\/fr\/wp-json\/wp\/v2\/users\/23"}],"replies":[{"embeddable":true,"href":"https:\/\/www.sophim.com\/fr\/wp-json\/wp\/v2\/comments?post=2714"}],"version-history":[{"count":0,"href":"https:\/\/www.sophim.com\/fr\/wp-json\/wp\/v2\/pages\/2714\/revisions"}],"wp:featuredmedia":[{"embeddable":true,"href":"https:\/\/www.sophim.com\/fr\/wp-json\/wp\/v2\/media\/1152"}],"wp:attachment":[{"href":"https:\/\/www.sophim.com\/fr\/wp-json\/wp\/v2\/media?parent=2714"}],"curies":[{"name":"wp","href":"https:\/\/api.w.org\/{rel}","templated":true}]}}