{"id":273,"date":"2019-05-31T15:00:57","date_gmt":"2019-05-31T13:00:57","guid":{"rendered":"https:\/\/www.sophim.com?page_id=273"},"modified":"2024-10-01T15:42:27","modified_gmt":"2024-10-01T13:42:27","slug":"squalane","status":"publish","type":"page","link":"https:\/\/www.sophim.com\/fr\/squalane\/","title":{"rendered":"Squalane"},"content":{"rendered":"<p>Le squalane est un <strong>hydrocarbure ramifi\u00e9<\/strong> de <strong>formule chimique C30H62<\/strong>. Il est issu du <strong>squal\u00e8ne<\/strong>, un d\u00e9riv\u00e9 terp\u00e9nique naturellement pr\u00e9sent dans le corps humain, chez certains animaux et v\u00e9g\u00e9taux.<\/p>\n<p>La mol\u00e9cule de squal\u00e8ne (C30H50) est un composant majeur du s\u00e9bum humain et se trouve \u00e9galement dans certains v\u00e9g\u00e9taux. SOPHIM, sp\u00e9cialiste europ\u00e9en de la <strong>production<\/strong> de <strong>squalane v\u00e9g\u00e9tal<\/strong>, est en mesure de vous proposer PHYTOSQUALAN, son <strong>squalane 100% origine olive<\/strong>.<\/p>\n<p style=\"text-align: center;\"><span class=\"button-custom\"><a href=\"https:\/\/www.sophim.com\/fr\/contact\/\">Commandez votre \u00e9chantillon<\/a><\/span><\/p>\n<p>L\u2019obtention du <strong>squalane<\/strong> est rendue possible par l\u2019hydrog\u00e9nation du squal\u00e8ne. Gr\u00e2ce \u00e0 cette hydrog\u00e9nation, on sature la cha\u00eene carbon\u00e9e du squalane, qui devient ainsi plus r\u00e9sistant \u00e0 l\u2019oxydation que le squal\u00e8ne, et donc plus stable en <strong>formulation cosm\u00e9tique<\/strong>. Le squalane se pr\u00e9sente sous la forme d\u2019une huile <strong>sensorielle<\/strong>, incolore et inodore.<\/p>\n<p>PHYTOSQUALAN est un <strong>squalane naturel<\/strong>, d\u2019origine <strong>v\u00e9g\u00e9tale<\/strong>, fabriqu\u00e9 \u00e0 partir d\u2019une mati\u00e8re premi\u00e8re renouvelable, <strong>l\u2019Olive<\/strong>, et reconnu comme un ingr\u00e9dient incontournable des formulations cosm\u00e9tiques.<\/p>\n","protected":false},"excerpt":{"rendered":"<p>Le squalane est un hydrocarbure ramifi\u00e9 de formule chimique C30H62. Il est issu du squal\u00e8ne, un d\u00e9riv\u00e9 terp\u00e9nique naturellement pr\u00e9sent dans le corps humain, chez certains animaux et v\u00e9g\u00e9taux. La mol\u00e9cule de squal\u00e8ne (C30H50) est un composant majeur du s\u00e9bum humain et se trouve \u00e9galement dans certains v\u00e9g\u00e9taux. SOPHIM, sp\u00e9cialiste europ\u00e9en de la production de [&hellip;]<\/p>\n","protected":false},"author":23,"featured_media":0,"parent":0,"menu_order":57,"comment_status":"closed","ping_status":"closed","template":"template-pagesqualane.php","meta":{"footnotes":""},"class_list":["post-273","page","type-page","status-publish","hentry"],"yoast_head":"<!-- This site is optimized with the Yoast SEO plugin v27.4 - https:\/\/yoast.com\/product\/yoast-seo-wordpress\/ -->\n<title>Squalane V\u00e9g\u00e9tal : ingr\u00e9dient pour cosm\u00e9tique \u2013 Sophim<\/title>\n<meta name=\"description\" content=\"Le squalane v\u00e9g\u00e9tal et le squal\u00e8ne v\u00e9g\u00e9tal, sont utilis\u00e9s en cosm\u00e9tique pour leurs vertus \u00e9mollientes et leur sensorialit\u00e9 unique. Ils p\u00e9n\u00e8trent rapidement sans laisser de traces.\" \/>\n<meta name=\"robots\" content=\"index, follow, max-snippet:-1, max-image-preview:large, max-video-preview:-1\" \/>\n<link rel=\"canonical\" href=\"https:\/\/www.sophim.com\/fr\/squalane\/\" \/>\n<meta property=\"og:locale\" content=\"fr_FR\" \/>\n<meta property=\"og:type\" content=\"article\" \/>\n<meta property=\"og:title\" content=\"Squalane V\u00e9g\u00e9tal : ingr\u00e9dient pour cosm\u00e9tique \u2013 Sophim\" \/>\n<meta property=\"og:description\" content=\"Le squalane v\u00e9g\u00e9tal et le squal\u00e8ne v\u00e9g\u00e9tal, sont utilis\u00e9s en cosm\u00e9tique pour leurs vertus \u00e9mollientes et leur sensorialit\u00e9 unique. Ils p\u00e9n\u00e8trent rapidement sans laisser de traces.\" \/>\n<meta property=\"og:url\" content=\"https:\/\/www.sophim.com\/fr\/squalane\/\" \/>\n<meta property=\"og:site_name\" content=\"SOPHIM fournisseur ingr\u00e9dient cosm\u00e9tique\" \/>\n<meta property=\"article:modified_time\" content=\"2024-10-01T13:42:27+00:00\" \/>\n<meta property=\"og:image\" content=\"https:\/\/www.sophim.com\/wp-content\/uploads\/2019\/08\/PHYTOSQUALAN_1-compressed-1-scaled.jpg\" \/>\n\t<meta property=\"og:image:width\" content=\"1706\" \/>\n\t<meta property=\"og:image:height\" content=\"2560\" \/>\n\t<meta property=\"og:image:type\" content=\"image\/jpeg\" \/>\n<meta name=\"twitter:card\" content=\"summary_large_image\" \/>\n<meta name=\"twitter:image\" content=\"https:\/\/www.sophim.com\/wp-content\/uploads\/2019\/08\/PHYTOSQUALAN_1-compressed-1-scaled.jpg\" \/>\n<meta name=\"twitter:label1\" content=\"Dur\u00e9e de lecture estim\u00e9e\" \/>\n\t<meta name=\"twitter:data1\" content=\"1 minute\" \/>\n<script type=\"application\/ld+json\" class=\"yoast-schema-graph\">{\"@context\":\"https:\\\/\\\/schema.org\",\"@graph\":[{\"@type\":\"WebPage\",\"@id\":\"https:\\\/\\\/www.sophim.com\\\/fr\\\/squalane\\\/\",\"url\":\"https:\\\/\\\/www.sophim.com\\\/fr\\\/squalane\\\/\",\"name\":\"Squalane V\u00e9g\u00e9tal : ingr\u00e9dient pour cosm\u00e9tique \u2013 Sophim\",\"isPartOf\":{\"@id\":\"https:\\\/\\\/www.sophim.com\\\/fr\\\/#website\"},\"datePublished\":\"2019-05-31T13:00:57+00:00\",\"dateModified\":\"2024-10-01T13:42:27+00:00\",\"description\":\"Le squalane v\u00e9g\u00e9tal et le squal\u00e8ne v\u00e9g\u00e9tal, sont utilis\u00e9s en cosm\u00e9tique pour leurs vertus \u00e9mollientes et leur sensorialit\u00e9 unique. Ils p\u00e9n\u00e8trent rapidement sans laisser de traces.\",\"breadcrumb\":{\"@id\":\"https:\\\/\\\/www.sophim.com\\\/fr\\\/squalane\\\/#breadcrumb\"},\"inLanguage\":\"fr-FR\",\"potentialAction\":[{\"@type\":\"ReadAction\",\"target\":[\"https:\\\/\\\/www.sophim.com\\\/fr\\\/squalane\\\/\"]}]},{\"@type\":\"BreadcrumbList\",\"@id\":\"https:\\\/\\\/www.sophim.com\\\/fr\\\/squalane\\\/#breadcrumb\",\"itemListElement\":[{\"@type\":\"ListItem\",\"position\":1,\"name\":\"Home\",\"item\":\"https:\\\/\\\/www.sophim.com\\\/fr\\\/\"},{\"@type\":\"ListItem\",\"position\":2,\"name\":\"Squalane\"}]},{\"@type\":\"WebSite\",\"@id\":\"https:\\\/\\\/www.sophim.com\\\/fr\\\/#website\",\"url\":\"https:\\\/\\\/www.sophim.com\\\/fr\\\/\",\"name\":\"SOPHIM fournisseur ingr\u00e9dient cosm\u00e9tique\",\"description\":\"Sophim est un fabricant d&#039;ingr\u00e9dients cosm\u00e9tiques naturels\",\"publisher\":{\"@id\":\"https:\\\/\\\/www.sophim.com\\\/fr\\\/#organization\"},\"potentialAction\":[{\"@type\":\"SearchAction\",\"target\":{\"@type\":\"EntryPoint\",\"urlTemplate\":\"https:\\\/\\\/www.sophim.com\\\/fr\\\/?s={search_term_string}\"},\"query-input\":{\"@type\":\"PropertyValueSpecification\",\"valueRequired\":true,\"valueName\":\"search_term_string\"}}],\"inLanguage\":\"fr-FR\"},{\"@type\":\"Organization\",\"@id\":\"https:\\\/\\\/www.sophim.com\\\/fr\\\/#organization\",\"name\":\"Sophim\",\"url\":\"https:\\\/\\\/www.sophim.com\\\/fr\\\/\",\"logo\":{\"@type\":\"ImageObject\",\"inLanguage\":\"fr-FR\",\"@id\":\"https:\\\/\\\/www.sophim.com\\\/fr\\\/#\\\/schema\\\/logo\\\/image\\\/\",\"url\":\"https:\\\/\\\/www.sophim.com\\\/wp-content\\\/uploads\\\/2019\\\/01\\\/sophim_logo.png\",\"contentUrl\":\"https:\\\/\\\/www.sophim.com\\\/wp-content\\\/uploads\\\/2019\\\/01\\\/sophim_logo.png\",\"width\":327,\"height\":156,\"caption\":\"Sophim\"},\"image\":{\"@id\":\"https:\\\/\\\/www.sophim.com\\\/fr\\\/#\\\/schema\\\/logo\\\/image\\\/\"}}]}<\/script>\n<!-- \/ Yoast SEO plugin. -->","yoast_head_json":{"title":"Squalane V\u00e9g\u00e9tal : ingr\u00e9dient pour cosm\u00e9tique \u2013 Sophim","description":"Le squalane v\u00e9g\u00e9tal et le squal\u00e8ne v\u00e9g\u00e9tal, sont utilis\u00e9s en cosm\u00e9tique pour leurs vertus \u00e9mollientes et leur sensorialit\u00e9 unique. Ils p\u00e9n\u00e8trent rapidement sans laisser de traces.","robots":{"index":"index","follow":"follow","max-snippet":"max-snippet:-1","max-image-preview":"max-image-preview:large","max-video-preview":"max-video-preview:-1"},"canonical":"https:\/\/www.sophim.com\/fr\/squalane\/","og_locale":"fr_FR","og_type":"article","og_title":"Squalane V\u00e9g\u00e9tal : ingr\u00e9dient pour cosm\u00e9tique \u2013 Sophim","og_description":"Le squalane v\u00e9g\u00e9tal et le squal\u00e8ne v\u00e9g\u00e9tal, sont utilis\u00e9s en cosm\u00e9tique pour leurs vertus \u00e9mollientes et leur sensorialit\u00e9 unique. Ils p\u00e9n\u00e8trent rapidement sans laisser de traces.","og_url":"https:\/\/www.sophim.com\/fr\/squalane\/","og_site_name":"SOPHIM fournisseur ingr\u00e9dient cosm\u00e9tique","article_modified_time":"2024-10-01T13:42:27+00:00","og_image":[{"width":1706,"height":2560,"url":"https:\/\/www.sophim.com\/wp-content\/uploads\/2019\/08\/PHYTOSQUALAN_1-compressed-1-scaled.jpg","type":"image\/jpeg"}],"twitter_card":"summary_large_image","twitter_image":"https:\/\/www.sophim.com\/wp-content\/uploads\/2019\/08\/PHYTOSQUALAN_1-compressed-1-scaled.jpg","twitter_misc":{"Dur\u00e9e de lecture estim\u00e9e":"1 minute"},"schema":{"@context":"https:\/\/schema.org","@graph":[{"@type":"WebPage","@id":"https:\/\/www.sophim.com\/fr\/squalane\/","url":"https:\/\/www.sophim.com\/fr\/squalane\/","name":"Squalane V\u00e9g\u00e9tal : ingr\u00e9dient pour cosm\u00e9tique \u2013 Sophim","isPartOf":{"@id":"https:\/\/www.sophim.com\/fr\/#website"},"datePublished":"2019-05-31T13:00:57+00:00","dateModified":"2024-10-01T13:42:27+00:00","description":"Le squalane v\u00e9g\u00e9tal et le squal\u00e8ne v\u00e9g\u00e9tal, sont utilis\u00e9s en cosm\u00e9tique pour leurs vertus \u00e9mollientes et leur sensorialit\u00e9 unique. Ils p\u00e9n\u00e8trent rapidement sans laisser de traces.","breadcrumb":{"@id":"https:\/\/www.sophim.com\/fr\/squalane\/#breadcrumb"},"inLanguage":"fr-FR","potentialAction":[{"@type":"ReadAction","target":["https:\/\/www.sophim.com\/fr\/squalane\/"]}]},{"@type":"BreadcrumbList","@id":"https:\/\/www.sophim.com\/fr\/squalane\/#breadcrumb","itemListElement":[{"@type":"ListItem","position":1,"name":"Home","item":"https:\/\/www.sophim.com\/fr\/"},{"@type":"ListItem","position":2,"name":"Squalane"}]},{"@type":"WebSite","@id":"https:\/\/www.sophim.com\/fr\/#website","url":"https:\/\/www.sophim.com\/fr\/","name":"SOPHIM fournisseur ingr\u00e9dient cosm\u00e9tique","description":"Sophim est un fabricant d&#039;ingr\u00e9dients cosm\u00e9tiques naturels","publisher":{"@id":"https:\/\/www.sophim.com\/fr\/#organization"},"potentialAction":[{"@type":"SearchAction","target":{"@type":"EntryPoint","urlTemplate":"https:\/\/www.sophim.com\/fr\/?s={search_term_string}"},"query-input":{"@type":"PropertyValueSpecification","valueRequired":true,"valueName":"search_term_string"}}],"inLanguage":"fr-FR"},{"@type":"Organization","@id":"https:\/\/www.sophim.com\/fr\/#organization","name":"Sophim","url":"https:\/\/www.sophim.com\/fr\/","logo":{"@type":"ImageObject","inLanguage":"fr-FR","@id":"https:\/\/www.sophim.com\/fr\/#\/schema\/logo\/image\/","url":"https:\/\/www.sophim.com\/wp-content\/uploads\/2019\/01\/sophim_logo.png","contentUrl":"https:\/\/www.sophim.com\/wp-content\/uploads\/2019\/01\/sophim_logo.png","width":327,"height":156,"caption":"Sophim"},"image":{"@id":"https:\/\/www.sophim.com\/fr\/#\/schema\/logo\/image\/"}}]}},"_links":{"self":[{"href":"https:\/\/www.sophim.com\/fr\/wp-json\/wp\/v2\/pages\/273","targetHints":{"allow":["GET"]}}],"collection":[{"href":"https:\/\/www.sophim.com\/fr\/wp-json\/wp\/v2\/pages"}],"about":[{"href":"https:\/\/www.sophim.com\/fr\/wp-json\/wp\/v2\/types\/page"}],"author":[{"embeddable":true,"href":"https:\/\/www.sophim.com\/fr\/wp-json\/wp\/v2\/users\/23"}],"replies":[{"embeddable":true,"href":"https:\/\/www.sophim.com\/fr\/wp-json\/wp\/v2\/comments?post=273"}],"version-history":[{"count":0,"href":"https:\/\/www.sophim.com\/fr\/wp-json\/wp\/v2\/pages\/273\/revisions"}],"wp:attachment":[{"href":"https:\/\/www.sophim.com\/fr\/wp-json\/wp\/v2\/media?parent=273"}],"curies":[{"name":"wp","href":"https:\/\/api.w.org\/{rel}","templated":true}]}}