{"id":275,"date":"2019-05-31T15:06:09","date_gmt":"2019-05-31T13:06:09","guid":{"rendered":"https:\/\/www.sophim.com?page_id=275"},"modified":"2025-04-18T16:20:16","modified_gmt":"2025-04-18T14:20:16","slug":"beurre-vegetal","status":"publish","type":"page","link":"https:\/\/www.sophim.com\/fr\/beurre-vegetal\/","title":{"rendered":"Beurre cosm\u00e9tique v\u00e9g\u00e9tal"},"content":{"rendered":"<p><strong>Les beurres v\u00e9g\u00e9taux sont des corps gras qui ont les m\u00eames propri\u00e9t\u00e9s que les huiles v\u00e9g\u00e9tales. Mais contrairement aux\u00a0huiles v\u00e9g\u00e9tales\u00a0sous forme liquide ou fluide \u00e0 temp\u00e9rature ambiante, les beurres pour la cosm\u00e9tique sont des corps gras solides et onctueux.<\/strong><\/p>\n<p>&nbsp;<\/p>\n","protected":false},"excerpt":{"rendered":"<p>Les beurres v\u00e9g\u00e9taux sont des corps gras qui ont les m\u00eames propri\u00e9t\u00e9s que les huiles v\u00e9g\u00e9tales. Mais contrairement aux\u00a0huiles v\u00e9g\u00e9tales\u00a0sous forme liquide ou fluide \u00e0 temp\u00e9rature ambiante, les beurres pour la cosm\u00e9tique sont des corps gras solides et onctueux. &nbsp;<\/p>\n","protected":false},"author":23,"featured_media":1998,"parent":0,"menu_order":54,"comment_status":"closed","ping_status":"closed","template":"template-sous-categorie.php","meta":{"footnotes":""},"class_list":["post-275","page","type-page","status-publish","has-post-thumbnail","hentry"],"yoast_head":"<!-- This site is optimized with the Yoast SEO plugin v27.4 - https:\/\/yoast.com\/product\/yoast-seo-wordpress\/ -->\n<title>Beurre v\u00e9g\u00e9tal cosm\u00e9tique : commandez un \u00e9chantillon | SOPHIM<\/title>\n<meta name=\"description\" content=\"Le beurre v\u00e9g\u00e9tal est un ingr\u00e9dient de choix en Cosm\u00e9tique naturelle, et dispose de nombreuses propri\u00e9t\u00e9s\u00a0; il nourrit la peau en profondeur, am\u00e9liore son \u00e9lasticit\u00e9 et la prot\u00e8ge des agressions ext\u00e9rieures.\" \/>\n<meta name=\"robots\" content=\"index, follow, max-snippet:-1, max-image-preview:large, max-video-preview:-1\" \/>\n<link rel=\"canonical\" href=\"https:\/\/www.sophim.com\/fr\/beurre-vegetal\/\" \/>\n<meta property=\"og:locale\" content=\"fr_FR\" \/>\n<meta property=\"og:type\" content=\"article\" \/>\n<meta property=\"og:title\" content=\"Beurre v\u00e9g\u00e9tal cosm\u00e9tique : commandez un \u00e9chantillon | SOPHIM\" \/>\n<meta property=\"og:description\" content=\"Le beurre v\u00e9g\u00e9tal est un ingr\u00e9dient de choix en Cosm\u00e9tique naturelle, et dispose de nombreuses propri\u00e9t\u00e9s\u00a0; il nourrit la peau en profondeur, am\u00e9liore son \u00e9lasticit\u00e9 et la prot\u00e8ge des agressions ext\u00e9rieures.\" \/>\n<meta property=\"og:url\" content=\"https:\/\/www.sophim.com\/fr\/beurre-vegetal\/\" \/>\n<meta property=\"og:site_name\" content=\"SOPHIM fournisseur ingr\u00e9dient cosm\u00e9tique\" \/>\n<meta property=\"article:modified_time\" content=\"2025-04-18T14:20:16+00:00\" \/>\n<meta property=\"og:image\" content=\"https:\/\/www.sophim.com\/wp-content\/uploads\/2020\/07\/1679x498_beurrevege_sophim.jpg\" \/>\n\t<meta property=\"og:image:width\" content=\"1679\" \/>\n\t<meta property=\"og:image:height\" content=\"498\" \/>\n\t<meta property=\"og:image:type\" content=\"image\/jpeg\" \/>\n<meta name=\"twitter:card\" content=\"summary_large_image\" \/>\n<meta name=\"twitter:label1\" content=\"Dur\u00e9e de lecture estim\u00e9e\" \/>\n\t<meta name=\"twitter:data1\" content=\"1 minute\" \/>\n<script type=\"application\/ld+json\" class=\"yoast-schema-graph\">{\"@context\":\"https:\\\/\\\/schema.org\",\"@graph\":[{\"@type\":\"WebPage\",\"@id\":\"https:\\\/\\\/www.sophim.com\\\/fr\\\/beurre-vegetal\\\/\",\"url\":\"https:\\\/\\\/www.sophim.com\\\/fr\\\/beurre-vegetal\\\/\",\"name\":\"Beurre v\u00e9g\u00e9tal cosm\u00e9tique : commandez un \u00e9chantillon | SOPHIM\",\"isPartOf\":{\"@id\":\"https:\\\/\\\/www.sophim.com\\\/fr\\\/#website\"},\"primaryImageOfPage\":{\"@id\":\"https:\\\/\\\/www.sophim.com\\\/fr\\\/beurre-vegetal\\\/#primaryimage\"},\"image\":{\"@id\":\"https:\\\/\\\/www.sophim.com\\\/fr\\\/beurre-vegetal\\\/#primaryimage\"},\"thumbnailUrl\":\"https:\\\/\\\/www.sophim.com\\\/wp-content\\\/uploads\\\/2020\\\/07\\\/1679x498_beurrevege_sophim.jpg\",\"datePublished\":\"2019-05-31T13:06:09+00:00\",\"dateModified\":\"2025-04-18T14:20:16+00:00\",\"description\":\"Le beurre v\u00e9g\u00e9tal est un ingr\u00e9dient de choix en Cosm\u00e9tique naturelle, et dispose de nombreuses propri\u00e9t\u00e9s\u00a0; il nourrit la peau en profondeur, am\u00e9liore son \u00e9lasticit\u00e9 et la prot\u00e8ge des agressions ext\u00e9rieures.\",\"breadcrumb\":{\"@id\":\"https:\\\/\\\/www.sophim.com\\\/fr\\\/beurre-vegetal\\\/#breadcrumb\"},\"inLanguage\":\"fr-FR\",\"potentialAction\":[{\"@type\":\"ReadAction\",\"target\":[\"https:\\\/\\\/www.sophim.com\\\/fr\\\/beurre-vegetal\\\/\"]}]},{\"@type\":\"ImageObject\",\"inLanguage\":\"fr-FR\",\"@id\":\"https:\\\/\\\/www.sophim.com\\\/fr\\\/beurre-vegetal\\\/#primaryimage\",\"url\":\"https:\\\/\\\/www.sophim.com\\\/wp-content\\\/uploads\\\/2020\\\/07\\\/1679x498_beurrevege_sophim.jpg\",\"contentUrl\":\"https:\\\/\\\/www.sophim.com\\\/wp-content\\\/uploads\\\/2020\\\/07\\\/1679x498_beurrevege_sophim.jpg\",\"width\":1679,\"height\":498},{\"@type\":\"BreadcrumbList\",\"@id\":\"https:\\\/\\\/www.sophim.com\\\/fr\\\/beurre-vegetal\\\/#breadcrumb\",\"itemListElement\":[{\"@type\":\"ListItem\",\"position\":1,\"name\":\"Home\",\"item\":\"https:\\\/\\\/www.sophim.com\\\/fr\\\/\"},{\"@type\":\"ListItem\",\"position\":2,\"name\":\"Beurre cosm\u00e9tique v\u00e9g\u00e9tal\"}]},{\"@type\":\"WebSite\",\"@id\":\"https:\\\/\\\/www.sophim.com\\\/fr\\\/#website\",\"url\":\"https:\\\/\\\/www.sophim.com\\\/fr\\\/\",\"name\":\"SOPHIM fournisseur ingr\u00e9dient cosm\u00e9tique\",\"description\":\"Sophim est un fabricant d&#039;ingr\u00e9dients cosm\u00e9tiques naturels\",\"publisher\":{\"@id\":\"https:\\\/\\\/www.sophim.com\\\/fr\\\/#organization\"},\"potentialAction\":[{\"@type\":\"SearchAction\",\"target\":{\"@type\":\"EntryPoint\",\"urlTemplate\":\"https:\\\/\\\/www.sophim.com\\\/fr\\\/?s={search_term_string}\"},\"query-input\":{\"@type\":\"PropertyValueSpecification\",\"valueRequired\":true,\"valueName\":\"search_term_string\"}}],\"inLanguage\":\"fr-FR\"},{\"@type\":\"Organization\",\"@id\":\"https:\\\/\\\/www.sophim.com\\\/fr\\\/#organization\",\"name\":\"Sophim\",\"url\":\"https:\\\/\\\/www.sophim.com\\\/fr\\\/\",\"logo\":{\"@type\":\"ImageObject\",\"inLanguage\":\"fr-FR\",\"@id\":\"https:\\\/\\\/www.sophim.com\\\/fr\\\/#\\\/schema\\\/logo\\\/image\\\/\",\"url\":\"https:\\\/\\\/www.sophim.com\\\/wp-content\\\/uploads\\\/2019\\\/01\\\/sophim_logo.png\",\"contentUrl\":\"https:\\\/\\\/www.sophim.com\\\/wp-content\\\/uploads\\\/2019\\\/01\\\/sophim_logo.png\",\"width\":327,\"height\":156,\"caption\":\"Sophim\"},\"image\":{\"@id\":\"https:\\\/\\\/www.sophim.com\\\/fr\\\/#\\\/schema\\\/logo\\\/image\\\/\"}}]}<\/script>\n<!-- \/ Yoast SEO plugin. -->","yoast_head_json":{"title":"Beurre v\u00e9g\u00e9tal cosm\u00e9tique : commandez un \u00e9chantillon | SOPHIM","description":"Le beurre v\u00e9g\u00e9tal est un ingr\u00e9dient de choix en Cosm\u00e9tique naturelle, et dispose de nombreuses propri\u00e9t\u00e9s\u00a0; il nourrit la peau en profondeur, am\u00e9liore son \u00e9lasticit\u00e9 et la prot\u00e8ge des agressions ext\u00e9rieures.","robots":{"index":"index","follow":"follow","max-snippet":"max-snippet:-1","max-image-preview":"max-image-preview:large","max-video-preview":"max-video-preview:-1"},"canonical":"https:\/\/www.sophim.com\/fr\/beurre-vegetal\/","og_locale":"fr_FR","og_type":"article","og_title":"Beurre v\u00e9g\u00e9tal cosm\u00e9tique : commandez un \u00e9chantillon | SOPHIM","og_description":"Le beurre v\u00e9g\u00e9tal est un ingr\u00e9dient de choix en Cosm\u00e9tique naturelle, et dispose de nombreuses propri\u00e9t\u00e9s\u00a0; il nourrit la peau en profondeur, am\u00e9liore son \u00e9lasticit\u00e9 et la prot\u00e8ge des agressions ext\u00e9rieures.","og_url":"https:\/\/www.sophim.com\/fr\/beurre-vegetal\/","og_site_name":"SOPHIM fournisseur ingr\u00e9dient cosm\u00e9tique","article_modified_time":"2025-04-18T14:20:16+00:00","og_image":[{"width":1679,"height":498,"url":"https:\/\/www.sophim.com\/wp-content\/uploads\/2020\/07\/1679x498_beurrevege_sophim.jpg","type":"image\/jpeg"}],"twitter_card":"summary_large_image","twitter_misc":{"Dur\u00e9e de lecture estim\u00e9e":"1 minute"},"schema":{"@context":"https:\/\/schema.org","@graph":[{"@type":"WebPage","@id":"https:\/\/www.sophim.com\/fr\/beurre-vegetal\/","url":"https:\/\/www.sophim.com\/fr\/beurre-vegetal\/","name":"Beurre v\u00e9g\u00e9tal cosm\u00e9tique : commandez un \u00e9chantillon | SOPHIM","isPartOf":{"@id":"https:\/\/www.sophim.com\/fr\/#website"},"primaryImageOfPage":{"@id":"https:\/\/www.sophim.com\/fr\/beurre-vegetal\/#primaryimage"},"image":{"@id":"https:\/\/www.sophim.com\/fr\/beurre-vegetal\/#primaryimage"},"thumbnailUrl":"https:\/\/www.sophim.com\/wp-content\/uploads\/2020\/07\/1679x498_beurrevege_sophim.jpg","datePublished":"2019-05-31T13:06:09+00:00","dateModified":"2025-04-18T14:20:16+00:00","description":"Le beurre v\u00e9g\u00e9tal est un ingr\u00e9dient de choix en Cosm\u00e9tique naturelle, et dispose de nombreuses propri\u00e9t\u00e9s\u00a0; il nourrit la peau en profondeur, am\u00e9liore son \u00e9lasticit\u00e9 et la prot\u00e8ge des agressions ext\u00e9rieures.","breadcrumb":{"@id":"https:\/\/www.sophim.com\/fr\/beurre-vegetal\/#breadcrumb"},"inLanguage":"fr-FR","potentialAction":[{"@type":"ReadAction","target":["https:\/\/www.sophim.com\/fr\/beurre-vegetal\/"]}]},{"@type":"ImageObject","inLanguage":"fr-FR","@id":"https:\/\/www.sophim.com\/fr\/beurre-vegetal\/#primaryimage","url":"https:\/\/www.sophim.com\/wp-content\/uploads\/2020\/07\/1679x498_beurrevege_sophim.jpg","contentUrl":"https:\/\/www.sophim.com\/wp-content\/uploads\/2020\/07\/1679x498_beurrevege_sophim.jpg","width":1679,"height":498},{"@type":"BreadcrumbList","@id":"https:\/\/www.sophim.com\/fr\/beurre-vegetal\/#breadcrumb","itemListElement":[{"@type":"ListItem","position":1,"name":"Home","item":"https:\/\/www.sophim.com\/fr\/"},{"@type":"ListItem","position":2,"name":"Beurre cosm\u00e9tique v\u00e9g\u00e9tal"}]},{"@type":"WebSite","@id":"https:\/\/www.sophim.com\/fr\/#website","url":"https:\/\/www.sophim.com\/fr\/","name":"SOPHIM fournisseur ingr\u00e9dient cosm\u00e9tique","description":"Sophim est un fabricant d&#039;ingr\u00e9dients cosm\u00e9tiques naturels","publisher":{"@id":"https:\/\/www.sophim.com\/fr\/#organization"},"potentialAction":[{"@type":"SearchAction","target":{"@type":"EntryPoint","urlTemplate":"https:\/\/www.sophim.com\/fr\/?s={search_term_string}"},"query-input":{"@type":"PropertyValueSpecification","valueRequired":true,"valueName":"search_term_string"}}],"inLanguage":"fr-FR"},{"@type":"Organization","@id":"https:\/\/www.sophim.com\/fr\/#organization","name":"Sophim","url":"https:\/\/www.sophim.com\/fr\/","logo":{"@type":"ImageObject","inLanguage":"fr-FR","@id":"https:\/\/www.sophim.com\/fr\/#\/schema\/logo\/image\/","url":"https:\/\/www.sophim.com\/wp-content\/uploads\/2019\/01\/sophim_logo.png","contentUrl":"https:\/\/www.sophim.com\/wp-content\/uploads\/2019\/01\/sophim_logo.png","width":327,"height":156,"caption":"Sophim"},"image":{"@id":"https:\/\/www.sophim.com\/fr\/#\/schema\/logo\/image\/"}}]}},"_links":{"self":[{"href":"https:\/\/www.sophim.com\/fr\/wp-json\/wp\/v2\/pages\/275","targetHints":{"allow":["GET"]}}],"collection":[{"href":"https:\/\/www.sophim.com\/fr\/wp-json\/wp\/v2\/pages"}],"about":[{"href":"https:\/\/www.sophim.com\/fr\/wp-json\/wp\/v2\/types\/page"}],"author":[{"embeddable":true,"href":"https:\/\/www.sophim.com\/fr\/wp-json\/wp\/v2\/users\/23"}],"replies":[{"embeddable":true,"href":"https:\/\/www.sophim.com\/fr\/wp-json\/wp\/v2\/comments?post=275"}],"version-history":[{"count":0,"href":"https:\/\/www.sophim.com\/fr\/wp-json\/wp\/v2\/pages\/275\/revisions"}],"wp:featuredmedia":[{"embeddable":true,"href":"https:\/\/www.sophim.com\/fr\/wp-json\/wp\/v2\/media\/1998"}],"wp:attachment":[{"href":"https:\/\/www.sophim.com\/fr\/wp-json\/wp\/v2\/media?parent=275"}],"curies":[{"name":"wp","href":"https:\/\/api.w.org\/{rel}","templated":true}]}}