{"id":277,"date":"2019-05-31T15:09:24","date_gmt":"2019-05-31T13:09:24","guid":{"rendered":"https:\/\/www.sophim.com?page_id=277"},"modified":"2025-04-18T16:19:56","modified_gmt":"2025-04-18T14:19:56","slug":"cire-naturelle","status":"publish","type":"page","link":"https:\/\/www.sophim.com\/fr\/cire-naturelle\/","title":{"rendered":"Cires v\u00e9g\u00e9tales cosm\u00e9tiques naturelles"},"content":{"rendered":"<p>A la recherche de produits cosm\u00e9tiques plus naturels, les formulateurs d\u2019aujourd\u2019hui cherchent \u00e0 remplacer des cires comme les paraffines, les cires min\u00e9rales, les cires animales, et l&rsquo;ozok\u00e9rite par des alternatives v\u00e9g\u00e9tales. Ces solutions permettent \u00e0 l&rsquo;industrie cosm\u00e9tique de proposer des produits finis d\u2019origine v\u00e9g\u00e9tale. <a href=\"https:\/\/www.sophim.com\/\">SOPHIM, fabricant d\u2019ingr\u00e9dients cosm\u00e9tiques<\/a> naturels, s&rsquo;engage dans cette d\u00e9marche en explorant les cires v\u00e9g\u00e9tales avec sa gamme Phytowax\u00ae.<\/p>\n","protected":false},"excerpt":{"rendered":"<p>A la recherche de produits cosm\u00e9tiques plus naturels, les formulateurs d\u2019aujourd\u2019hui cherchent \u00e0 remplacer des cires comme les paraffines, les cires min\u00e9rales, les cires animales, et l&rsquo;ozok\u00e9rite par des alternatives v\u00e9g\u00e9tales. Ces solutions permettent \u00e0 l&rsquo;industrie cosm\u00e9tique de proposer des produits finis d\u2019origine v\u00e9g\u00e9tale. SOPHIM, fabricant d\u2019ingr\u00e9dients cosm\u00e9tiques naturels, s&rsquo;engage dans cette d\u00e9marche en explorant [&hellip;]<\/p>\n","protected":false},"author":23,"featured_media":1996,"parent":0,"menu_order":53,"comment_status":"closed","ping_status":"closed","template":"template-sous-categorie.php","meta":{"footnotes":""},"class_list":["post-277","page","type-page","status-publish","has-post-thumbnail","hentry"],"yoast_head":"<!-- This site is optimized with the Yoast SEO plugin v27.5 - https:\/\/yoast.com\/product\/yoast-seo-wordpress\/ -->\n<title>Cires v\u00e9g\u00e9tales pour cosm\u00e9tiques naturels : Cires Esters | SOPHIM<\/title>\n<meta name=\"description\" content=\"Les cires entrent dans la composition de nombreux produits cosm\u00e9tiques de par leurs propri\u00e9t\u00e9s hydratantes, \u00e9mollientes et texturantes.\" \/>\n<meta name=\"robots\" content=\"index, follow, max-snippet:-1, max-image-preview:large, max-video-preview:-1\" \/>\n<link rel=\"canonical\" href=\"https:\/\/www.sophim.com\/fr\/cire-naturelle\/\" \/>\n<meta property=\"og:locale\" content=\"fr_FR\" \/>\n<meta property=\"og:type\" content=\"article\" \/>\n<meta property=\"og:title\" content=\"Cires v\u00e9g\u00e9tales pour cosm\u00e9tiques naturels : Cires Esters | SOPHIM\" \/>\n<meta property=\"og:description\" content=\"Les cires entrent dans la composition de nombreux produits cosm\u00e9tiques de par leurs propri\u00e9t\u00e9s hydratantes, \u00e9mollientes et texturantes.\" \/>\n<meta property=\"og:url\" content=\"https:\/\/www.sophim.com\/fr\/cire-naturelle\/\" \/>\n<meta property=\"og:site_name\" content=\"SOPHIM fournisseur ingr\u00e9dient cosm\u00e9tique\" \/>\n<meta property=\"article:modified_time\" content=\"2025-04-18T14:19:56+00:00\" \/>\n<meta property=\"og:image\" content=\"https:\/\/www.sophim.com\/wp-content\/uploads\/2020\/07\/1679x498_cirenaturelle_sophim.jpg\" \/>\n\t<meta property=\"og:image:width\" content=\"1679\" \/>\n\t<meta property=\"og:image:height\" content=\"498\" \/>\n\t<meta property=\"og:image:type\" content=\"image\/jpeg\" \/>\n<meta name=\"twitter:card\" content=\"summary_large_image\" \/>\n<meta name=\"twitter:label1\" content=\"Dur\u00e9e de lecture estim\u00e9e\" \/>\n\t<meta name=\"twitter:data1\" content=\"1 minute\" \/>\n<script type=\"application\/ld+json\" class=\"yoast-schema-graph\">{\"@context\":\"https:\\\/\\\/schema.org\",\"@graph\":[{\"@type\":\"WebPage\",\"@id\":\"https:\\\/\\\/www.sophim.com\\\/fr\\\/cire-naturelle\\\/\",\"url\":\"https:\\\/\\\/www.sophim.com\\\/fr\\\/cire-naturelle\\\/\",\"name\":\"Cires v\u00e9g\u00e9tales pour cosm\u00e9tiques naturels : Cires Esters | SOPHIM\",\"isPartOf\":{\"@id\":\"https:\\\/\\\/www.sophim.com\\\/fr\\\/#website\"},\"primaryImageOfPage\":{\"@id\":\"https:\\\/\\\/www.sophim.com\\\/fr\\\/cire-naturelle\\\/#primaryimage\"},\"image\":{\"@id\":\"https:\\\/\\\/www.sophim.com\\\/fr\\\/cire-naturelle\\\/#primaryimage\"},\"thumbnailUrl\":\"https:\\\/\\\/www.sophim.com\\\/wp-content\\\/uploads\\\/2020\\\/07\\\/1679x498_cirenaturelle_sophim.jpg\",\"datePublished\":\"2019-05-31T13:09:24+00:00\",\"dateModified\":\"2025-04-18T14:19:56+00:00\",\"description\":\"Les cires entrent dans la composition de nombreux produits cosm\u00e9tiques de par leurs propri\u00e9t\u00e9s hydratantes, \u00e9mollientes et texturantes.\",\"breadcrumb\":{\"@id\":\"https:\\\/\\\/www.sophim.com\\\/fr\\\/cire-naturelle\\\/#breadcrumb\"},\"inLanguage\":\"fr-FR\",\"potentialAction\":[{\"@type\":\"ReadAction\",\"target\":[\"https:\\\/\\\/www.sophim.com\\\/fr\\\/cire-naturelle\\\/\"]}]},{\"@type\":\"ImageObject\",\"inLanguage\":\"fr-FR\",\"@id\":\"https:\\\/\\\/www.sophim.com\\\/fr\\\/cire-naturelle\\\/#primaryimage\",\"url\":\"https:\\\/\\\/www.sophim.com\\\/wp-content\\\/uploads\\\/2020\\\/07\\\/1679x498_cirenaturelle_sophim.jpg\",\"contentUrl\":\"https:\\\/\\\/www.sophim.com\\\/wp-content\\\/uploads\\\/2020\\\/07\\\/1679x498_cirenaturelle_sophim.jpg\",\"width\":1679,\"height\":498},{\"@type\":\"BreadcrumbList\",\"@id\":\"https:\\\/\\\/www.sophim.com\\\/fr\\\/cire-naturelle\\\/#breadcrumb\",\"itemListElement\":[{\"@type\":\"ListItem\",\"position\":1,\"name\":\"Home\",\"item\":\"https:\\\/\\\/www.sophim.com\\\/fr\\\/\"},{\"@type\":\"ListItem\",\"position\":2,\"name\":\"Cires v\u00e9g\u00e9tales cosm\u00e9tiques naturelles\"}]},{\"@type\":\"WebSite\",\"@id\":\"https:\\\/\\\/www.sophim.com\\\/fr\\\/#website\",\"url\":\"https:\\\/\\\/www.sophim.com\\\/fr\\\/\",\"name\":\"SOPHIM fournisseur ingr\u00e9dient cosm\u00e9tique\",\"description\":\"Sophim est un fabricant d&#039;ingr\u00e9dients cosm\u00e9tiques naturels\",\"publisher\":{\"@id\":\"https:\\\/\\\/www.sophim.com\\\/fr\\\/#organization\"},\"potentialAction\":[{\"@type\":\"SearchAction\",\"target\":{\"@type\":\"EntryPoint\",\"urlTemplate\":\"https:\\\/\\\/www.sophim.com\\\/fr\\\/?s={search_term_string}\"},\"query-input\":{\"@type\":\"PropertyValueSpecification\",\"valueRequired\":true,\"valueName\":\"search_term_string\"}}],\"inLanguage\":\"fr-FR\"},{\"@type\":\"Organization\",\"@id\":\"https:\\\/\\\/www.sophim.com\\\/fr\\\/#organization\",\"name\":\"Sophim\",\"url\":\"https:\\\/\\\/www.sophim.com\\\/fr\\\/\",\"logo\":{\"@type\":\"ImageObject\",\"inLanguage\":\"fr-FR\",\"@id\":\"https:\\\/\\\/www.sophim.com\\\/fr\\\/#\\\/schema\\\/logo\\\/image\\\/\",\"url\":\"https:\\\/\\\/www.sophim.com\\\/wp-content\\\/uploads\\\/2019\\\/01\\\/sophim_logo.png\",\"contentUrl\":\"https:\\\/\\\/www.sophim.com\\\/wp-content\\\/uploads\\\/2019\\\/01\\\/sophim_logo.png\",\"width\":327,\"height\":156,\"caption\":\"Sophim\"},\"image\":{\"@id\":\"https:\\\/\\\/www.sophim.com\\\/fr\\\/#\\\/schema\\\/logo\\\/image\\\/\"}}]}<\/script>\n<!-- \/ Yoast SEO plugin. -->","yoast_head_json":{"title":"Cires v\u00e9g\u00e9tales pour cosm\u00e9tiques naturels : Cires Esters | SOPHIM","description":"Les cires entrent dans la composition de nombreux produits cosm\u00e9tiques de par leurs propri\u00e9t\u00e9s hydratantes, \u00e9mollientes et texturantes.","robots":{"index":"index","follow":"follow","max-snippet":"max-snippet:-1","max-image-preview":"max-image-preview:large","max-video-preview":"max-video-preview:-1"},"canonical":"https:\/\/www.sophim.com\/fr\/cire-naturelle\/","og_locale":"fr_FR","og_type":"article","og_title":"Cires v\u00e9g\u00e9tales pour cosm\u00e9tiques naturels : Cires Esters | SOPHIM","og_description":"Les cires entrent dans la composition de nombreux produits cosm\u00e9tiques de par leurs propri\u00e9t\u00e9s hydratantes, \u00e9mollientes et texturantes.","og_url":"https:\/\/www.sophim.com\/fr\/cire-naturelle\/","og_site_name":"SOPHIM fournisseur ingr\u00e9dient cosm\u00e9tique","article_modified_time":"2025-04-18T14:19:56+00:00","og_image":[{"width":1679,"height":498,"url":"https:\/\/www.sophim.com\/wp-content\/uploads\/2020\/07\/1679x498_cirenaturelle_sophim.jpg","type":"image\/jpeg"}],"twitter_card":"summary_large_image","twitter_misc":{"Dur\u00e9e de lecture estim\u00e9e":"1 minute"},"schema":{"@context":"https:\/\/schema.org","@graph":[{"@type":"WebPage","@id":"https:\/\/www.sophim.com\/fr\/cire-naturelle\/","url":"https:\/\/www.sophim.com\/fr\/cire-naturelle\/","name":"Cires v\u00e9g\u00e9tales pour cosm\u00e9tiques naturels : Cires Esters | SOPHIM","isPartOf":{"@id":"https:\/\/www.sophim.com\/fr\/#website"},"primaryImageOfPage":{"@id":"https:\/\/www.sophim.com\/fr\/cire-naturelle\/#primaryimage"},"image":{"@id":"https:\/\/www.sophim.com\/fr\/cire-naturelle\/#primaryimage"},"thumbnailUrl":"https:\/\/www.sophim.com\/wp-content\/uploads\/2020\/07\/1679x498_cirenaturelle_sophim.jpg","datePublished":"2019-05-31T13:09:24+00:00","dateModified":"2025-04-18T14:19:56+00:00","description":"Les cires entrent dans la composition de nombreux produits cosm\u00e9tiques de par leurs propri\u00e9t\u00e9s hydratantes, \u00e9mollientes et texturantes.","breadcrumb":{"@id":"https:\/\/www.sophim.com\/fr\/cire-naturelle\/#breadcrumb"},"inLanguage":"fr-FR","potentialAction":[{"@type":"ReadAction","target":["https:\/\/www.sophim.com\/fr\/cire-naturelle\/"]}]},{"@type":"ImageObject","inLanguage":"fr-FR","@id":"https:\/\/www.sophim.com\/fr\/cire-naturelle\/#primaryimage","url":"https:\/\/www.sophim.com\/wp-content\/uploads\/2020\/07\/1679x498_cirenaturelle_sophim.jpg","contentUrl":"https:\/\/www.sophim.com\/wp-content\/uploads\/2020\/07\/1679x498_cirenaturelle_sophim.jpg","width":1679,"height":498},{"@type":"BreadcrumbList","@id":"https:\/\/www.sophim.com\/fr\/cire-naturelle\/#breadcrumb","itemListElement":[{"@type":"ListItem","position":1,"name":"Home","item":"https:\/\/www.sophim.com\/fr\/"},{"@type":"ListItem","position":2,"name":"Cires v\u00e9g\u00e9tales cosm\u00e9tiques naturelles"}]},{"@type":"WebSite","@id":"https:\/\/www.sophim.com\/fr\/#website","url":"https:\/\/www.sophim.com\/fr\/","name":"SOPHIM fournisseur ingr\u00e9dient cosm\u00e9tique","description":"Sophim est un fabricant d&#039;ingr\u00e9dients cosm\u00e9tiques naturels","publisher":{"@id":"https:\/\/www.sophim.com\/fr\/#organization"},"potentialAction":[{"@type":"SearchAction","target":{"@type":"EntryPoint","urlTemplate":"https:\/\/www.sophim.com\/fr\/?s={search_term_string}"},"query-input":{"@type":"PropertyValueSpecification","valueRequired":true,"valueName":"search_term_string"}}],"inLanguage":"fr-FR"},{"@type":"Organization","@id":"https:\/\/www.sophim.com\/fr\/#organization","name":"Sophim","url":"https:\/\/www.sophim.com\/fr\/","logo":{"@type":"ImageObject","inLanguage":"fr-FR","@id":"https:\/\/www.sophim.com\/fr\/#\/schema\/logo\/image\/","url":"https:\/\/www.sophim.com\/wp-content\/uploads\/2019\/01\/sophim_logo.png","contentUrl":"https:\/\/www.sophim.com\/wp-content\/uploads\/2019\/01\/sophim_logo.png","width":327,"height":156,"caption":"Sophim"},"image":{"@id":"https:\/\/www.sophim.com\/fr\/#\/schema\/logo\/image\/"}}]}},"_links":{"self":[{"href":"https:\/\/www.sophim.com\/fr\/wp-json\/wp\/v2\/pages\/277","targetHints":{"allow":["GET"]}}],"collection":[{"href":"https:\/\/www.sophim.com\/fr\/wp-json\/wp\/v2\/pages"}],"about":[{"href":"https:\/\/www.sophim.com\/fr\/wp-json\/wp\/v2\/types\/page"}],"author":[{"embeddable":true,"href":"https:\/\/www.sophim.com\/fr\/wp-json\/wp\/v2\/users\/23"}],"replies":[{"embeddable":true,"href":"https:\/\/www.sophim.com\/fr\/wp-json\/wp\/v2\/comments?post=277"}],"version-history":[{"count":0,"href":"https:\/\/www.sophim.com\/fr\/wp-json\/wp\/v2\/pages\/277\/revisions"}],"wp:featuredmedia":[{"embeddable":true,"href":"https:\/\/www.sophim.com\/fr\/wp-json\/wp\/v2\/media\/1996"}],"wp:attachment":[{"href":"https:\/\/www.sophim.com\/fr\/wp-json\/wp\/v2\/media?parent=277"}],"curies":[{"name":"wp","href":"https:\/\/api.w.org\/{rel}","templated":true}]}}