{"id":281,"date":"2019-05-31T15:13:38","date_gmt":"2019-05-31T13:13:38","guid":{"rendered":"https:\/\/www.sophim.com?page_id=281"},"modified":"2025-04-18T16:19:10","modified_gmt":"2025-04-18T14:19:10","slug":"substituts-silicone","status":"publish","type":"page","link":"https:\/\/www.sophim.com\/fr\/substituts-silicone\/","title":{"rendered":"Alternatives naturelles aux silicones"},"content":{"rendered":"<p>L\u2019huile d\u2019Olive, riche en compos\u00e9s cl\u00e9s pour l\u2019hydratation de votre peau, est depuis toujours, reconnue pour ses propri\u00e9t\u00e9s nourrissantes.<br \/>\n<strong>SOPHIM\u00a0a d\u00e9velopp\u00e9 un \u00e9mollient naturel, d\u2019origine Olive, pr\u00e9sentant une alternative durable aux silicones volatiles :<br \/>\n<\/strong><strong>BIOPHYTOSEBUM<\/strong><br \/>\n<span class=\"button-custom\"><a href=\"https:\/\/www.sophim.com\/fr\/contact\/\">Commandez votre \u00e9chantillon<\/a><\/span><br \/>\nBiophytosebum est recommand\u00e9 dans vos formulations de soin du visage o\u00f9 il vous apportera un toucher soyeux, des textures velout\u00e9s et non grasses, mais aussi dans vos formulations de soin des cheveux, id\u00e9al pour r\u00e9parer les pointes s\u00e8ches, mais \u00e9galement pour apaiser et hydrater le cuir chevelu.<\/p>\n<p>&nbsp;<\/p>\n","protected":false},"excerpt":{"rendered":"<p>L\u2019huile d\u2019Olive, riche en compos\u00e9s cl\u00e9s pour l\u2019hydratation de votre peau, est depuis toujours, reconnue pour ses propri\u00e9t\u00e9s nourrissantes. SOPHIM\u00a0a d\u00e9velopp\u00e9 un \u00e9mollient naturel, d\u2019origine Olive, pr\u00e9sentant une alternative durable aux silicones volatiles : BIOPHYTOSEBUM Commandez votre \u00e9chantillon Biophytosebum est recommand\u00e9 dans vos formulations de soin du visage o\u00f9 il vous apportera un toucher soyeux, [&hellip;]<\/p>\n","protected":false},"author":23,"featured_media":2058,"parent":0,"menu_order":49,"comment_status":"closed","ping_status":"closed","template":"template-sous-categorie.php","meta":{"footnotes":""},"class_list":["post-281","page","type-page","status-publish","has-post-thumbnail","hentry"],"yoast_head":"<!-- This site is optimized with the Yoast SEO plugin v27.6 - https:\/\/yoast.com\/product\/yoast-seo-wordpress\/ -->\n<title>Emollient substitut au silicone : ingr\u00e9dient pour cosm\u00e9tique | SOPHIM<\/title>\n<meta name=\"description\" content=\"Il existe des alternatives naturelles aux silicones pour vos formulations cosm\u00e9tiques. D\u00e9couvrez Biophytosebum, un \u00e9mollient naturel et une alternative sensorielle aux silicones.\" \/>\n<meta name=\"robots\" content=\"index, follow, max-snippet:-1, max-image-preview:large, max-video-preview:-1\" \/>\n<link rel=\"canonical\" href=\"https:\/\/www.sophim.com\/fr\/substituts-silicone\/\" \/>\n<meta property=\"og:locale\" content=\"fr_FR\" \/>\n<meta property=\"og:type\" content=\"article\" \/>\n<meta property=\"og:title\" content=\"Emollient substitut au silicone : ingr\u00e9dient pour cosm\u00e9tique | SOPHIM\" \/>\n<meta property=\"og:description\" content=\"Il existe des alternatives naturelles aux silicones pour vos formulations cosm\u00e9tiques. D\u00e9couvrez Biophytosebum, un \u00e9mollient naturel et une alternative sensorielle aux silicones.\" \/>\n<meta property=\"og:url\" content=\"https:\/\/www.sophim.com\/fr\/substituts-silicone\/\" \/>\n<meta property=\"og:site_name\" content=\"SOPHIM fournisseur ingr\u00e9dient cosm\u00e9tique\" \/>\n<meta property=\"article:modified_time\" content=\"2025-04-18T14:19:10+00:00\" \/>\n<meta property=\"og:image\" content=\"https:\/\/www.sophim.com\/wp-content\/uploads\/2020\/08\/1679x498_alternativesilicone_sophim-1024x304-1.jpg\" \/>\n\t<meta property=\"og:image:width\" content=\"1024\" \/>\n\t<meta property=\"og:image:height\" content=\"304\" \/>\n\t<meta property=\"og:image:type\" content=\"image\/jpeg\" \/>\n<meta name=\"twitter:card\" content=\"summary_large_image\" \/>\n<meta name=\"twitter:label1\" content=\"Dur\u00e9e de lecture estim\u00e9e\" \/>\n\t<meta name=\"twitter:data1\" content=\"1 minute\" \/>\n<script type=\"application\/ld+json\" class=\"yoast-schema-graph\">{\"@context\":\"https:\\\/\\\/schema.org\",\"@graph\":[{\"@type\":\"WebPage\",\"@id\":\"https:\\\/\\\/www.sophim.com\\\/fr\\\/substituts-silicone\\\/\",\"url\":\"https:\\\/\\\/www.sophim.com\\\/fr\\\/substituts-silicone\\\/\",\"name\":\"Emollient substitut au silicone : ingr\u00e9dient pour cosm\u00e9tique | SOPHIM\",\"isPartOf\":{\"@id\":\"https:\\\/\\\/www.sophim.com\\\/fr\\\/#website\"},\"primaryImageOfPage\":{\"@id\":\"https:\\\/\\\/www.sophim.com\\\/fr\\\/substituts-silicone\\\/#primaryimage\"},\"image\":{\"@id\":\"https:\\\/\\\/www.sophim.com\\\/fr\\\/substituts-silicone\\\/#primaryimage\"},\"thumbnailUrl\":\"https:\\\/\\\/www.sophim.com\\\/wp-content\\\/uploads\\\/2020\\\/08\\\/1679x498_alternativesilicone_sophim-1024x304-1.jpg\",\"datePublished\":\"2019-05-31T13:13:38+00:00\",\"dateModified\":\"2025-04-18T14:19:10+00:00\",\"description\":\"Il existe des alternatives naturelles aux silicones pour vos formulations cosm\u00e9tiques. D\u00e9couvrez Biophytosebum, un \u00e9mollient naturel et une alternative sensorielle aux silicones.\",\"breadcrumb\":{\"@id\":\"https:\\\/\\\/www.sophim.com\\\/fr\\\/substituts-silicone\\\/#breadcrumb\"},\"inLanguage\":\"fr-FR\",\"potentialAction\":[{\"@type\":\"ReadAction\",\"target\":[\"https:\\\/\\\/www.sophim.com\\\/fr\\\/substituts-silicone\\\/\"]}]},{\"@type\":\"ImageObject\",\"inLanguage\":\"fr-FR\",\"@id\":\"https:\\\/\\\/www.sophim.com\\\/fr\\\/substituts-silicone\\\/#primaryimage\",\"url\":\"https:\\\/\\\/www.sophim.com\\\/wp-content\\\/uploads\\\/2020\\\/08\\\/1679x498_alternativesilicone_sophim-1024x304-1.jpg\",\"contentUrl\":\"https:\\\/\\\/www.sophim.com\\\/wp-content\\\/uploads\\\/2020\\\/08\\\/1679x498_alternativesilicone_sophim-1024x304-1.jpg\",\"width\":1024,\"height\":304},{\"@type\":\"BreadcrumbList\",\"@id\":\"https:\\\/\\\/www.sophim.com\\\/fr\\\/substituts-silicone\\\/#breadcrumb\",\"itemListElement\":[{\"@type\":\"ListItem\",\"position\":1,\"name\":\"Home\",\"item\":\"https:\\\/\\\/www.sophim.com\\\/fr\\\/\"},{\"@type\":\"ListItem\",\"position\":2,\"name\":\"Alternatives naturelles aux silicones\"}]},{\"@type\":\"WebSite\",\"@id\":\"https:\\\/\\\/www.sophim.com\\\/fr\\\/#website\",\"url\":\"https:\\\/\\\/www.sophim.com\\\/fr\\\/\",\"name\":\"SOPHIM fournisseur ingr\u00e9dient cosm\u00e9tique\",\"description\":\"Sophim est un fabricant d&#039;ingr\u00e9dients cosm\u00e9tiques naturels\",\"publisher\":{\"@id\":\"https:\\\/\\\/www.sophim.com\\\/fr\\\/#organization\"},\"potentialAction\":[{\"@type\":\"SearchAction\",\"target\":{\"@type\":\"EntryPoint\",\"urlTemplate\":\"https:\\\/\\\/www.sophim.com\\\/fr\\\/?s={search_term_string}\"},\"query-input\":{\"@type\":\"PropertyValueSpecification\",\"valueRequired\":true,\"valueName\":\"search_term_string\"}}],\"inLanguage\":\"fr-FR\"},{\"@type\":\"Organization\",\"@id\":\"https:\\\/\\\/www.sophim.com\\\/fr\\\/#organization\",\"name\":\"Sophim\",\"url\":\"https:\\\/\\\/www.sophim.com\\\/fr\\\/\",\"logo\":{\"@type\":\"ImageObject\",\"inLanguage\":\"fr-FR\",\"@id\":\"https:\\\/\\\/www.sophim.com\\\/fr\\\/#\\\/schema\\\/logo\\\/image\\\/\",\"url\":\"https:\\\/\\\/www.sophim.com\\\/wp-content\\\/uploads\\\/2019\\\/01\\\/sophim_logo.png\",\"contentUrl\":\"https:\\\/\\\/www.sophim.com\\\/wp-content\\\/uploads\\\/2019\\\/01\\\/sophim_logo.png\",\"width\":327,\"height\":156,\"caption\":\"Sophim\"},\"image\":{\"@id\":\"https:\\\/\\\/www.sophim.com\\\/fr\\\/#\\\/schema\\\/logo\\\/image\\\/\"}}]}<\/script>\n<!-- \/ Yoast SEO plugin. -->","yoast_head_json":{"title":"Emollient substitut au silicone : ingr\u00e9dient pour cosm\u00e9tique | SOPHIM","description":"Il existe des alternatives naturelles aux silicones pour vos formulations cosm\u00e9tiques. D\u00e9couvrez Biophytosebum, un \u00e9mollient naturel et une alternative sensorielle aux silicones.","robots":{"index":"index","follow":"follow","max-snippet":"max-snippet:-1","max-image-preview":"max-image-preview:large","max-video-preview":"max-video-preview:-1"},"canonical":"https:\/\/www.sophim.com\/fr\/substituts-silicone\/","og_locale":"fr_FR","og_type":"article","og_title":"Emollient substitut au silicone : ingr\u00e9dient pour cosm\u00e9tique | SOPHIM","og_description":"Il existe des alternatives naturelles aux silicones pour vos formulations cosm\u00e9tiques. D\u00e9couvrez Biophytosebum, un \u00e9mollient naturel et une alternative sensorielle aux silicones.","og_url":"https:\/\/www.sophim.com\/fr\/substituts-silicone\/","og_site_name":"SOPHIM fournisseur ingr\u00e9dient cosm\u00e9tique","article_modified_time":"2025-04-18T14:19:10+00:00","og_image":[{"width":1024,"height":304,"url":"https:\/\/www.sophim.com\/wp-content\/uploads\/2020\/08\/1679x498_alternativesilicone_sophim-1024x304-1.jpg","type":"image\/jpeg"}],"twitter_card":"summary_large_image","twitter_misc":{"Dur\u00e9e de lecture estim\u00e9e":"1 minute"},"schema":{"@context":"https:\/\/schema.org","@graph":[{"@type":"WebPage","@id":"https:\/\/www.sophim.com\/fr\/substituts-silicone\/","url":"https:\/\/www.sophim.com\/fr\/substituts-silicone\/","name":"Emollient substitut au silicone : ingr\u00e9dient pour cosm\u00e9tique | SOPHIM","isPartOf":{"@id":"https:\/\/www.sophim.com\/fr\/#website"},"primaryImageOfPage":{"@id":"https:\/\/www.sophim.com\/fr\/substituts-silicone\/#primaryimage"},"image":{"@id":"https:\/\/www.sophim.com\/fr\/substituts-silicone\/#primaryimage"},"thumbnailUrl":"https:\/\/www.sophim.com\/wp-content\/uploads\/2020\/08\/1679x498_alternativesilicone_sophim-1024x304-1.jpg","datePublished":"2019-05-31T13:13:38+00:00","dateModified":"2025-04-18T14:19:10+00:00","description":"Il existe des alternatives naturelles aux silicones pour vos formulations cosm\u00e9tiques. D\u00e9couvrez Biophytosebum, un \u00e9mollient naturel et une alternative sensorielle aux silicones.","breadcrumb":{"@id":"https:\/\/www.sophim.com\/fr\/substituts-silicone\/#breadcrumb"},"inLanguage":"fr-FR","potentialAction":[{"@type":"ReadAction","target":["https:\/\/www.sophim.com\/fr\/substituts-silicone\/"]}]},{"@type":"ImageObject","inLanguage":"fr-FR","@id":"https:\/\/www.sophim.com\/fr\/substituts-silicone\/#primaryimage","url":"https:\/\/www.sophim.com\/wp-content\/uploads\/2020\/08\/1679x498_alternativesilicone_sophim-1024x304-1.jpg","contentUrl":"https:\/\/www.sophim.com\/wp-content\/uploads\/2020\/08\/1679x498_alternativesilicone_sophim-1024x304-1.jpg","width":1024,"height":304},{"@type":"BreadcrumbList","@id":"https:\/\/www.sophim.com\/fr\/substituts-silicone\/#breadcrumb","itemListElement":[{"@type":"ListItem","position":1,"name":"Home","item":"https:\/\/www.sophim.com\/fr\/"},{"@type":"ListItem","position":2,"name":"Alternatives naturelles aux silicones"}]},{"@type":"WebSite","@id":"https:\/\/www.sophim.com\/fr\/#website","url":"https:\/\/www.sophim.com\/fr\/","name":"SOPHIM fournisseur ingr\u00e9dient cosm\u00e9tique","description":"Sophim est un fabricant d&#039;ingr\u00e9dients cosm\u00e9tiques naturels","publisher":{"@id":"https:\/\/www.sophim.com\/fr\/#organization"},"potentialAction":[{"@type":"SearchAction","target":{"@type":"EntryPoint","urlTemplate":"https:\/\/www.sophim.com\/fr\/?s={search_term_string}"},"query-input":{"@type":"PropertyValueSpecification","valueRequired":true,"valueName":"search_term_string"}}],"inLanguage":"fr-FR"},{"@type":"Organization","@id":"https:\/\/www.sophim.com\/fr\/#organization","name":"Sophim","url":"https:\/\/www.sophim.com\/fr\/","logo":{"@type":"ImageObject","inLanguage":"fr-FR","@id":"https:\/\/www.sophim.com\/fr\/#\/schema\/logo\/image\/","url":"https:\/\/www.sophim.com\/wp-content\/uploads\/2019\/01\/sophim_logo.png","contentUrl":"https:\/\/www.sophim.com\/wp-content\/uploads\/2019\/01\/sophim_logo.png","width":327,"height":156,"caption":"Sophim"},"image":{"@id":"https:\/\/www.sophim.com\/fr\/#\/schema\/logo\/image\/"}}]}},"_links":{"self":[{"href":"https:\/\/www.sophim.com\/fr\/wp-json\/wp\/v2\/pages\/281","targetHints":{"allow":["GET"]}}],"collection":[{"href":"https:\/\/www.sophim.com\/fr\/wp-json\/wp\/v2\/pages"}],"about":[{"href":"https:\/\/www.sophim.com\/fr\/wp-json\/wp\/v2\/types\/page"}],"author":[{"embeddable":true,"href":"https:\/\/www.sophim.com\/fr\/wp-json\/wp\/v2\/users\/23"}],"replies":[{"embeddable":true,"href":"https:\/\/www.sophim.com\/fr\/wp-json\/wp\/v2\/comments?post=281"}],"version-history":[{"count":0,"href":"https:\/\/www.sophim.com\/fr\/wp-json\/wp\/v2\/pages\/281\/revisions"}],"wp:featuredmedia":[{"embeddable":true,"href":"https:\/\/www.sophim.com\/fr\/wp-json\/wp\/v2\/media\/2058"}],"wp:attachment":[{"href":"https:\/\/www.sophim.com\/fr\/wp-json\/wp\/v2\/media?parent=281"}],"curies":[{"name":"wp","href":"https:\/\/api.w.org\/{rel}","templated":true}]}}