{"id":283,"date":"2019-05-31T15:16:09","date_gmt":"2019-05-31T13:16:09","guid":{"rendered":"https:\/\/www.sophim.com?page_id=283"},"modified":"2025-04-18T16:20:40","modified_gmt":"2025-04-18T14:20:40","slug":"polyisobutene-hydrogene","status":"publish","type":"page","link":"https:\/\/www.sophim.com\/fr\/polyisobutene-hydrogene\/","title":{"rendered":"Polyisobut\u00e8ne hydrog\u00e9n\u00e9"},"content":{"rendered":"<p><strong>Le Polyisobut\u00e8ne Hydrog\u00e9n\u00e9<\/strong> est une base huileuse multifonctionnelle, utilis\u00e9e dans de nombreuses applications cosm\u00e9tiques, offrant un excellent toucher, une facilit\u00e9 d\u2019\u00e9talement, de p\u00e9n\u00e9tration ainsi que des propri\u00e9t\u00e9s hydrophobes.<\/p>\n<p><strong>SOPHIM<\/strong>, met \u00e0 votre service, son expertise en proc\u00e9d\u00e9s d\u2019hydrog\u00e9nation, pour vous proposer des produits tr\u00e8s stables et pr\u00e9sentant un indice d\u2019iode tr\u00e8s faible. Nous vous proposons plusieurs grades de Polyisobut\u00e8ne Hydrog\u00e9n\u00e9, du plus liquide au plus visqueux : MC30 : Hydrocarbure l\u00e9ger de faible poids mol\u00e9culaire (330), MC30P (370), et MC300 : Hydrocarbure satur\u00e9 de haut poids mol\u00e9culaire (1300).<\/p>\n","protected":false},"excerpt":{"rendered":"<p>Le Polyisobut\u00e8ne Hydrog\u00e9n\u00e9 est une base huileuse multifonctionnelle, utilis\u00e9e dans de nombreuses applications cosm\u00e9tiques, offrant un excellent toucher, une facilit\u00e9 d\u2019\u00e9talement, de p\u00e9n\u00e9tration ainsi que des propri\u00e9t\u00e9s hydrophobes. SOPHIM, met \u00e0 votre service, son expertise en proc\u00e9d\u00e9s d\u2019hydrog\u00e9nation, pour vous proposer des produits tr\u00e8s stables et pr\u00e9sentant un indice d\u2019iode tr\u00e8s faible. Nous vous proposons [&hellip;]<\/p>\n","protected":false},"author":23,"featured_media":2012,"parent":0,"menu_order":47,"comment_status":"closed","ping_status":"closed","template":"template-sous-categorie.php","meta":{"footnotes":""},"class_list":["post-283","page","type-page","status-publish","has-post-thumbnail","hentry"],"yoast_head":"<!-- This site is optimized with the Yoast SEO plugin v27.4 - https:\/\/yoast.com\/product\/yoast-seo-wordpress\/ -->\n<title>Polyisobut\u00e8ne hydrog\u00e9n\u00e9 pour application cosm\u00e9tique | SOPHIM<\/title>\n<meta name=\"description\" content=\"e polyisobut\u00e8ne hydrog\u00e9n\u00e9, base huileuse, est utilis\u00e9 dans de nombreux produits cosm\u00e9tiques, cr\u00e8mes hydratantes, produits solaires et \u00e9galement maquillage.\" \/>\n<meta name=\"robots\" content=\"index, follow, max-snippet:-1, max-image-preview:large, max-video-preview:-1\" \/>\n<link rel=\"canonical\" href=\"https:\/\/www.sophim.com\/fr\/polyisobutene-hydrogene\/\" \/>\n<meta property=\"og:locale\" content=\"fr_FR\" \/>\n<meta property=\"og:type\" content=\"article\" \/>\n<meta property=\"og:title\" content=\"Polyisobut\u00e8ne hydrog\u00e9n\u00e9 pour application cosm\u00e9tique | SOPHIM\" \/>\n<meta property=\"og:description\" content=\"e polyisobut\u00e8ne hydrog\u00e9n\u00e9, base huileuse, est utilis\u00e9 dans de nombreux produits cosm\u00e9tiques, cr\u00e8mes hydratantes, produits solaires et \u00e9galement maquillage.\" \/>\n<meta property=\"og:url\" content=\"https:\/\/www.sophim.com\/fr\/polyisobutene-hydrogene\/\" \/>\n<meta property=\"og:site_name\" content=\"SOPHIM fournisseur ingr\u00e9dient cosm\u00e9tique\" \/>\n<meta property=\"article:modified_time\" content=\"2025-04-18T14:20:40+00:00\" \/>\n<meta property=\"og:image\" content=\"https:\/\/www.sophim.com\/wp-content\/uploads\/2020\/07\/1679x498_polyisobutene_sophim.jpg\" \/>\n\t<meta property=\"og:image:width\" content=\"1679\" \/>\n\t<meta property=\"og:image:height\" content=\"498\" \/>\n\t<meta property=\"og:image:type\" content=\"image\/jpeg\" \/>\n<meta name=\"twitter:card\" content=\"summary_large_image\" \/>\n<meta name=\"twitter:label1\" content=\"Dur\u00e9e de lecture estim\u00e9e\" \/>\n\t<meta name=\"twitter:data1\" content=\"1 minute\" \/>\n<script type=\"application\/ld+json\" class=\"yoast-schema-graph\">{\"@context\":\"https:\\\/\\\/schema.org\",\"@graph\":[{\"@type\":\"WebPage\",\"@id\":\"https:\\\/\\\/www.sophim.com\\\/fr\\\/polyisobutene-hydrogene\\\/\",\"url\":\"https:\\\/\\\/www.sophim.com\\\/fr\\\/polyisobutene-hydrogene\\\/\",\"name\":\"Polyisobut\u00e8ne hydrog\u00e9n\u00e9 pour application cosm\u00e9tique | SOPHIM\",\"isPartOf\":{\"@id\":\"https:\\\/\\\/www.sophim.com\\\/fr\\\/#website\"},\"primaryImageOfPage\":{\"@id\":\"https:\\\/\\\/www.sophim.com\\\/fr\\\/polyisobutene-hydrogene\\\/#primaryimage\"},\"image\":{\"@id\":\"https:\\\/\\\/www.sophim.com\\\/fr\\\/polyisobutene-hydrogene\\\/#primaryimage\"},\"thumbnailUrl\":\"https:\\\/\\\/www.sophim.com\\\/wp-content\\\/uploads\\\/2020\\\/07\\\/1679x498_polyisobutene_sophim.jpg\",\"datePublished\":\"2019-05-31T13:16:09+00:00\",\"dateModified\":\"2025-04-18T14:20:40+00:00\",\"description\":\"e polyisobut\u00e8ne hydrog\u00e9n\u00e9, base huileuse, est utilis\u00e9 dans de nombreux produits cosm\u00e9tiques, cr\u00e8mes hydratantes, produits solaires et \u00e9galement maquillage.\",\"breadcrumb\":{\"@id\":\"https:\\\/\\\/www.sophim.com\\\/fr\\\/polyisobutene-hydrogene\\\/#breadcrumb\"},\"inLanguage\":\"fr-FR\",\"potentialAction\":[{\"@type\":\"ReadAction\",\"target\":[\"https:\\\/\\\/www.sophim.com\\\/fr\\\/polyisobutene-hydrogene\\\/\"]}]},{\"@type\":\"ImageObject\",\"inLanguage\":\"fr-FR\",\"@id\":\"https:\\\/\\\/www.sophim.com\\\/fr\\\/polyisobutene-hydrogene\\\/#primaryimage\",\"url\":\"https:\\\/\\\/www.sophim.com\\\/wp-content\\\/uploads\\\/2020\\\/07\\\/1679x498_polyisobutene_sophim.jpg\",\"contentUrl\":\"https:\\\/\\\/www.sophim.com\\\/wp-content\\\/uploads\\\/2020\\\/07\\\/1679x498_polyisobutene_sophim.jpg\",\"width\":1679,\"height\":498},{\"@type\":\"BreadcrumbList\",\"@id\":\"https:\\\/\\\/www.sophim.com\\\/fr\\\/polyisobutene-hydrogene\\\/#breadcrumb\",\"itemListElement\":[{\"@type\":\"ListItem\",\"position\":1,\"name\":\"Home\",\"item\":\"https:\\\/\\\/www.sophim.com\\\/fr\\\/\"},{\"@type\":\"ListItem\",\"position\":2,\"name\":\"Polyisobut\u00e8ne hydrog\u00e9n\u00e9\"}]},{\"@type\":\"WebSite\",\"@id\":\"https:\\\/\\\/www.sophim.com\\\/fr\\\/#website\",\"url\":\"https:\\\/\\\/www.sophim.com\\\/fr\\\/\",\"name\":\"SOPHIM fournisseur ingr\u00e9dient cosm\u00e9tique\",\"description\":\"Sophim est un fabricant d&#039;ingr\u00e9dients cosm\u00e9tiques naturels\",\"publisher\":{\"@id\":\"https:\\\/\\\/www.sophim.com\\\/fr\\\/#organization\"},\"potentialAction\":[{\"@type\":\"SearchAction\",\"target\":{\"@type\":\"EntryPoint\",\"urlTemplate\":\"https:\\\/\\\/www.sophim.com\\\/fr\\\/?s={search_term_string}\"},\"query-input\":{\"@type\":\"PropertyValueSpecification\",\"valueRequired\":true,\"valueName\":\"search_term_string\"}}],\"inLanguage\":\"fr-FR\"},{\"@type\":\"Organization\",\"@id\":\"https:\\\/\\\/www.sophim.com\\\/fr\\\/#organization\",\"name\":\"Sophim\",\"url\":\"https:\\\/\\\/www.sophim.com\\\/fr\\\/\",\"logo\":{\"@type\":\"ImageObject\",\"inLanguage\":\"fr-FR\",\"@id\":\"https:\\\/\\\/www.sophim.com\\\/fr\\\/#\\\/schema\\\/logo\\\/image\\\/\",\"url\":\"https:\\\/\\\/www.sophim.com\\\/wp-content\\\/uploads\\\/2019\\\/01\\\/sophim_logo.png\",\"contentUrl\":\"https:\\\/\\\/www.sophim.com\\\/wp-content\\\/uploads\\\/2019\\\/01\\\/sophim_logo.png\",\"width\":327,\"height\":156,\"caption\":\"Sophim\"},\"image\":{\"@id\":\"https:\\\/\\\/www.sophim.com\\\/fr\\\/#\\\/schema\\\/logo\\\/image\\\/\"}}]}<\/script>\n<!-- \/ Yoast SEO plugin. -->","yoast_head_json":{"title":"Polyisobut\u00e8ne hydrog\u00e9n\u00e9 pour application cosm\u00e9tique | SOPHIM","description":"e polyisobut\u00e8ne hydrog\u00e9n\u00e9, base huileuse, est utilis\u00e9 dans de nombreux produits cosm\u00e9tiques, cr\u00e8mes hydratantes, produits solaires et \u00e9galement maquillage.","robots":{"index":"index","follow":"follow","max-snippet":"max-snippet:-1","max-image-preview":"max-image-preview:large","max-video-preview":"max-video-preview:-1"},"canonical":"https:\/\/www.sophim.com\/fr\/polyisobutene-hydrogene\/","og_locale":"fr_FR","og_type":"article","og_title":"Polyisobut\u00e8ne hydrog\u00e9n\u00e9 pour application cosm\u00e9tique | SOPHIM","og_description":"e polyisobut\u00e8ne hydrog\u00e9n\u00e9, base huileuse, est utilis\u00e9 dans de nombreux produits cosm\u00e9tiques, cr\u00e8mes hydratantes, produits solaires et \u00e9galement maquillage.","og_url":"https:\/\/www.sophim.com\/fr\/polyisobutene-hydrogene\/","og_site_name":"SOPHIM fournisseur ingr\u00e9dient cosm\u00e9tique","article_modified_time":"2025-04-18T14:20:40+00:00","og_image":[{"width":1679,"height":498,"url":"https:\/\/www.sophim.com\/wp-content\/uploads\/2020\/07\/1679x498_polyisobutene_sophim.jpg","type":"image\/jpeg"}],"twitter_card":"summary_large_image","twitter_misc":{"Dur\u00e9e de lecture estim\u00e9e":"1 minute"},"schema":{"@context":"https:\/\/schema.org","@graph":[{"@type":"WebPage","@id":"https:\/\/www.sophim.com\/fr\/polyisobutene-hydrogene\/","url":"https:\/\/www.sophim.com\/fr\/polyisobutene-hydrogene\/","name":"Polyisobut\u00e8ne hydrog\u00e9n\u00e9 pour application cosm\u00e9tique | SOPHIM","isPartOf":{"@id":"https:\/\/www.sophim.com\/fr\/#website"},"primaryImageOfPage":{"@id":"https:\/\/www.sophim.com\/fr\/polyisobutene-hydrogene\/#primaryimage"},"image":{"@id":"https:\/\/www.sophim.com\/fr\/polyisobutene-hydrogene\/#primaryimage"},"thumbnailUrl":"https:\/\/www.sophim.com\/wp-content\/uploads\/2020\/07\/1679x498_polyisobutene_sophim.jpg","datePublished":"2019-05-31T13:16:09+00:00","dateModified":"2025-04-18T14:20:40+00:00","description":"e polyisobut\u00e8ne hydrog\u00e9n\u00e9, base huileuse, est utilis\u00e9 dans de nombreux produits cosm\u00e9tiques, cr\u00e8mes hydratantes, produits solaires et \u00e9galement maquillage.","breadcrumb":{"@id":"https:\/\/www.sophim.com\/fr\/polyisobutene-hydrogene\/#breadcrumb"},"inLanguage":"fr-FR","potentialAction":[{"@type":"ReadAction","target":["https:\/\/www.sophim.com\/fr\/polyisobutene-hydrogene\/"]}]},{"@type":"ImageObject","inLanguage":"fr-FR","@id":"https:\/\/www.sophim.com\/fr\/polyisobutene-hydrogene\/#primaryimage","url":"https:\/\/www.sophim.com\/wp-content\/uploads\/2020\/07\/1679x498_polyisobutene_sophim.jpg","contentUrl":"https:\/\/www.sophim.com\/wp-content\/uploads\/2020\/07\/1679x498_polyisobutene_sophim.jpg","width":1679,"height":498},{"@type":"BreadcrumbList","@id":"https:\/\/www.sophim.com\/fr\/polyisobutene-hydrogene\/#breadcrumb","itemListElement":[{"@type":"ListItem","position":1,"name":"Home","item":"https:\/\/www.sophim.com\/fr\/"},{"@type":"ListItem","position":2,"name":"Polyisobut\u00e8ne hydrog\u00e9n\u00e9"}]},{"@type":"WebSite","@id":"https:\/\/www.sophim.com\/fr\/#website","url":"https:\/\/www.sophim.com\/fr\/","name":"SOPHIM fournisseur ingr\u00e9dient cosm\u00e9tique","description":"Sophim est un fabricant d&#039;ingr\u00e9dients cosm\u00e9tiques naturels","publisher":{"@id":"https:\/\/www.sophim.com\/fr\/#organization"},"potentialAction":[{"@type":"SearchAction","target":{"@type":"EntryPoint","urlTemplate":"https:\/\/www.sophim.com\/fr\/?s={search_term_string}"},"query-input":{"@type":"PropertyValueSpecification","valueRequired":true,"valueName":"search_term_string"}}],"inLanguage":"fr-FR"},{"@type":"Organization","@id":"https:\/\/www.sophim.com\/fr\/#organization","name":"Sophim","url":"https:\/\/www.sophim.com\/fr\/","logo":{"@type":"ImageObject","inLanguage":"fr-FR","@id":"https:\/\/www.sophim.com\/fr\/#\/schema\/logo\/image\/","url":"https:\/\/www.sophim.com\/wp-content\/uploads\/2019\/01\/sophim_logo.png","contentUrl":"https:\/\/www.sophim.com\/wp-content\/uploads\/2019\/01\/sophim_logo.png","width":327,"height":156,"caption":"Sophim"},"image":{"@id":"https:\/\/www.sophim.com\/fr\/#\/schema\/logo\/image\/"}}]}},"_links":{"self":[{"href":"https:\/\/www.sophim.com\/fr\/wp-json\/wp\/v2\/pages\/283","targetHints":{"allow":["GET"]}}],"collection":[{"href":"https:\/\/www.sophim.com\/fr\/wp-json\/wp\/v2\/pages"}],"about":[{"href":"https:\/\/www.sophim.com\/fr\/wp-json\/wp\/v2\/types\/page"}],"author":[{"embeddable":true,"href":"https:\/\/www.sophim.com\/fr\/wp-json\/wp\/v2\/users\/23"}],"replies":[{"embeddable":true,"href":"https:\/\/www.sophim.com\/fr\/wp-json\/wp\/v2\/comments?post=283"}],"version-history":[{"count":0,"href":"https:\/\/www.sophim.com\/fr\/wp-json\/wp\/v2\/pages\/283\/revisions"}],"wp:featuredmedia":[{"embeddable":true,"href":"https:\/\/www.sophim.com\/fr\/wp-json\/wp\/v2\/media\/2012"}],"wp:attachment":[{"href":"https:\/\/www.sophim.com\/fr\/wp-json\/wp\/v2\/media?parent=283"}],"curies":[{"name":"wp","href":"https:\/\/api.w.org\/{rel}","templated":true}]}}