{"id":2835,"date":"2021-05-05T15:05:39","date_gmt":"2021-05-05T13:05:39","guid":{"rendered":"https:\/\/www.sophim.com?page_id=2835"},"modified":"2021-05-21T10:32:39","modified_gmt":"2021-05-21T08:32:39","slug":"cheveux","status":"publish","type":"page","link":"https:\/\/www.sophim.com\/fr\/cheveux\/","title":{"rendered":"Les ingr\u00e9dients pour le soin du cheveux"},"content":{"rendered":"","protected":false},"excerpt":{"rendered":"","protected":false},"author":23,"featured_media":2002,"parent":0,"menu_order":13,"comment_status":"closed","ping_status":"closed","template":"template-propos.php","meta":{"footnotes":""},"class_list":["post-2835","page","type-page","status-publish","has-post-thumbnail","hentry"],"yoast_head":"<!-- This site is optimized with the Yoast SEO plugin v27.4 - https:\/\/yoast.com\/product\/yoast-seo-wordpress\/ -->\n<title>Ingr\u00e9dients pour le soin du cheveu - Sophim<\/title>\n<meta name=\"description\" content=\"Sophim propose les meilleurs ingr\u00e9dients pour des formules d\u00e9di\u00e9es au soin du cheveux. D\u00e9couvrez nos ingr\u00e9dients d\u2019origine naturelle pour la cosm\u00e9tique du cheveu.\" \/>\n<meta name=\"robots\" content=\"index, follow, max-snippet:-1, max-image-preview:large, max-video-preview:-1\" \/>\n<link rel=\"canonical\" href=\"https:\/\/www.sophim.com\/fr\/cheveux\/\" \/>\n<meta property=\"og:locale\" content=\"fr_FR\" \/>\n<meta property=\"og:type\" content=\"article\" \/>\n<meta property=\"og:title\" content=\"Ingr\u00e9dients pour le soin du cheveu - Sophim\" \/>\n<meta property=\"og:description\" content=\"Sophim propose les meilleurs ingr\u00e9dients pour des formules d\u00e9di\u00e9es au soin du cheveux. D\u00e9couvrez nos ingr\u00e9dients d\u2019origine naturelle pour la cosm\u00e9tique du cheveu.\" \/>\n<meta property=\"og:url\" content=\"https:\/\/www.sophim.com\/fr\/cheveux\/\" \/>\n<meta property=\"og:site_name\" content=\"SOPHIM fournisseur ingr\u00e9dient cosm\u00e9tique\" \/>\n<meta property=\"article:modified_time\" content=\"2021-05-21T08:32:39+00:00\" \/>\n<meta property=\"og:image\" content=\"https:\/\/www.sophim.com\/wp-content\/uploads\/2019\/08\/1679x498_vegeline_sophim_Plan-de-travail-1.jpg\" \/>\n\t<meta property=\"og:image:width\" content=\"1679\" \/>\n\t<meta property=\"og:image:height\" content=\"498\" \/>\n\t<meta property=\"og:image:type\" content=\"image\/jpeg\" \/>\n<meta name=\"twitter:card\" content=\"summary_large_image\" \/>\n<script type=\"application\/ld+json\" class=\"yoast-schema-graph\">{\"@context\":\"https:\\\/\\\/schema.org\",\"@graph\":[{\"@type\":\"WebPage\",\"@id\":\"https:\\\/\\\/www.sophim.com\\\/fr\\\/cheveux\\\/\",\"url\":\"https:\\\/\\\/www.sophim.com\\\/fr\\\/cheveux\\\/\",\"name\":\"Ingr\u00e9dients pour le soin du cheveu - Sophim\",\"isPartOf\":{\"@id\":\"https:\\\/\\\/www.sophim.com\\\/fr\\\/#website\"},\"primaryImageOfPage\":{\"@id\":\"https:\\\/\\\/www.sophim.com\\\/fr\\\/cheveux\\\/#primaryimage\"},\"image\":{\"@id\":\"https:\\\/\\\/www.sophim.com\\\/fr\\\/cheveux\\\/#primaryimage\"},\"thumbnailUrl\":\"https:\\\/\\\/www.sophim.com\\\/wp-content\\\/uploads\\\/2019\\\/08\\\/1679x498_vegeline_sophim_Plan-de-travail-1.jpg\",\"datePublished\":\"2021-05-05T13:05:39+00:00\",\"dateModified\":\"2021-05-21T08:32:39+00:00\",\"description\":\"Sophim propose les meilleurs ingr\u00e9dients pour des formules d\u00e9di\u00e9es au soin du cheveux. D\u00e9couvrez nos ingr\u00e9dients d\u2019origine naturelle pour la cosm\u00e9tique du cheveu.\",\"breadcrumb\":{\"@id\":\"https:\\\/\\\/www.sophim.com\\\/fr\\\/cheveux\\\/#breadcrumb\"},\"inLanguage\":\"fr-FR\",\"potentialAction\":[{\"@type\":\"ReadAction\",\"target\":[\"https:\\\/\\\/www.sophim.com\\\/fr\\\/cheveux\\\/\"]}]},{\"@type\":\"ImageObject\",\"inLanguage\":\"fr-FR\",\"@id\":\"https:\\\/\\\/www.sophim.com\\\/fr\\\/cheveux\\\/#primaryimage\",\"url\":\"https:\\\/\\\/www.sophim.com\\\/wp-content\\\/uploads\\\/2019\\\/08\\\/1679x498_vegeline_sophim_Plan-de-travail-1.jpg\",\"contentUrl\":\"https:\\\/\\\/www.sophim.com\\\/wp-content\\\/uploads\\\/2019\\\/08\\\/1679x498_vegeline_sophim_Plan-de-travail-1.jpg\",\"width\":1679,\"height\":498,\"caption\":\"Vegeline 70\"},{\"@type\":\"BreadcrumbList\",\"@id\":\"https:\\\/\\\/www.sophim.com\\\/fr\\\/cheveux\\\/#breadcrumb\",\"itemListElement\":[{\"@type\":\"ListItem\",\"position\":1,\"name\":\"Home\",\"item\":\"https:\\\/\\\/www.sophim.com\\\/fr\\\/\"},{\"@type\":\"ListItem\",\"position\":2,\"name\":\"Les ingr\u00e9dients pour le soin du cheveux\"}]},{\"@type\":\"WebSite\",\"@id\":\"https:\\\/\\\/www.sophim.com\\\/fr\\\/#website\",\"url\":\"https:\\\/\\\/www.sophim.com\\\/fr\\\/\",\"name\":\"SOPHIM fournisseur ingr\u00e9dient cosm\u00e9tique\",\"description\":\"Sophim est un fabricant d&#039;ingr\u00e9dients cosm\u00e9tiques naturels\",\"publisher\":{\"@id\":\"https:\\\/\\\/www.sophim.com\\\/fr\\\/#organization\"},\"potentialAction\":[{\"@type\":\"SearchAction\",\"target\":{\"@type\":\"EntryPoint\",\"urlTemplate\":\"https:\\\/\\\/www.sophim.com\\\/fr\\\/?s={search_term_string}\"},\"query-input\":{\"@type\":\"PropertyValueSpecification\",\"valueRequired\":true,\"valueName\":\"search_term_string\"}}],\"inLanguage\":\"fr-FR\"},{\"@type\":\"Organization\",\"@id\":\"https:\\\/\\\/www.sophim.com\\\/fr\\\/#organization\",\"name\":\"Sophim\",\"url\":\"https:\\\/\\\/www.sophim.com\\\/fr\\\/\",\"logo\":{\"@type\":\"ImageObject\",\"inLanguage\":\"fr-FR\",\"@id\":\"https:\\\/\\\/www.sophim.com\\\/fr\\\/#\\\/schema\\\/logo\\\/image\\\/\",\"url\":\"https:\\\/\\\/www.sophim.com\\\/wp-content\\\/uploads\\\/2019\\\/01\\\/sophim_logo.png\",\"contentUrl\":\"https:\\\/\\\/www.sophim.com\\\/wp-content\\\/uploads\\\/2019\\\/01\\\/sophim_logo.png\",\"width\":327,\"height\":156,\"caption\":\"Sophim\"},\"image\":{\"@id\":\"https:\\\/\\\/www.sophim.com\\\/fr\\\/#\\\/schema\\\/logo\\\/image\\\/\"}}]}<\/script>\n<!-- \/ Yoast SEO plugin. -->","yoast_head_json":{"title":"Ingr\u00e9dients pour le soin du cheveu - Sophim","description":"Sophim propose les meilleurs ingr\u00e9dients pour des formules d\u00e9di\u00e9es au soin du cheveux. D\u00e9couvrez nos ingr\u00e9dients d\u2019origine naturelle pour la cosm\u00e9tique du cheveu.","robots":{"index":"index","follow":"follow","max-snippet":"max-snippet:-1","max-image-preview":"max-image-preview:large","max-video-preview":"max-video-preview:-1"},"canonical":"https:\/\/www.sophim.com\/fr\/cheveux\/","og_locale":"fr_FR","og_type":"article","og_title":"Ingr\u00e9dients pour le soin du cheveu - Sophim","og_description":"Sophim propose les meilleurs ingr\u00e9dients pour des formules d\u00e9di\u00e9es au soin du cheveux. D\u00e9couvrez nos ingr\u00e9dients d\u2019origine naturelle pour la cosm\u00e9tique du cheveu.","og_url":"https:\/\/www.sophim.com\/fr\/cheveux\/","og_site_name":"SOPHIM fournisseur ingr\u00e9dient cosm\u00e9tique","article_modified_time":"2021-05-21T08:32:39+00:00","og_image":[{"width":1679,"height":498,"url":"https:\/\/www.sophim.com\/wp-content\/uploads\/2019\/08\/1679x498_vegeline_sophim_Plan-de-travail-1.jpg","type":"image\/jpeg"}],"twitter_card":"summary_large_image","schema":{"@context":"https:\/\/schema.org","@graph":[{"@type":"WebPage","@id":"https:\/\/www.sophim.com\/fr\/cheveux\/","url":"https:\/\/www.sophim.com\/fr\/cheveux\/","name":"Ingr\u00e9dients pour le soin du cheveu - Sophim","isPartOf":{"@id":"https:\/\/www.sophim.com\/fr\/#website"},"primaryImageOfPage":{"@id":"https:\/\/www.sophim.com\/fr\/cheveux\/#primaryimage"},"image":{"@id":"https:\/\/www.sophim.com\/fr\/cheveux\/#primaryimage"},"thumbnailUrl":"https:\/\/www.sophim.com\/wp-content\/uploads\/2019\/08\/1679x498_vegeline_sophim_Plan-de-travail-1.jpg","datePublished":"2021-05-05T13:05:39+00:00","dateModified":"2021-05-21T08:32:39+00:00","description":"Sophim propose les meilleurs ingr\u00e9dients pour des formules d\u00e9di\u00e9es au soin du cheveux. D\u00e9couvrez nos ingr\u00e9dients d\u2019origine naturelle pour la cosm\u00e9tique du cheveu.","breadcrumb":{"@id":"https:\/\/www.sophim.com\/fr\/cheveux\/#breadcrumb"},"inLanguage":"fr-FR","potentialAction":[{"@type":"ReadAction","target":["https:\/\/www.sophim.com\/fr\/cheveux\/"]}]},{"@type":"ImageObject","inLanguage":"fr-FR","@id":"https:\/\/www.sophim.com\/fr\/cheveux\/#primaryimage","url":"https:\/\/www.sophim.com\/wp-content\/uploads\/2019\/08\/1679x498_vegeline_sophim_Plan-de-travail-1.jpg","contentUrl":"https:\/\/www.sophim.com\/wp-content\/uploads\/2019\/08\/1679x498_vegeline_sophim_Plan-de-travail-1.jpg","width":1679,"height":498,"caption":"Vegeline 70"},{"@type":"BreadcrumbList","@id":"https:\/\/www.sophim.com\/fr\/cheveux\/#breadcrumb","itemListElement":[{"@type":"ListItem","position":1,"name":"Home","item":"https:\/\/www.sophim.com\/fr\/"},{"@type":"ListItem","position":2,"name":"Les ingr\u00e9dients pour le soin du cheveux"}]},{"@type":"WebSite","@id":"https:\/\/www.sophim.com\/fr\/#website","url":"https:\/\/www.sophim.com\/fr\/","name":"SOPHIM fournisseur ingr\u00e9dient cosm\u00e9tique","description":"Sophim est un fabricant d&#039;ingr\u00e9dients cosm\u00e9tiques naturels","publisher":{"@id":"https:\/\/www.sophim.com\/fr\/#organization"},"potentialAction":[{"@type":"SearchAction","target":{"@type":"EntryPoint","urlTemplate":"https:\/\/www.sophim.com\/fr\/?s={search_term_string}"},"query-input":{"@type":"PropertyValueSpecification","valueRequired":true,"valueName":"search_term_string"}}],"inLanguage":"fr-FR"},{"@type":"Organization","@id":"https:\/\/www.sophim.com\/fr\/#organization","name":"Sophim","url":"https:\/\/www.sophim.com\/fr\/","logo":{"@type":"ImageObject","inLanguage":"fr-FR","@id":"https:\/\/www.sophim.com\/fr\/#\/schema\/logo\/image\/","url":"https:\/\/www.sophim.com\/wp-content\/uploads\/2019\/01\/sophim_logo.png","contentUrl":"https:\/\/www.sophim.com\/wp-content\/uploads\/2019\/01\/sophim_logo.png","width":327,"height":156,"caption":"Sophim"},"image":{"@id":"https:\/\/www.sophim.com\/fr\/#\/schema\/logo\/image\/"}}]}},"_links":{"self":[{"href":"https:\/\/www.sophim.com\/fr\/wp-json\/wp\/v2\/pages\/2835","targetHints":{"allow":["GET"]}}],"collection":[{"href":"https:\/\/www.sophim.com\/fr\/wp-json\/wp\/v2\/pages"}],"about":[{"href":"https:\/\/www.sophim.com\/fr\/wp-json\/wp\/v2\/types\/page"}],"author":[{"embeddable":true,"href":"https:\/\/www.sophim.com\/fr\/wp-json\/wp\/v2\/users\/23"}],"replies":[{"embeddable":true,"href":"https:\/\/www.sophim.com\/fr\/wp-json\/wp\/v2\/comments?post=2835"}],"version-history":[{"count":0,"href":"https:\/\/www.sophim.com\/fr\/wp-json\/wp\/v2\/pages\/2835\/revisions"}],"wp:featuredmedia":[{"embeddable":true,"href":"https:\/\/www.sophim.com\/fr\/wp-json\/wp\/v2\/media\/2002"}],"wp:attachment":[{"href":"https:\/\/www.sophim.com\/fr\/wp-json\/wp\/v2\/media?parent=2835"}],"curies":[{"name":"wp","href":"https:\/\/api.w.org\/{rel}","templated":true}]}}