{"id":285,"date":"2019-05-31T15:17:48","date_gmt":"2019-05-31T13:17:48","guid":{"rendered":"https:\/\/www.sophim.com?page_id=285"},"modified":"2025-04-18T16:21:08","modified_gmt":"2025-04-18T14:21:08","slug":"agent-texturant","status":"publish","type":"page","link":"https:\/\/www.sophim.com\/fr\/agent-texturant\/","title":{"rendered":"Les agents de texture"},"content":{"rendered":"<p><strong>Soucieux d\u2019accompagner la Cosm\u00e9tique de demain, SOPHIM vous propose des agents texturants d\u2019origine naturelle qui vous garantiront une sensorialit\u00e9 optimale, une onctuosit\u00e9 et un velout\u00e9 incomparables, en plus d\u2019une stabilit\u00e9 dans le temps.\u00a0Stabilit\u00e9 et sensorialit\u00e9 sont les cl\u00e9s de la r\u00e9ussite pour votre formule cosm\u00e9tique.<\/strong><\/p>\n<p>&nbsp;<\/p>\n","protected":false},"excerpt":{"rendered":"<p>Soucieux d\u2019accompagner la Cosm\u00e9tique de demain, SOPHIM vous propose des agents texturants d\u2019origine naturelle qui vous garantiront une sensorialit\u00e9 optimale, une onctuosit\u00e9 et un velout\u00e9 incomparables, en plus d\u2019une stabilit\u00e9 dans le temps.\u00a0Stabilit\u00e9 et sensorialit\u00e9 sont les cl\u00e9s de la r\u00e9ussite pour votre formule cosm\u00e9tique. &nbsp;<\/p>\n","protected":false},"author":23,"featured_media":2054,"parent":0,"menu_order":44,"comment_status":"closed","ping_status":"closed","template":"template-categorie.php","meta":{"footnotes":""},"class_list":["post-285","page","type-page","status-publish","has-post-thumbnail","hentry"],"yoast_head":"<!-- This site is optimized with the Yoast SEO plugin v27.4 - https:\/\/yoast.com\/product\/yoast-seo-wordpress\/ -->\n<title>Agent de texture pour fabrication de cosm\u00e9tique | SOPHIM<\/title>\n<meta name=\"description\" content=\"La stabilit\u00e9 et la texture d\u2019une formulation sont des priorit\u00e9s en Cosm\u00e9tique. SOPHIM vous propose des agents de textures pour vos produits cosm\u00e9tiques.\" \/>\n<meta name=\"robots\" content=\"index, follow, max-snippet:-1, max-image-preview:large, max-video-preview:-1\" \/>\n<link rel=\"canonical\" href=\"https:\/\/www.sophim.com\/fr\/agent-texturant\/\" \/>\n<meta property=\"og:locale\" content=\"fr_FR\" \/>\n<meta property=\"og:type\" content=\"article\" \/>\n<meta property=\"og:title\" content=\"Agent de texture pour fabrication de cosm\u00e9tique | SOPHIM\" \/>\n<meta property=\"og:description\" content=\"La stabilit\u00e9 et la texture d\u2019une formulation sont des priorit\u00e9s en Cosm\u00e9tique. SOPHIM vous propose des agents de textures pour vos produits cosm\u00e9tiques.\" \/>\n<meta property=\"og:url\" content=\"https:\/\/www.sophim.com\/fr\/agent-texturant\/\" \/>\n<meta property=\"og:site_name\" content=\"SOPHIM fournisseur ingr\u00e9dient cosm\u00e9tique\" \/>\n<meta property=\"article:modified_time\" content=\"2025-04-18T14:21:08+00:00\" \/>\n<meta property=\"og:image\" content=\"https:\/\/www.sophim.com\/wp-content\/uploads\/2020\/08\/1679x498_texture_sophim.jpg\" \/>\n\t<meta property=\"og:image:width\" content=\"1679\" \/>\n\t<meta property=\"og:image:height\" content=\"498\" \/>\n\t<meta property=\"og:image:type\" content=\"image\/jpeg\" \/>\n<meta name=\"twitter:card\" content=\"summary_large_image\" \/>\n<meta name=\"twitter:label1\" content=\"Dur\u00e9e de lecture estim\u00e9e\" \/>\n\t<meta name=\"twitter:data1\" content=\"1 minute\" \/>\n<script type=\"application\/ld+json\" class=\"yoast-schema-graph\">{\"@context\":\"https:\\\/\\\/schema.org\",\"@graph\":[{\"@type\":\"WebPage\",\"@id\":\"https:\\\/\\\/www.sophim.com\\\/fr\\\/agent-texturant\\\/\",\"url\":\"https:\\\/\\\/www.sophim.com\\\/fr\\\/agent-texturant\\\/\",\"name\":\"Agent de texture pour fabrication de cosm\u00e9tique | SOPHIM\",\"isPartOf\":{\"@id\":\"https:\\\/\\\/www.sophim.com\\\/fr\\\/#website\"},\"primaryImageOfPage\":{\"@id\":\"https:\\\/\\\/www.sophim.com\\\/fr\\\/agent-texturant\\\/#primaryimage\"},\"image\":{\"@id\":\"https:\\\/\\\/www.sophim.com\\\/fr\\\/agent-texturant\\\/#primaryimage\"},\"thumbnailUrl\":\"https:\\\/\\\/www.sophim.com\\\/wp-content\\\/uploads\\\/2020\\\/08\\\/1679x498_texture_sophim.jpg\",\"datePublished\":\"2019-05-31T13:17:48+00:00\",\"dateModified\":\"2025-04-18T14:21:08+00:00\",\"description\":\"La stabilit\u00e9 et la texture d\u2019une formulation sont des priorit\u00e9s en Cosm\u00e9tique. SOPHIM vous propose des agents de textures pour vos produits cosm\u00e9tiques.\",\"breadcrumb\":{\"@id\":\"https:\\\/\\\/www.sophim.com\\\/fr\\\/agent-texturant\\\/#breadcrumb\"},\"inLanguage\":\"fr-FR\",\"potentialAction\":[{\"@type\":\"ReadAction\",\"target\":[\"https:\\\/\\\/www.sophim.com\\\/fr\\\/agent-texturant\\\/\"]}]},{\"@type\":\"ImageObject\",\"inLanguage\":\"fr-FR\",\"@id\":\"https:\\\/\\\/www.sophim.com\\\/fr\\\/agent-texturant\\\/#primaryimage\",\"url\":\"https:\\\/\\\/www.sophim.com\\\/wp-content\\\/uploads\\\/2020\\\/08\\\/1679x498_texture_sophim.jpg\",\"contentUrl\":\"https:\\\/\\\/www.sophim.com\\\/wp-content\\\/uploads\\\/2020\\\/08\\\/1679x498_texture_sophim.jpg\",\"width\":1679,\"height\":498},{\"@type\":\"BreadcrumbList\",\"@id\":\"https:\\\/\\\/www.sophim.com\\\/fr\\\/agent-texturant\\\/#breadcrumb\",\"itemListElement\":[{\"@type\":\"ListItem\",\"position\":1,\"name\":\"Home\",\"item\":\"https:\\\/\\\/www.sophim.com\\\/fr\\\/\"},{\"@type\":\"ListItem\",\"position\":2,\"name\":\"Les agents de texture\"}]},{\"@type\":\"WebSite\",\"@id\":\"https:\\\/\\\/www.sophim.com\\\/fr\\\/#website\",\"url\":\"https:\\\/\\\/www.sophim.com\\\/fr\\\/\",\"name\":\"SOPHIM fournisseur ingr\u00e9dient cosm\u00e9tique\",\"description\":\"Sophim est un fabricant d&#039;ingr\u00e9dients cosm\u00e9tiques naturels\",\"publisher\":{\"@id\":\"https:\\\/\\\/www.sophim.com\\\/fr\\\/#organization\"},\"potentialAction\":[{\"@type\":\"SearchAction\",\"target\":{\"@type\":\"EntryPoint\",\"urlTemplate\":\"https:\\\/\\\/www.sophim.com\\\/fr\\\/?s={search_term_string}\"},\"query-input\":{\"@type\":\"PropertyValueSpecification\",\"valueRequired\":true,\"valueName\":\"search_term_string\"}}],\"inLanguage\":\"fr-FR\"},{\"@type\":\"Organization\",\"@id\":\"https:\\\/\\\/www.sophim.com\\\/fr\\\/#organization\",\"name\":\"Sophim\",\"url\":\"https:\\\/\\\/www.sophim.com\\\/fr\\\/\",\"logo\":{\"@type\":\"ImageObject\",\"inLanguage\":\"fr-FR\",\"@id\":\"https:\\\/\\\/www.sophim.com\\\/fr\\\/#\\\/schema\\\/logo\\\/image\\\/\",\"url\":\"https:\\\/\\\/www.sophim.com\\\/wp-content\\\/uploads\\\/2019\\\/01\\\/sophim_logo.png\",\"contentUrl\":\"https:\\\/\\\/www.sophim.com\\\/wp-content\\\/uploads\\\/2019\\\/01\\\/sophim_logo.png\",\"width\":327,\"height\":156,\"caption\":\"Sophim\"},\"image\":{\"@id\":\"https:\\\/\\\/www.sophim.com\\\/fr\\\/#\\\/schema\\\/logo\\\/image\\\/\"}}]}<\/script>\n<!-- \/ Yoast SEO plugin. -->","yoast_head_json":{"title":"Agent de texture pour fabrication de cosm\u00e9tique | SOPHIM","description":"La stabilit\u00e9 et la texture d\u2019une formulation sont des priorit\u00e9s en Cosm\u00e9tique. SOPHIM vous propose des agents de textures pour vos produits cosm\u00e9tiques.","robots":{"index":"index","follow":"follow","max-snippet":"max-snippet:-1","max-image-preview":"max-image-preview:large","max-video-preview":"max-video-preview:-1"},"canonical":"https:\/\/www.sophim.com\/fr\/agent-texturant\/","og_locale":"fr_FR","og_type":"article","og_title":"Agent de texture pour fabrication de cosm\u00e9tique | SOPHIM","og_description":"La stabilit\u00e9 et la texture d\u2019une formulation sont des priorit\u00e9s en Cosm\u00e9tique. SOPHIM vous propose des agents de textures pour vos produits cosm\u00e9tiques.","og_url":"https:\/\/www.sophim.com\/fr\/agent-texturant\/","og_site_name":"SOPHIM fournisseur ingr\u00e9dient cosm\u00e9tique","article_modified_time":"2025-04-18T14:21:08+00:00","og_image":[{"width":1679,"height":498,"url":"https:\/\/www.sophim.com\/wp-content\/uploads\/2020\/08\/1679x498_texture_sophim.jpg","type":"image\/jpeg"}],"twitter_card":"summary_large_image","twitter_misc":{"Dur\u00e9e de lecture estim\u00e9e":"1 minute"},"schema":{"@context":"https:\/\/schema.org","@graph":[{"@type":"WebPage","@id":"https:\/\/www.sophim.com\/fr\/agent-texturant\/","url":"https:\/\/www.sophim.com\/fr\/agent-texturant\/","name":"Agent de texture pour fabrication de cosm\u00e9tique | SOPHIM","isPartOf":{"@id":"https:\/\/www.sophim.com\/fr\/#website"},"primaryImageOfPage":{"@id":"https:\/\/www.sophim.com\/fr\/agent-texturant\/#primaryimage"},"image":{"@id":"https:\/\/www.sophim.com\/fr\/agent-texturant\/#primaryimage"},"thumbnailUrl":"https:\/\/www.sophim.com\/wp-content\/uploads\/2020\/08\/1679x498_texture_sophim.jpg","datePublished":"2019-05-31T13:17:48+00:00","dateModified":"2025-04-18T14:21:08+00:00","description":"La stabilit\u00e9 et la texture d\u2019une formulation sont des priorit\u00e9s en Cosm\u00e9tique. SOPHIM vous propose des agents de textures pour vos produits cosm\u00e9tiques.","breadcrumb":{"@id":"https:\/\/www.sophim.com\/fr\/agent-texturant\/#breadcrumb"},"inLanguage":"fr-FR","potentialAction":[{"@type":"ReadAction","target":["https:\/\/www.sophim.com\/fr\/agent-texturant\/"]}]},{"@type":"ImageObject","inLanguage":"fr-FR","@id":"https:\/\/www.sophim.com\/fr\/agent-texturant\/#primaryimage","url":"https:\/\/www.sophim.com\/wp-content\/uploads\/2020\/08\/1679x498_texture_sophim.jpg","contentUrl":"https:\/\/www.sophim.com\/wp-content\/uploads\/2020\/08\/1679x498_texture_sophim.jpg","width":1679,"height":498},{"@type":"BreadcrumbList","@id":"https:\/\/www.sophim.com\/fr\/agent-texturant\/#breadcrumb","itemListElement":[{"@type":"ListItem","position":1,"name":"Home","item":"https:\/\/www.sophim.com\/fr\/"},{"@type":"ListItem","position":2,"name":"Les agents de texture"}]},{"@type":"WebSite","@id":"https:\/\/www.sophim.com\/fr\/#website","url":"https:\/\/www.sophim.com\/fr\/","name":"SOPHIM fournisseur ingr\u00e9dient cosm\u00e9tique","description":"Sophim est un fabricant d&#039;ingr\u00e9dients cosm\u00e9tiques naturels","publisher":{"@id":"https:\/\/www.sophim.com\/fr\/#organization"},"potentialAction":[{"@type":"SearchAction","target":{"@type":"EntryPoint","urlTemplate":"https:\/\/www.sophim.com\/fr\/?s={search_term_string}"},"query-input":{"@type":"PropertyValueSpecification","valueRequired":true,"valueName":"search_term_string"}}],"inLanguage":"fr-FR"},{"@type":"Organization","@id":"https:\/\/www.sophim.com\/fr\/#organization","name":"Sophim","url":"https:\/\/www.sophim.com\/fr\/","logo":{"@type":"ImageObject","inLanguage":"fr-FR","@id":"https:\/\/www.sophim.com\/fr\/#\/schema\/logo\/image\/","url":"https:\/\/www.sophim.com\/wp-content\/uploads\/2019\/01\/sophim_logo.png","contentUrl":"https:\/\/www.sophim.com\/wp-content\/uploads\/2019\/01\/sophim_logo.png","width":327,"height":156,"caption":"Sophim"},"image":{"@id":"https:\/\/www.sophim.com\/fr\/#\/schema\/logo\/image\/"}}]}},"_links":{"self":[{"href":"https:\/\/www.sophim.com\/fr\/wp-json\/wp\/v2\/pages\/285","targetHints":{"allow":["GET"]}}],"collection":[{"href":"https:\/\/www.sophim.com\/fr\/wp-json\/wp\/v2\/pages"}],"about":[{"href":"https:\/\/www.sophim.com\/fr\/wp-json\/wp\/v2\/types\/page"}],"author":[{"embeddable":true,"href":"https:\/\/www.sophim.com\/fr\/wp-json\/wp\/v2\/users\/23"}],"replies":[{"embeddable":true,"href":"https:\/\/www.sophim.com\/fr\/wp-json\/wp\/v2\/comments?post=285"}],"version-history":[{"count":0,"href":"https:\/\/www.sophim.com\/fr\/wp-json\/wp\/v2\/pages\/285\/revisions"}],"wp:featuredmedia":[{"embeddable":true,"href":"https:\/\/www.sophim.com\/fr\/wp-json\/wp\/v2\/media\/2054"}],"wp:attachment":[{"href":"https:\/\/www.sophim.com\/fr\/wp-json\/wp\/v2\/media?parent=285"}],"curies":[{"name":"wp","href":"https:\/\/api.w.org\/{rel}","templated":true}]}}