{"id":29,"date":"2019-01-23T10:41:48","date_gmt":"2019-01-23T09:41:48","guid":{"rendered":"http:\/\/sophim.com\/?page_id=29"},"modified":"2024-07-22T11:54:04","modified_gmt":"2024-07-22T09:54:04","slug":"huile-vegetale","status":"publish","type":"page","link":"https:\/\/www.sophim.com\/fr\/huile-vegetale\/","title":{"rendered":"Les huiles v\u00e9g\u00e9tales cosm\u00e9tiques"},"content":{"rendered":"<p><strong>Depuis des mill\u00e9naires, l\u2019homme utilise les huiles v\u00e9g\u00e9tales comme rem\u00e8de naturel, pour leurs nombreuses vertus. Provenant de toutes les r\u00e9gions du Monde, les huiles v\u00e9g\u00e9tales pour la cosm\u00e9tique constituent une source riche et vari\u00e9e d\u2019ingr\u00e9dients multifonctionnels pour les formulations cosm\u00e9tiques naturelles.<\/strong><\/p>\n","protected":false},"excerpt":{"rendered":"<p>Depuis des mill\u00e9naires, l\u2019homme utilise les huiles v\u00e9g\u00e9tales comme rem\u00e8de naturel, pour leurs nombreuses vertus. Provenant de toutes les r\u00e9gions du Monde, les huiles v\u00e9g\u00e9tales pour la cosm\u00e9tique constituent une source riche et vari\u00e9e d\u2019ingr\u00e9dients multifonctionnels pour les formulations cosm\u00e9tiques naturelles.<\/p>\n","protected":false},"author":23,"featured_media":1994,"parent":0,"menu_order":97,"comment_status":"closed","ping_status":"closed","template":"template-categorie-huile.php","meta":{"footnotes":""},"class_list":["post-29","page","type-page","status-publish","has-post-thumbnail","hentry"],"yoast_head":"<!-- This site is optimized with the Yoast SEO plugin v27.3 - https:\/\/yoast.com\/product\/yoast-seo-wordpress\/ -->\n<title>Huiles v\u00e9g\u00e9tales cosm\u00e9tiques bio - SOPHIM<\/title>\n<meta name=\"description\" content=\"Les huiles v\u00e9g\u00e9tales sont des ingr\u00e9dients essentiels de la Cosm\u00e9tique naturelle. SOPHIM vous propose des huiles certifi\u00e9es COSMOS, pour une hydratation optimale.\" \/>\n<meta name=\"robots\" content=\"index, follow, max-snippet:-1, max-image-preview:large, max-video-preview:-1\" \/>\n<link rel=\"canonical\" href=\"https:\/\/www.sophim.com\/fr\/huile-vegetale\/\" \/>\n<meta property=\"og:locale\" content=\"fr_FR\" \/>\n<meta property=\"og:type\" content=\"article\" \/>\n<meta property=\"og:title\" content=\"Huiles v\u00e9g\u00e9tales cosm\u00e9tiques bio - SOPHIM\" \/>\n<meta property=\"og:description\" content=\"Les huiles v\u00e9g\u00e9tales sont des ingr\u00e9dients essentiels de la Cosm\u00e9tique naturelle. SOPHIM vous propose des huiles certifi\u00e9es COSMOS, pour une hydratation optimale.\" \/>\n<meta property=\"og:url\" content=\"https:\/\/www.sophim.com\/fr\/huile-vegetale\/\" \/>\n<meta property=\"og:site_name\" content=\"SOPHIM fournisseur ingr\u00e9dient cosm\u00e9tique\" \/>\n<meta property=\"article:modified_time\" content=\"2024-07-22T09:54:04+00:00\" \/>\n<meta property=\"og:image\" content=\"https:\/\/www.sophim.com\/wp-content\/uploads\/2020\/07\/1679x498_huilevege_sophim.jpg\" \/>\n\t<meta property=\"og:image:width\" content=\"1679\" \/>\n\t<meta property=\"og:image:height\" content=\"498\" \/>\n\t<meta property=\"og:image:type\" content=\"image\/jpeg\" \/>\n<meta name=\"twitter:card\" content=\"summary_large_image\" \/>\n<meta name=\"twitter:label1\" content=\"Dur\u00e9e de lecture estim\u00e9e\" \/>\n\t<meta name=\"twitter:data1\" content=\"1 minute\" \/>\n<script type=\"application\/ld+json\" class=\"yoast-schema-graph\">{\"@context\":\"https:\\\/\\\/schema.org\",\"@graph\":[{\"@type\":\"WebPage\",\"@id\":\"https:\\\/\\\/www.sophim.com\\\/fr\\\/huile-vegetale\\\/\",\"url\":\"https:\\\/\\\/www.sophim.com\\\/fr\\\/huile-vegetale\\\/\",\"name\":\"Huiles v\u00e9g\u00e9tales cosm\u00e9tiques bio - SOPHIM\",\"isPartOf\":{\"@id\":\"https:\\\/\\\/www.sophim.com\\\/fr\\\/#website\"},\"primaryImageOfPage\":{\"@id\":\"https:\\\/\\\/www.sophim.com\\\/fr\\\/huile-vegetale\\\/#primaryimage\"},\"image\":{\"@id\":\"https:\\\/\\\/www.sophim.com\\\/fr\\\/huile-vegetale\\\/#primaryimage\"},\"thumbnailUrl\":\"https:\\\/\\\/www.sophim.com\\\/wp-content\\\/uploads\\\/2020\\\/07\\\/1679x498_huilevege_sophim.jpg\",\"datePublished\":\"2019-01-23T09:41:48+00:00\",\"dateModified\":\"2024-07-22T09:54:04+00:00\",\"description\":\"Les huiles v\u00e9g\u00e9tales sont des ingr\u00e9dients essentiels de la Cosm\u00e9tique naturelle. SOPHIM vous propose des huiles certifi\u00e9es COSMOS, pour une hydratation optimale.\",\"breadcrumb\":{\"@id\":\"https:\\\/\\\/www.sophim.com\\\/fr\\\/huile-vegetale\\\/#breadcrumb\"},\"inLanguage\":\"fr-FR\",\"potentialAction\":[{\"@type\":\"ReadAction\",\"target\":[\"https:\\\/\\\/www.sophim.com\\\/fr\\\/huile-vegetale\\\/\"]}]},{\"@type\":\"ImageObject\",\"inLanguage\":\"fr-FR\",\"@id\":\"https:\\\/\\\/www.sophim.com\\\/fr\\\/huile-vegetale\\\/#primaryimage\",\"url\":\"https:\\\/\\\/www.sophim.com\\\/wp-content\\\/uploads\\\/2020\\\/07\\\/1679x498_huilevege_sophim.jpg\",\"contentUrl\":\"https:\\\/\\\/www.sophim.com\\\/wp-content\\\/uploads\\\/2020\\\/07\\\/1679x498_huilevege_sophim.jpg\",\"width\":1679,\"height\":498},{\"@type\":\"BreadcrumbList\",\"@id\":\"https:\\\/\\\/www.sophim.com\\\/fr\\\/huile-vegetale\\\/#breadcrumb\",\"itemListElement\":[{\"@type\":\"ListItem\",\"position\":1,\"name\":\"Home\",\"item\":\"https:\\\/\\\/www.sophim.com\\\/fr\\\/\"},{\"@type\":\"ListItem\",\"position\":2,\"name\":\"Les huiles v\u00e9g\u00e9tales cosm\u00e9tiques\"}]},{\"@type\":\"WebSite\",\"@id\":\"https:\\\/\\\/www.sophim.com\\\/fr\\\/#website\",\"url\":\"https:\\\/\\\/www.sophim.com\\\/fr\\\/\",\"name\":\"SOPHIM fournisseur ingr\u00e9dient cosm\u00e9tique\",\"description\":\"Sophim est un fabricant d&#039;ingr\u00e9dients cosm\u00e9tiques naturels\",\"publisher\":{\"@id\":\"https:\\\/\\\/www.sophim.com\\\/fr\\\/#organization\"},\"potentialAction\":[{\"@type\":\"SearchAction\",\"target\":{\"@type\":\"EntryPoint\",\"urlTemplate\":\"https:\\\/\\\/www.sophim.com\\\/fr\\\/?s={search_term_string}\"},\"query-input\":{\"@type\":\"PropertyValueSpecification\",\"valueRequired\":true,\"valueName\":\"search_term_string\"}}],\"inLanguage\":\"fr-FR\"},{\"@type\":\"Organization\",\"@id\":\"https:\\\/\\\/www.sophim.com\\\/fr\\\/#organization\",\"name\":\"Sophim\",\"url\":\"https:\\\/\\\/www.sophim.com\\\/fr\\\/\",\"logo\":{\"@type\":\"ImageObject\",\"inLanguage\":\"fr-FR\",\"@id\":\"https:\\\/\\\/www.sophim.com\\\/fr\\\/#\\\/schema\\\/logo\\\/image\\\/\",\"url\":\"https:\\\/\\\/www.sophim.com\\\/wp-content\\\/uploads\\\/2019\\\/01\\\/sophim_logo.png\",\"contentUrl\":\"https:\\\/\\\/www.sophim.com\\\/wp-content\\\/uploads\\\/2019\\\/01\\\/sophim_logo.png\",\"width\":327,\"height\":156,\"caption\":\"Sophim\"},\"image\":{\"@id\":\"https:\\\/\\\/www.sophim.com\\\/fr\\\/#\\\/schema\\\/logo\\\/image\\\/\"}}]}<\/script>\n<!-- \/ Yoast SEO plugin. -->","yoast_head_json":{"title":"Huiles v\u00e9g\u00e9tales cosm\u00e9tiques bio - SOPHIM","description":"Les huiles v\u00e9g\u00e9tales sont des ingr\u00e9dients essentiels de la Cosm\u00e9tique naturelle. SOPHIM vous propose des huiles certifi\u00e9es COSMOS, pour une hydratation optimale.","robots":{"index":"index","follow":"follow","max-snippet":"max-snippet:-1","max-image-preview":"max-image-preview:large","max-video-preview":"max-video-preview:-1"},"canonical":"https:\/\/www.sophim.com\/fr\/huile-vegetale\/","og_locale":"fr_FR","og_type":"article","og_title":"Huiles v\u00e9g\u00e9tales cosm\u00e9tiques bio - SOPHIM","og_description":"Les huiles v\u00e9g\u00e9tales sont des ingr\u00e9dients essentiels de la Cosm\u00e9tique naturelle. SOPHIM vous propose des huiles certifi\u00e9es COSMOS, pour une hydratation optimale.","og_url":"https:\/\/www.sophim.com\/fr\/huile-vegetale\/","og_site_name":"SOPHIM fournisseur ingr\u00e9dient cosm\u00e9tique","article_modified_time":"2024-07-22T09:54:04+00:00","og_image":[{"width":1679,"height":498,"url":"https:\/\/www.sophim.com\/wp-content\/uploads\/2020\/07\/1679x498_huilevege_sophim.jpg","type":"image\/jpeg"}],"twitter_card":"summary_large_image","twitter_misc":{"Dur\u00e9e de lecture estim\u00e9e":"1 minute"},"schema":{"@context":"https:\/\/schema.org","@graph":[{"@type":"WebPage","@id":"https:\/\/www.sophim.com\/fr\/huile-vegetale\/","url":"https:\/\/www.sophim.com\/fr\/huile-vegetale\/","name":"Huiles v\u00e9g\u00e9tales cosm\u00e9tiques bio - SOPHIM","isPartOf":{"@id":"https:\/\/www.sophim.com\/fr\/#website"},"primaryImageOfPage":{"@id":"https:\/\/www.sophim.com\/fr\/huile-vegetale\/#primaryimage"},"image":{"@id":"https:\/\/www.sophim.com\/fr\/huile-vegetale\/#primaryimage"},"thumbnailUrl":"https:\/\/www.sophim.com\/wp-content\/uploads\/2020\/07\/1679x498_huilevege_sophim.jpg","datePublished":"2019-01-23T09:41:48+00:00","dateModified":"2024-07-22T09:54:04+00:00","description":"Les huiles v\u00e9g\u00e9tales sont des ingr\u00e9dients essentiels de la Cosm\u00e9tique naturelle. SOPHIM vous propose des huiles certifi\u00e9es COSMOS, pour une hydratation optimale.","breadcrumb":{"@id":"https:\/\/www.sophim.com\/fr\/huile-vegetale\/#breadcrumb"},"inLanguage":"fr-FR","potentialAction":[{"@type":"ReadAction","target":["https:\/\/www.sophim.com\/fr\/huile-vegetale\/"]}]},{"@type":"ImageObject","inLanguage":"fr-FR","@id":"https:\/\/www.sophim.com\/fr\/huile-vegetale\/#primaryimage","url":"https:\/\/www.sophim.com\/wp-content\/uploads\/2020\/07\/1679x498_huilevege_sophim.jpg","contentUrl":"https:\/\/www.sophim.com\/wp-content\/uploads\/2020\/07\/1679x498_huilevege_sophim.jpg","width":1679,"height":498},{"@type":"BreadcrumbList","@id":"https:\/\/www.sophim.com\/fr\/huile-vegetale\/#breadcrumb","itemListElement":[{"@type":"ListItem","position":1,"name":"Home","item":"https:\/\/www.sophim.com\/fr\/"},{"@type":"ListItem","position":2,"name":"Les huiles v\u00e9g\u00e9tales cosm\u00e9tiques"}]},{"@type":"WebSite","@id":"https:\/\/www.sophim.com\/fr\/#website","url":"https:\/\/www.sophim.com\/fr\/","name":"SOPHIM fournisseur ingr\u00e9dient cosm\u00e9tique","description":"Sophim est un fabricant d&#039;ingr\u00e9dients cosm\u00e9tiques naturels","publisher":{"@id":"https:\/\/www.sophim.com\/fr\/#organization"},"potentialAction":[{"@type":"SearchAction","target":{"@type":"EntryPoint","urlTemplate":"https:\/\/www.sophim.com\/fr\/?s={search_term_string}"},"query-input":{"@type":"PropertyValueSpecification","valueRequired":true,"valueName":"search_term_string"}}],"inLanguage":"fr-FR"},{"@type":"Organization","@id":"https:\/\/www.sophim.com\/fr\/#organization","name":"Sophim","url":"https:\/\/www.sophim.com\/fr\/","logo":{"@type":"ImageObject","inLanguage":"fr-FR","@id":"https:\/\/www.sophim.com\/fr\/#\/schema\/logo\/image\/","url":"https:\/\/www.sophim.com\/wp-content\/uploads\/2019\/01\/sophim_logo.png","contentUrl":"https:\/\/www.sophim.com\/wp-content\/uploads\/2019\/01\/sophim_logo.png","width":327,"height":156,"caption":"Sophim"},"image":{"@id":"https:\/\/www.sophim.com\/fr\/#\/schema\/logo\/image\/"}}]}},"_links":{"self":[{"href":"https:\/\/www.sophim.com\/fr\/wp-json\/wp\/v2\/pages\/29","targetHints":{"allow":["GET"]}}],"collection":[{"href":"https:\/\/www.sophim.com\/fr\/wp-json\/wp\/v2\/pages"}],"about":[{"href":"https:\/\/www.sophim.com\/fr\/wp-json\/wp\/v2\/types\/page"}],"author":[{"embeddable":true,"href":"https:\/\/www.sophim.com\/fr\/wp-json\/wp\/v2\/users\/23"}],"replies":[{"embeddable":true,"href":"https:\/\/www.sophim.com\/fr\/wp-json\/wp\/v2\/comments?post=29"}],"version-history":[{"count":0,"href":"https:\/\/www.sophim.com\/fr\/wp-json\/wp\/v2\/pages\/29\/revisions"}],"wp:featuredmedia":[{"embeddable":true,"href":"https:\/\/www.sophim.com\/fr\/wp-json\/wp\/v2\/media\/1994"}],"wp:attachment":[{"href":"https:\/\/www.sophim.com\/fr\/wp-json\/wp\/v2\/media?parent=29"}],"curies":[{"name":"wp","href":"https:\/\/api.w.org\/{rel}","templated":true}]}}