{"id":3,"date":"2019-01-21T10:05:41","date_gmt":"2019-01-21T09:05:41","guid":{"rendered":"http:\/\/sophim.com\/?page_id=3"},"modified":"2024-09-12T16:26:13","modified_gmt":"2024-09-12T14:26:13","slug":"politique-de-confidentialite","status":"publish","type":"page","link":"https:\/\/www.sophim.com\/fr\/politique-de-confidentialite\/","title":{"rendered":"Politique de protection des donn\u00e9es personnelles"},"content":{"rendered":"<h1>Politique de protection des donn\u00e9es personnelles du site sophim.com<\/h1>\n<p>Dans le cadre de l\u2019utilisation de ce site internet (<a href=\"https:\/\/www.sophim.com\/\">https:\/\/www.sophim.com\/<\/a>), vous disposez de la facult\u00e9 de transmettre des donn\u00e9es \u00e0 caract\u00e8re personnel via des formulaires de collecte de donn\u00e9es. La pr\u00e9sente \u201c<em>Politique de protection des donn\u00e9es personnelles<\/em>\u201d vise \u00e0 vous informer de la mani\u00e8re dont vos donn\u00e9es sont trait\u00e9es lorsque vous utilisez lesdits formulaires.<\/p>\n<h2><span style=\"color: #6e9dd4;\">Qui est le responsable de traitement de mes donn\u00e9es ? <\/span><\/h2>\n<p>Les donn\u00e9es \u00e0 caract\u00e8re personnel transmises par le biais des formulaires de ce site sont trait\u00e9es par la soci\u00e9t\u00e9 SOPHIM, immatricul\u00e9e au Registre du Commerce et des Soci\u00e9t\u00e9s sous le SIRET n\u00b0 33802624800033 (ci-apr\u00e8s \u00ab\u00a0<strong>SOPHIM<\/strong>\u00a0\u00bb) en sa qualit\u00e9 de responsable de traitement.<\/p>\n<h2><span style=\"color: #6e9dd4;\">Pour quelles finalit\u00e9s et selon quelles bases l\u00e9gales mes donn\u00e9es sont trait\u00e9es ? <\/span><\/h2>\n<p>Ces donn\u00e9es sont trait\u00e9es sur la base des int\u00e9r\u00eats l\u00e9gitimes de SOPHIM aux fins de r\u00e9pondre \u00e0 votre demande de prise de contact. Ces donn\u00e9es peuvent \u00e9galement \u00eatre trait\u00e9es, si vous y \u00eates un professionnel, aux fins de r\u00e9aliser des op\u00e9rations de promotion des produits et services du responsable de traitement (par e-mail, courrier postal ou t\u00e9l\u00e9phone). Vous pourrez vous opposer \u00e0 ces op\u00e9rations de promotion \u00e0 chaque r\u00e9ception d\u2019e-mail de la part de SOPHIM (via un lien de d\u00e9sinscription int\u00e9gr\u00e9 dans chaque e-mail \u00e9mis \u00e0 cet effet) et\/ou en \u00e9crivant aux coordonn\u00e9es figurant ci-apr\u00e8s.<\/p>\n<h2><span style=\"color: #6e9dd4;\">Pendant combien de temps mes donn\u00e9es sont trait\u00e9es ? <\/span><\/h2>\n<p>Les demandes transmises par le biais des formulaires sont conserv\u00e9es :<\/p>\n<ul>\n<li>1 an apr\u00e8s l&rsquo;envoi de votre demande lorsqu\u2019elles sont trait\u00e9es aux fins de r\u00e9pondre \u00e0 votre demande de prise de contact ;<\/li>\n<li>3 ans apr\u00e8s le dernier contact de votre part lorsqu\u2019elles sont trait\u00e9es aux fins de r\u00e9aliser des op\u00e9rations de promotion des produits et services de SOPHIM.<\/li>\n<\/ul>\n<p>Dans le cadre de certaines situations exceptionnelles, vos donn\u00e9es sont susceptibles d&rsquo;\u00eatre conserv\u00e9es au-del\u00e0 de ces dur\u00e9es (de mani\u00e8re non exhaustive : dans le cadre d&rsquo;un contentieux, lorsque les voies de recours ordinaires et extraordinaires ne sont plus possibles contre la d\u00e9cision rendue ; aux fins de respects de certaines obligations l\u00e9gales incombant \u00e0 SOPHIM ; \u00e0 la demande d&rsquo;une autorit\u00e9 l\u00e9gale, etc.).<\/p>\n<h2><span style=\"color: #6e9dd4;\">A qui mes donn\u00e9es peuvent elles \u00eatre transmises ? O\u00f9 sont-elles trait\u00e9es ?<\/span><\/h2>\n<p>Lorsque votre demande concerne la distribution des produits commercialis\u00e9s par SOPHIM au sein de pays autres que la France et l&rsquo;Espagne, vous \u00eates inform\u00e9s que vos donn\u00e9es professionnelles seront transmises par SOPHIM \u00e0 son distributeur partenaire, en charge de la distribution des produits SOPHIM au sein du pays concern\u00e9 par votre demande.<\/p>\n<p>Dans le cadre de la mise en \u0153uvre de ses activit\u00e9s, SOPHIM s&rsquo;appuie sur des produits et des services mis en \u0153uvre par des prestataires sp\u00e9cialis\u00e9s (\u00e9diteur de logiciel, h\u00e9bergeur de donn\u00e9es, routeur d\u2019e-mail, consultant sp\u00e9cialis\u00e9, etc.).\u00a0 Afin de prot\u00e9ger vos donn\u00e9es personnelles, SOPHIM fait uniquement appel \u00e0 des sous-traitants qui pr\u00e9sentent de robustes garanties de s\u00e9curit\u00e9 et de conformit\u00e9. Un acte juridique encadre syst\u00e9matiquement la relation entre SOPHIM et ses sous-traitants.<\/p>\n<p>Les donn\u00e9es \u00e0 caract\u00e8re personnel transmises par le biais des formulaires sont susceptibles d&rsquo;\u00eatre transf\u00e9r\u00e9es \u00e0 ces sous-traitants, agissant uniquement sur instruction document\u00e9e de SOPHIM\u00a0et ne pouvant \u00eatre trait\u00e9es par ses sous-traitants que dans ce cadre. Dans cette hypoth\u00e8se, vos donn\u00e9es sont susceptibles de faire l&rsquo;objet d&rsquo;un transfert en dehors de l&rsquo;Union Europ\u00e9enne, et notamment vers les Etats-Unis en vertu du Data Privacy Framework et\/ou de la mise en place de garanties appropri\u00e9es (notamment la signature de clauses contractuelles types adopt\u00e9es par une autorit\u00e9 de contr\u00f4le ou la Commission europ\u00e9enne) et\/ou en vertu d&rsquo;une d\u00e9cision d&rsquo;ad\u00e9quation de la Commission europ\u00e9enne vers un pays assurant un niveau de protection ad\u00e9quat.<\/p>\n<h2><span style=\"color: #6e9dd4;\">Quels sont mes droits ? Comment puis-je les exercer ?<\/span><\/h2>\n<p>En vertu des dispositions r\u00e9glementaires, vous disposez de droits sur vos donn\u00e9es \u00e0 caract\u00e8re personnel :<\/p>\n<ul>\n<li><strong>Un droit d&rsquo;acc\u00e8s<\/strong> \u00e0 vos donn\u00e9es personnelles (droit d&rsquo;obtenir de SOPHIM la confirmation que des donn\u00e9es \u00e0 caract\u00e8re personnel vous concernant sont trait\u00e9es ou non par nos soins, des informations relatives aux traitements mis en \u0153uvre ainsi que l&rsquo;acc\u00e8s aux dites donn\u00e9es \u00e0 caract\u00e8re personnel) ;<\/li>\n<li><strong>Un droit de rectification<\/strong> de vos donn\u00e9es personnelles qui s&rsquo;av\u00e8reraient inexactes ;<\/li>\n<li><strong>Un droit \u00e0 l&rsquo;effacement<\/strong> de vos donn\u00e9es personnelles. Ce droit est conditionn\u00e9 \u00e0 certains motifs d\u00e9taill\u00e9s au sein de l&rsquo;<a href=\"https:\/\/www.cnil.fr\/fr\/reglement-europeen-protection-donnees\/chapitre3#Article17\">article 17 du RGPD<\/a> ;<\/li>\n<li><strong>Un droit \u00e0 la limitation<\/strong> de vos donn\u00e9es personnelles. Ce droit est conditionn\u00e9 \u00e0 certains motifs d\u00e9taill\u00e9s au sein de l&rsquo;<a href=\"https:\/\/www.cnil.fr\/fr\/reglement-europeen-protection-donnees\/chapitre3#Article18\">article 18 du RGPD<\/a> ;<\/li>\n<li><strong>Un droit \u00e0 la portabilit\u00e9<\/strong> de vos donn\u00e9es personnelles (droit de recevoir les donn\u00e9es \u00e0 caract\u00e8re personnel vous concernant et\/ou que vous avez fournies \u00e0 SOPHIM dans un format structur\u00e9, couramment utilis\u00e9 et lisible par machine). Ce droit est subordonn\u00e9 \u00e0 certaines exigences d\u00e9taill\u00e9es au sein de l&rsquo;<a href=\"https:\/\/www.cnil.fr\/fr\/reglement-europeen-protection-donnees\/chapitre3#Article20\">article 20 du RGPD<\/a> ;<\/li>\n<li><strong>Un droit d&rsquo;opposition<\/strong> aux traitements mis en \u0153uvre. Ce droit est subordonn\u00e9 \u00e0 certaines exigences d\u00e9taill\u00e9es au sein de l&rsquo;<a href=\"https:\/\/www.cnil.fr\/fr\/reglement-europeen-protection-donnees\/chapitre3#Article21\">article 21 du RGPD<\/a> ;<\/li>\n<li><strong>Un droit de d\u00e9finir le sort de vos donn\u00e9es apr\u00e8s votre mort<\/strong> et de choisir que SOPHIM communique (ou non) vos donn\u00e9es \u00e0 un tiers que vous aurez pr\u00e9alablement d\u00e9sign\u00e9.<\/li>\n<\/ul>\n<p>Enfin, vous disposez du <strong>droit d&rsquo;introduire une r\u00e9clamation<\/strong> aupr\u00e8s de la Commission Nationale de l&rsquo;Informatique et des Libert\u00e9s (CNIL) au sujet du traitement de vos donn\u00e9es personnelles. Nous vous encourageons \u00e0 prendre contact avec SOPHIM avant tout d\u00e9p\u00f4t de plainte afin que nous puissions r\u00e9pondre \u00e0 vos demandes et attentes.<\/p>\n<p>Pour exercer vos droits, vous pouvez effectuer une demande libre aux coordonn\u00e9es suivantes :<\/p>\n<ul>\n<li>par e-mail \u00e0 l&rsquo;adresse suivante : <a href=\"&#x6d;a&#x69;&#108;t&#x6f;&#58;&#x64;&#112;o&#x40;&#115;&#x6f;&#112;h&#x69;&#109;&#x2e;&#x63;o&#x6d;\">&#x64;&#x70;&#x6f;&#x40;&#x73;&#x6f;&#x70;&#x68;&#x69;&#x6d;&#x2e;&#99;&#111;&#109;<\/a> ; ou<\/li>\n<li>par courrier postal \u00e0 l&rsquo;adresse suivante : SOPHIM &#8211; D\u00e9l\u00e9gu\u00e9 \u00e0 la Protection des Donn\u00e9es &#8211; Rue Pierre-Gilles de Gennes, 04310 Peyruis &#8211; FRANCE<\/li>\n<\/ul>\n<p>Vous \u00eates par ailleurs inform\u00e9, conform\u00e9ment \u00e0 l\u2019article 13-1, b) du RGPD, que l\u2019entit\u00e9 <a href=\"https:\/\/mon-dpo-externe.com\/\">Mon DPO externe<\/a> est d\u00e9sign\u00e9e en qualit\u00e9 de D\u00e9l\u00e9gu\u00e9 \u00e0 la Protection des Donn\u00e9es (\u201cDPO\u201d) aupr\u00e8s de la Commission Nationale de l\u2019Informatique et des Libert\u00e9s, pour le compte de l\u2019entit\u00e9 SOPHIM. Vous pouvez directement contacter le DPO via le formulaire de contact mis \u00e0 disposition sur son site internet.<\/p>\n","protected":false},"excerpt":{"rendered":"<p>Politique de protection des donn\u00e9es personnelles du site sophim.com Dans le cadre de l\u2019utilisation de ce site internet (https:\/\/www.sophim.com\/), vous disposez de la facult\u00e9 de transmettre des donn\u00e9es \u00e0 caract\u00e8re personnel via des formulaires de collecte de donn\u00e9es. La pr\u00e9sente \u201cPolitique de protection des donn\u00e9es personnelles\u201d vise \u00e0 vous informer de la mani\u00e8re dont vos [&hellip;]<\/p>\n","protected":false},"author":23,"featured_media":95,"parent":0,"menu_order":107,"comment_status":"closed","ping_status":"open","template":"template-no-header.php","meta":{"footnotes":""},"class_list":["post-3","page","type-page","status-publish","has-post-thumbnail","hentry"],"yoast_head":"<!-- This site is optimized with the Yoast SEO plugin v27.4 - https:\/\/yoast.com\/product\/yoast-seo-wordpress\/ -->\n<title>Politique de protection des donn\u00e9es personnelles - SOPHIM fournisseur ingr\u00e9dient cosm\u00e9tique<\/title>\n<meta name=\"description\" content=\"La Politique de protection des donn\u00e9es personnelles pr\u00e9sente les informations relatives aux donn\u00e9es \u00e0 caract\u00e8re personnel qui sont trait\u00e9es par SOPHIM, aux finalit\u00e9s et \u00e0 la base de ces traitements, au partage de ces donn\u00e9es avec des tiers, et \u00e0 vos droits\" \/>\n<meta name=\"robots\" content=\"index, follow, max-snippet:-1, max-image-preview:large, max-video-preview:-1\" \/>\n<link rel=\"canonical\" href=\"https:\/\/www.sophim.com\/fr\/politique-de-confidentialite\/\" \/>\n<meta property=\"og:locale\" content=\"fr_FR\" \/>\n<meta property=\"og:type\" content=\"article\" \/>\n<meta property=\"og:title\" content=\"Politique de protection des donn\u00e9es personnelles - SOPHIM fournisseur ingr\u00e9dient cosm\u00e9tique\" \/>\n<meta property=\"og:description\" content=\"La Politique de protection des donn\u00e9es personnelles pr\u00e9sente les informations relatives aux donn\u00e9es \u00e0 caract\u00e8re personnel qui sont trait\u00e9es par SOPHIM, aux finalit\u00e9s et \u00e0 la base de ces traitements, au partage de ces donn\u00e9es avec des tiers, et \u00e0 vos droits\" \/>\n<meta property=\"og:url\" content=\"https:\/\/www.sophim.com\/fr\/politique-de-confidentialite\/\" \/>\n<meta property=\"og:site_name\" content=\"SOPHIM fournisseur ingr\u00e9dient cosm\u00e9tique\" \/>\n<meta property=\"article:modified_time\" content=\"2024-09-12T14:26:13+00:00\" \/>\n<meta property=\"og:image\" content=\"https:\/\/www.sophim.com\/wp-content\/uploads\/2019\/01\/header_propos.jpg\" \/>\n\t<meta property=\"og:image:width\" content=\"1679\" \/>\n\t<meta property=\"og:image:height\" content=\"498\" \/>\n\t<meta property=\"og:image:type\" content=\"image\/jpeg\" \/>\n<meta name=\"twitter:card\" content=\"summary_large_image\" \/>\n<meta name=\"twitter:label1\" content=\"Dur\u00e9e de lecture estim\u00e9e\" \/>\n\t<meta name=\"twitter:data1\" content=\"6 minutes\" \/>\n<script type=\"application\/ld+json\" class=\"yoast-schema-graph\">{\"@context\":\"https:\\\/\\\/schema.org\",\"@graph\":[{\"@type\":\"WebPage\",\"@id\":\"https:\\\/\\\/www.sophim.com\\\/fr\\\/politique-de-confidentialite\\\/\",\"url\":\"https:\\\/\\\/www.sophim.com\\\/fr\\\/politique-de-confidentialite\\\/\",\"name\":\"Politique de protection des donn\u00e9es personnelles - SOPHIM fournisseur ingr\u00e9dient cosm\u00e9tique\",\"isPartOf\":{\"@id\":\"https:\\\/\\\/www.sophim.com\\\/fr\\\/#website\"},\"primaryImageOfPage\":{\"@id\":\"https:\\\/\\\/www.sophim.com\\\/fr\\\/politique-de-confidentialite\\\/#primaryimage\"},\"image\":{\"@id\":\"https:\\\/\\\/www.sophim.com\\\/fr\\\/politique-de-confidentialite\\\/#primaryimage\"},\"thumbnailUrl\":\"https:\\\/\\\/www.sophim.com\\\/wp-content\\\/uploads\\\/2019\\\/01\\\/header_propos.jpg\",\"datePublished\":\"2019-01-21T09:05:41+00:00\",\"dateModified\":\"2024-09-12T14:26:13+00:00\",\"description\":\"La Politique de protection des donn\u00e9es personnelles pr\u00e9sente les informations relatives aux donn\u00e9es \u00e0 caract\u00e8re personnel qui sont trait\u00e9es par SOPHIM, aux finalit\u00e9s et \u00e0 la base de ces traitements, au partage de ces donn\u00e9es avec des tiers, et \u00e0 vos droits\",\"breadcrumb\":{\"@id\":\"https:\\\/\\\/www.sophim.com\\\/fr\\\/politique-de-confidentialite\\\/#breadcrumb\"},\"inLanguage\":\"fr-FR\",\"potentialAction\":[{\"@type\":\"ReadAction\",\"target\":[\"https:\\\/\\\/www.sophim.com\\\/fr\\\/politique-de-confidentialite\\\/\"]}]},{\"@type\":\"ImageObject\",\"inLanguage\":\"fr-FR\",\"@id\":\"https:\\\/\\\/www.sophim.com\\\/fr\\\/politique-de-confidentialite\\\/#primaryimage\",\"url\":\"https:\\\/\\\/www.sophim.com\\\/wp-content\\\/uploads\\\/2019\\\/01\\\/header_propos.jpg\",\"contentUrl\":\"https:\\\/\\\/www.sophim.com\\\/wp-content\\\/uploads\\\/2019\\\/01\\\/header_propos.jpg\",\"width\":1679,\"height\":498},{\"@type\":\"BreadcrumbList\",\"@id\":\"https:\\\/\\\/www.sophim.com\\\/fr\\\/politique-de-confidentialite\\\/#breadcrumb\",\"itemListElement\":[{\"@type\":\"ListItem\",\"position\":1,\"name\":\"Home\",\"item\":\"https:\\\/\\\/www.sophim.com\\\/fr\\\/\"},{\"@type\":\"ListItem\",\"position\":2,\"name\":\"Politique de protection des donn\u00e9es personnelles\"}]},{\"@type\":\"WebSite\",\"@id\":\"https:\\\/\\\/www.sophim.com\\\/fr\\\/#website\",\"url\":\"https:\\\/\\\/www.sophim.com\\\/fr\\\/\",\"name\":\"SOPHIM fournisseur ingr\u00e9dient cosm\u00e9tique\",\"description\":\"Sophim est un fabricant d&#039;ingr\u00e9dients cosm\u00e9tiques naturels\",\"publisher\":{\"@id\":\"https:\\\/\\\/www.sophim.com\\\/fr\\\/#organization\"},\"potentialAction\":[{\"@type\":\"SearchAction\",\"target\":{\"@type\":\"EntryPoint\",\"urlTemplate\":\"https:\\\/\\\/www.sophim.com\\\/fr\\\/?s={search_term_string}\"},\"query-input\":{\"@type\":\"PropertyValueSpecification\",\"valueRequired\":true,\"valueName\":\"search_term_string\"}}],\"inLanguage\":\"fr-FR\"},{\"@type\":\"Organization\",\"@id\":\"https:\\\/\\\/www.sophim.com\\\/fr\\\/#organization\",\"name\":\"Sophim\",\"url\":\"https:\\\/\\\/www.sophim.com\\\/fr\\\/\",\"logo\":{\"@type\":\"ImageObject\",\"inLanguage\":\"fr-FR\",\"@id\":\"https:\\\/\\\/www.sophim.com\\\/fr\\\/#\\\/schema\\\/logo\\\/image\\\/\",\"url\":\"https:\\\/\\\/www.sophim.com\\\/wp-content\\\/uploads\\\/2019\\\/01\\\/sophim_logo.png\",\"contentUrl\":\"https:\\\/\\\/www.sophim.com\\\/wp-content\\\/uploads\\\/2019\\\/01\\\/sophim_logo.png\",\"width\":327,\"height\":156,\"caption\":\"Sophim\"},\"image\":{\"@id\":\"https:\\\/\\\/www.sophim.com\\\/fr\\\/#\\\/schema\\\/logo\\\/image\\\/\"}}]}<\/script>\n<!-- \/ Yoast SEO plugin. -->","yoast_head_json":{"title":"Politique de protection des donn\u00e9es personnelles - SOPHIM fournisseur ingr\u00e9dient cosm\u00e9tique","description":"La Politique de protection des donn\u00e9es personnelles pr\u00e9sente les informations relatives aux donn\u00e9es \u00e0 caract\u00e8re personnel qui sont trait\u00e9es par SOPHIM, aux finalit\u00e9s et \u00e0 la base de ces traitements, au partage de ces donn\u00e9es avec des tiers, et \u00e0 vos droits","robots":{"index":"index","follow":"follow","max-snippet":"max-snippet:-1","max-image-preview":"max-image-preview:large","max-video-preview":"max-video-preview:-1"},"canonical":"https:\/\/www.sophim.com\/fr\/politique-de-confidentialite\/","og_locale":"fr_FR","og_type":"article","og_title":"Politique de protection des donn\u00e9es personnelles - SOPHIM fournisseur ingr\u00e9dient cosm\u00e9tique","og_description":"La Politique de protection des donn\u00e9es personnelles pr\u00e9sente les informations relatives aux donn\u00e9es \u00e0 caract\u00e8re personnel qui sont trait\u00e9es par SOPHIM, aux finalit\u00e9s et \u00e0 la base de ces traitements, au partage de ces donn\u00e9es avec des tiers, et \u00e0 vos droits","og_url":"https:\/\/www.sophim.com\/fr\/politique-de-confidentialite\/","og_site_name":"SOPHIM fournisseur ingr\u00e9dient cosm\u00e9tique","article_modified_time":"2024-09-12T14:26:13+00:00","og_image":[{"width":1679,"height":498,"url":"https:\/\/www.sophim.com\/wp-content\/uploads\/2019\/01\/header_propos.jpg","type":"image\/jpeg"}],"twitter_card":"summary_large_image","twitter_misc":{"Dur\u00e9e de lecture estim\u00e9e":"6 minutes"},"schema":{"@context":"https:\/\/schema.org","@graph":[{"@type":"WebPage","@id":"https:\/\/www.sophim.com\/fr\/politique-de-confidentialite\/","url":"https:\/\/www.sophim.com\/fr\/politique-de-confidentialite\/","name":"Politique de protection des donn\u00e9es personnelles - SOPHIM fournisseur ingr\u00e9dient cosm\u00e9tique","isPartOf":{"@id":"https:\/\/www.sophim.com\/fr\/#website"},"primaryImageOfPage":{"@id":"https:\/\/www.sophim.com\/fr\/politique-de-confidentialite\/#primaryimage"},"image":{"@id":"https:\/\/www.sophim.com\/fr\/politique-de-confidentialite\/#primaryimage"},"thumbnailUrl":"https:\/\/www.sophim.com\/wp-content\/uploads\/2019\/01\/header_propos.jpg","datePublished":"2019-01-21T09:05:41+00:00","dateModified":"2024-09-12T14:26:13+00:00","description":"La Politique de protection des donn\u00e9es personnelles pr\u00e9sente les informations relatives aux donn\u00e9es \u00e0 caract\u00e8re personnel qui sont trait\u00e9es par SOPHIM, aux finalit\u00e9s et \u00e0 la base de ces traitements, au partage de ces donn\u00e9es avec des tiers, et \u00e0 vos droits","breadcrumb":{"@id":"https:\/\/www.sophim.com\/fr\/politique-de-confidentialite\/#breadcrumb"},"inLanguage":"fr-FR","potentialAction":[{"@type":"ReadAction","target":["https:\/\/www.sophim.com\/fr\/politique-de-confidentialite\/"]}]},{"@type":"ImageObject","inLanguage":"fr-FR","@id":"https:\/\/www.sophim.com\/fr\/politique-de-confidentialite\/#primaryimage","url":"https:\/\/www.sophim.com\/wp-content\/uploads\/2019\/01\/header_propos.jpg","contentUrl":"https:\/\/www.sophim.com\/wp-content\/uploads\/2019\/01\/header_propos.jpg","width":1679,"height":498},{"@type":"BreadcrumbList","@id":"https:\/\/www.sophim.com\/fr\/politique-de-confidentialite\/#breadcrumb","itemListElement":[{"@type":"ListItem","position":1,"name":"Home","item":"https:\/\/www.sophim.com\/fr\/"},{"@type":"ListItem","position":2,"name":"Politique de protection des donn\u00e9es personnelles"}]},{"@type":"WebSite","@id":"https:\/\/www.sophim.com\/fr\/#website","url":"https:\/\/www.sophim.com\/fr\/","name":"SOPHIM fournisseur ingr\u00e9dient cosm\u00e9tique","description":"Sophim est un fabricant d&#039;ingr\u00e9dients cosm\u00e9tiques naturels","publisher":{"@id":"https:\/\/www.sophim.com\/fr\/#organization"},"potentialAction":[{"@type":"SearchAction","target":{"@type":"EntryPoint","urlTemplate":"https:\/\/www.sophim.com\/fr\/?s={search_term_string}"},"query-input":{"@type":"PropertyValueSpecification","valueRequired":true,"valueName":"search_term_string"}}],"inLanguage":"fr-FR"},{"@type":"Organization","@id":"https:\/\/www.sophim.com\/fr\/#organization","name":"Sophim","url":"https:\/\/www.sophim.com\/fr\/","logo":{"@type":"ImageObject","inLanguage":"fr-FR","@id":"https:\/\/www.sophim.com\/fr\/#\/schema\/logo\/image\/","url":"https:\/\/www.sophim.com\/wp-content\/uploads\/2019\/01\/sophim_logo.png","contentUrl":"https:\/\/www.sophim.com\/wp-content\/uploads\/2019\/01\/sophim_logo.png","width":327,"height":156,"caption":"Sophim"},"image":{"@id":"https:\/\/www.sophim.com\/fr\/#\/schema\/logo\/image\/"}}]}},"_links":{"self":[{"href":"https:\/\/www.sophim.com\/fr\/wp-json\/wp\/v2\/pages\/3","targetHints":{"allow":["GET"]}}],"collection":[{"href":"https:\/\/www.sophim.com\/fr\/wp-json\/wp\/v2\/pages"}],"about":[{"href":"https:\/\/www.sophim.com\/fr\/wp-json\/wp\/v2\/types\/page"}],"author":[{"embeddable":true,"href":"https:\/\/www.sophim.com\/fr\/wp-json\/wp\/v2\/users\/23"}],"replies":[{"embeddable":true,"href":"https:\/\/www.sophim.com\/fr\/wp-json\/wp\/v2\/comments?post=3"}],"version-history":[{"count":0,"href":"https:\/\/www.sophim.com\/fr\/wp-json\/wp\/v2\/pages\/3\/revisions"}],"wp:featuredmedia":[{"embeddable":true,"href":"https:\/\/www.sophim.com\/fr\/wp-json\/wp\/v2\/media\/95"}],"wp:attachment":[{"href":"https:\/\/www.sophim.com\/fr\/wp-json\/wp\/v2\/media?parent=3"}],"curies":[{"name":"wp","href":"https:\/\/api.w.org\/{rel}","templated":true}]}}