{"id":3154,"date":"2021-07-21T09:35:20","date_gmt":"2021-07-21T07:35:20","guid":{"rendered":"https:\/\/www.sophim.com?page_id=3154"},"modified":"2025-01-30T17:25:15","modified_gmt":"2025-01-30T16:25:15","slug":"equipe","status":"publish","type":"page","link":"https:\/\/www.sophim.com\/fr\/equipe\/","title":{"rendered":"Equipe"},"content":{"rendered":"<p>SOPHIM est une entreprise familiale, \u00e0 taille humaine.<\/p>\n<p>Depuis 1996, notre r\u00e9ussite passe par la passion de nos \u00e9quipes. Dot\u00e9es d\u2019un large spectre de comp\u00e9tences, le <strong>savoir-faire<\/strong> et la <strong>pers\u00e9v\u00e9rance<\/strong> de chacun contribuent au bon d\u00e9veloppement de notre activit\u00e9. Ce fort <strong>esprit d\u2019\u00e9quipe<\/strong> nous permet de partager quotidiennement notre engagement pour une industrie cosm\u00e9tique plus respectueuse de l\u2019environnement aupr\u00e8s de nos partenaires.<br \/>\nComptant aujourd&rsquo;hui 50 collaborateurs sur le site de Peyruis, nous vous proposons de <strong>rencontrer <\/strong>quelques-uns de nos experts.<\/p>\n<p>&nbsp;<\/p>\n","protected":false},"excerpt":{"rendered":"<p>SOPHIM est une entreprise familiale, \u00e0 taille humaine. Depuis 1996, notre r\u00e9ussite passe par la passion de nos \u00e9quipes. Dot\u00e9es d\u2019un large spectre de comp\u00e9tences, le savoir-faire et la pers\u00e9v\u00e9rance de chacun contribuent au bon d\u00e9veloppement de notre activit\u00e9. Ce fort esprit d\u2019\u00e9quipe nous permet de partager quotidiennement notre engagement pour une industrie cosm\u00e9tique plus [&hellip;]<\/p>\n","protected":false},"author":23,"featured_media":7969,"parent":0,"menu_order":11,"comment_status":"closed","ping_status":"closed","template":"template-pageblocs.php","meta":{"footnotes":""},"class_list":["post-3154","page","type-page","status-publish","has-post-thumbnail","hentry"],"yoast_head":"<!-- This site is optimized with the Yoast SEO plugin v27.4 - https:\/\/yoast.com\/product\/yoast-seo-wordpress\/ -->\n<title>\u00c9quipes SOPHIM<\/title>\n<meta name=\"description\" content=\"D\u00e9couvrez les \u00e9quipes SOPHIM et leurs comp\u00e9tences en chimie et cosm\u00e9tique !\" \/>\n<meta name=\"robots\" content=\"index, follow, max-snippet:-1, max-image-preview:large, max-video-preview:-1\" \/>\n<link rel=\"canonical\" href=\"https:\/\/www.sophim.com\/fr\/equipe\/\" \/>\n<meta property=\"og:locale\" content=\"fr_FR\" \/>\n<meta property=\"og:type\" content=\"article\" \/>\n<meta property=\"og:title\" content=\"\u00c9quipes SOPHIM\" \/>\n<meta property=\"og:description\" content=\"D\u00e9couvrez les \u00e9quipes SOPHIM et leurs comp\u00e9tences en chimie et cosm\u00e9tique !\" \/>\n<meta property=\"og:url\" content=\"https:\/\/www.sophim.com\/fr\/equipe\/\" \/>\n<meta property=\"og:site_name\" content=\"SOPHIM fournisseur ingr\u00e9dient cosm\u00e9tique\" \/>\n<meta property=\"article:modified_time\" content=\"2025-01-30T16:25:15+00:00\" \/>\n<meta property=\"og:image\" content=\"https:\/\/www.sophim.com\/wp-content\/uploads\/2024\/02\/Header-page-equipe-1679-x-498-px-2.jpg\" \/>\n\t<meta property=\"og:image:width\" content=\"1679\" \/>\n\t<meta property=\"og:image:height\" content=\"498\" \/>\n\t<meta property=\"og:image:type\" content=\"image\/jpeg\" \/>\n<meta name=\"twitter:card\" content=\"summary_large_image\" \/>\n<meta name=\"twitter:label1\" content=\"Dur\u00e9e de lecture estim\u00e9e\" \/>\n\t<meta name=\"twitter:data1\" content=\"1 minute\" \/>\n<script type=\"application\/ld+json\" class=\"yoast-schema-graph\">{\"@context\":\"https:\\\/\\\/schema.org\",\"@graph\":[{\"@type\":\"WebPage\",\"@id\":\"https:\\\/\\\/www.sophim.com\\\/fr\\\/equipe\\\/\",\"url\":\"https:\\\/\\\/www.sophim.com\\\/fr\\\/equipe\\\/\",\"name\":\"\u00c9quipes SOPHIM\",\"isPartOf\":{\"@id\":\"https:\\\/\\\/www.sophim.com\\\/fr\\\/#website\"},\"primaryImageOfPage\":{\"@id\":\"https:\\\/\\\/www.sophim.com\\\/fr\\\/equipe\\\/#primaryimage\"},\"image\":{\"@id\":\"https:\\\/\\\/www.sophim.com\\\/fr\\\/equipe\\\/#primaryimage\"},\"thumbnailUrl\":\"https:\\\/\\\/www.sophim.com\\\/wp-content\\\/uploads\\\/2024\\\/02\\\/Header-page-equipe-1679-x-498-px-2.jpg\",\"datePublished\":\"2021-07-21T07:35:20+00:00\",\"dateModified\":\"2025-01-30T16:25:15+00:00\",\"description\":\"D\u00e9couvrez les \u00e9quipes SOPHIM et leurs comp\u00e9tences en chimie et cosm\u00e9tique !\",\"breadcrumb\":{\"@id\":\"https:\\\/\\\/www.sophim.com\\\/fr\\\/equipe\\\/#breadcrumb\"},\"inLanguage\":\"fr-FR\",\"potentialAction\":[{\"@type\":\"ReadAction\",\"target\":[\"https:\\\/\\\/www.sophim.com\\\/fr\\\/equipe\\\/\"]}]},{\"@type\":\"ImageObject\",\"inLanguage\":\"fr-FR\",\"@id\":\"https:\\\/\\\/www.sophim.com\\\/fr\\\/equipe\\\/#primaryimage\",\"url\":\"https:\\\/\\\/www.sophim.com\\\/wp-content\\\/uploads\\\/2024\\\/02\\\/Header-page-equipe-1679-x-498-px-2.jpg\",\"contentUrl\":\"https:\\\/\\\/www.sophim.com\\\/wp-content\\\/uploads\\\/2024\\\/02\\\/Header-page-equipe-1679-x-498-px-2.jpg\",\"width\":1679,\"height\":498},{\"@type\":\"BreadcrumbList\",\"@id\":\"https:\\\/\\\/www.sophim.com\\\/fr\\\/equipe\\\/#breadcrumb\",\"itemListElement\":[{\"@type\":\"ListItem\",\"position\":1,\"name\":\"Home\",\"item\":\"https:\\\/\\\/www.sophim.com\\\/fr\\\/\"},{\"@type\":\"ListItem\",\"position\":2,\"name\":\"Equipe\"}]},{\"@type\":\"WebSite\",\"@id\":\"https:\\\/\\\/www.sophim.com\\\/fr\\\/#website\",\"url\":\"https:\\\/\\\/www.sophim.com\\\/fr\\\/\",\"name\":\"SOPHIM fournisseur ingr\u00e9dient cosm\u00e9tique\",\"description\":\"Sophim est un fabricant d&#039;ingr\u00e9dients cosm\u00e9tiques naturels\",\"publisher\":{\"@id\":\"https:\\\/\\\/www.sophim.com\\\/fr\\\/#organization\"},\"potentialAction\":[{\"@type\":\"SearchAction\",\"target\":{\"@type\":\"EntryPoint\",\"urlTemplate\":\"https:\\\/\\\/www.sophim.com\\\/fr\\\/?s={search_term_string}\"},\"query-input\":{\"@type\":\"PropertyValueSpecification\",\"valueRequired\":true,\"valueName\":\"search_term_string\"}}],\"inLanguage\":\"fr-FR\"},{\"@type\":\"Organization\",\"@id\":\"https:\\\/\\\/www.sophim.com\\\/fr\\\/#organization\",\"name\":\"Sophim\",\"url\":\"https:\\\/\\\/www.sophim.com\\\/fr\\\/\",\"logo\":{\"@type\":\"ImageObject\",\"inLanguage\":\"fr-FR\",\"@id\":\"https:\\\/\\\/www.sophim.com\\\/fr\\\/#\\\/schema\\\/logo\\\/image\\\/\",\"url\":\"https:\\\/\\\/www.sophim.com\\\/wp-content\\\/uploads\\\/2019\\\/01\\\/sophim_logo.png\",\"contentUrl\":\"https:\\\/\\\/www.sophim.com\\\/wp-content\\\/uploads\\\/2019\\\/01\\\/sophim_logo.png\",\"width\":327,\"height\":156,\"caption\":\"Sophim\"},\"image\":{\"@id\":\"https:\\\/\\\/www.sophim.com\\\/fr\\\/#\\\/schema\\\/logo\\\/image\\\/\"}}]}<\/script>\n<!-- \/ Yoast SEO plugin. -->","yoast_head_json":{"title":"\u00c9quipes SOPHIM","description":"D\u00e9couvrez les \u00e9quipes SOPHIM et leurs comp\u00e9tences en chimie et cosm\u00e9tique !","robots":{"index":"index","follow":"follow","max-snippet":"max-snippet:-1","max-image-preview":"max-image-preview:large","max-video-preview":"max-video-preview:-1"},"canonical":"https:\/\/www.sophim.com\/fr\/equipe\/","og_locale":"fr_FR","og_type":"article","og_title":"\u00c9quipes SOPHIM","og_description":"D\u00e9couvrez les \u00e9quipes SOPHIM et leurs comp\u00e9tences en chimie et cosm\u00e9tique !","og_url":"https:\/\/www.sophim.com\/fr\/equipe\/","og_site_name":"SOPHIM fournisseur ingr\u00e9dient cosm\u00e9tique","article_modified_time":"2025-01-30T16:25:15+00:00","og_image":[{"width":1679,"height":498,"url":"https:\/\/www.sophim.com\/wp-content\/uploads\/2024\/02\/Header-page-equipe-1679-x-498-px-2.jpg","type":"image\/jpeg"}],"twitter_card":"summary_large_image","twitter_misc":{"Dur\u00e9e de lecture estim\u00e9e":"1 minute"},"schema":{"@context":"https:\/\/schema.org","@graph":[{"@type":"WebPage","@id":"https:\/\/www.sophim.com\/fr\/equipe\/","url":"https:\/\/www.sophim.com\/fr\/equipe\/","name":"\u00c9quipes SOPHIM","isPartOf":{"@id":"https:\/\/www.sophim.com\/fr\/#website"},"primaryImageOfPage":{"@id":"https:\/\/www.sophim.com\/fr\/equipe\/#primaryimage"},"image":{"@id":"https:\/\/www.sophim.com\/fr\/equipe\/#primaryimage"},"thumbnailUrl":"https:\/\/www.sophim.com\/wp-content\/uploads\/2024\/02\/Header-page-equipe-1679-x-498-px-2.jpg","datePublished":"2021-07-21T07:35:20+00:00","dateModified":"2025-01-30T16:25:15+00:00","description":"D\u00e9couvrez les \u00e9quipes SOPHIM et leurs comp\u00e9tences en chimie et cosm\u00e9tique !","breadcrumb":{"@id":"https:\/\/www.sophim.com\/fr\/equipe\/#breadcrumb"},"inLanguage":"fr-FR","potentialAction":[{"@type":"ReadAction","target":["https:\/\/www.sophim.com\/fr\/equipe\/"]}]},{"@type":"ImageObject","inLanguage":"fr-FR","@id":"https:\/\/www.sophim.com\/fr\/equipe\/#primaryimage","url":"https:\/\/www.sophim.com\/wp-content\/uploads\/2024\/02\/Header-page-equipe-1679-x-498-px-2.jpg","contentUrl":"https:\/\/www.sophim.com\/wp-content\/uploads\/2024\/02\/Header-page-equipe-1679-x-498-px-2.jpg","width":1679,"height":498},{"@type":"BreadcrumbList","@id":"https:\/\/www.sophim.com\/fr\/equipe\/#breadcrumb","itemListElement":[{"@type":"ListItem","position":1,"name":"Home","item":"https:\/\/www.sophim.com\/fr\/"},{"@type":"ListItem","position":2,"name":"Equipe"}]},{"@type":"WebSite","@id":"https:\/\/www.sophim.com\/fr\/#website","url":"https:\/\/www.sophim.com\/fr\/","name":"SOPHIM fournisseur ingr\u00e9dient cosm\u00e9tique","description":"Sophim est un fabricant d&#039;ingr\u00e9dients cosm\u00e9tiques naturels","publisher":{"@id":"https:\/\/www.sophim.com\/fr\/#organization"},"potentialAction":[{"@type":"SearchAction","target":{"@type":"EntryPoint","urlTemplate":"https:\/\/www.sophim.com\/fr\/?s={search_term_string}"},"query-input":{"@type":"PropertyValueSpecification","valueRequired":true,"valueName":"search_term_string"}}],"inLanguage":"fr-FR"},{"@type":"Organization","@id":"https:\/\/www.sophim.com\/fr\/#organization","name":"Sophim","url":"https:\/\/www.sophim.com\/fr\/","logo":{"@type":"ImageObject","inLanguage":"fr-FR","@id":"https:\/\/www.sophim.com\/fr\/#\/schema\/logo\/image\/","url":"https:\/\/www.sophim.com\/wp-content\/uploads\/2019\/01\/sophim_logo.png","contentUrl":"https:\/\/www.sophim.com\/wp-content\/uploads\/2019\/01\/sophim_logo.png","width":327,"height":156,"caption":"Sophim"},"image":{"@id":"https:\/\/www.sophim.com\/fr\/#\/schema\/logo\/image\/"}}]}},"_links":{"self":[{"href":"https:\/\/www.sophim.com\/fr\/wp-json\/wp\/v2\/pages\/3154","targetHints":{"allow":["GET"]}}],"collection":[{"href":"https:\/\/www.sophim.com\/fr\/wp-json\/wp\/v2\/pages"}],"about":[{"href":"https:\/\/www.sophim.com\/fr\/wp-json\/wp\/v2\/types\/page"}],"author":[{"embeddable":true,"href":"https:\/\/www.sophim.com\/fr\/wp-json\/wp\/v2\/users\/23"}],"replies":[{"embeddable":true,"href":"https:\/\/www.sophim.com\/fr\/wp-json\/wp\/v2\/comments?post=3154"}],"version-history":[{"count":0,"href":"https:\/\/www.sophim.com\/fr\/wp-json\/wp\/v2\/pages\/3154\/revisions"}],"wp:featuredmedia":[{"embeddable":true,"href":"https:\/\/www.sophim.com\/fr\/wp-json\/wp\/v2\/media\/7969"}],"wp:attachment":[{"href":"https:\/\/www.sophim.com\/fr\/wp-json\/wp\/v2\/media?parent=3154"}],"curies":[{"name":"wp","href":"https:\/\/api.w.org\/{rel}","templated":true}]}}