{"id":5,"date":"2019-01-23T10:19:17","date_gmt":"2019-01-23T09:19:17","guid":{"rendered":"http:\/\/sophim.com\/?page_id=5"},"modified":"2024-06-07T10:35:21","modified_gmt":"2024-06-07T08:35:21","slug":"sophim-fabricant-dingredients-cosmetiques-naturels-2","status":"publish","type":"page","link":"https:\/\/www.sophim.com\/fr\/","title":{"rendered":"Fournisseur d&rsquo;ingr\u00e9dients cosm\u00e9tiques"},"content":{"rendered":"","protected":false},"excerpt":{"rendered":"","protected":false},"author":23,"featured_media":73,"parent":0,"menu_order":74,"comment_status":"closed","ping_status":"closed","template":"template-accueil.php","meta":{"footnotes":""},"class_list":["post-5","page","type-page","status-publish","has-post-thumbnail","hentry"],"yoast_head":"<!-- This site is optimized with the Yoast SEO plugin v27.3 - https:\/\/yoast.com\/product\/yoast-seo-wordpress\/ -->\n<title>SOPHIM : fabricant d\u2019ingr\u00e9dients cosm\u00e9tiques naturels<\/title>\n<meta name=\"description\" content=\"Leader de la production de squalane v\u00e9g\u00e9tal naturel pour la cosm\u00e9tique, SOPHIM est votre fournisseur d&#039;ingr\u00e9dients naturels de qualit\u00e9, certifi\u00e9s COSMOS.\" \/>\n<meta name=\"robots\" content=\"index, follow, max-snippet:-1, max-image-preview:large, max-video-preview:-1\" \/>\n<link rel=\"canonical\" href=\"https:\/\/www.sophim.com\/\" \/>\n<meta property=\"og:locale\" content=\"fr_FR\" \/>\n<meta property=\"og:type\" content=\"article\" \/>\n<meta property=\"og:title\" content=\"SOPHIM : fabricant d\u2019ingr\u00e9dients cosm\u00e9tiques naturels\" \/>\n<meta property=\"og:description\" content=\"Leader de la production de squalane v\u00e9g\u00e9tal naturel pour la cosm\u00e9tique, SOPHIM est votre fournisseur d&#039;ingr\u00e9dients naturels de qualit\u00e9, certifi\u00e9s COSMOS.\" \/>\n<meta property=\"og:url\" content=\"https:\/\/www.sophim.com\/\" \/>\n<meta property=\"og:site_name\" content=\"SOPHIM fournisseur ingr\u00e9dient cosm\u00e9tique\" \/>\n<meta property=\"article:modified_time\" content=\"2024-06-07T08:35:21+00:00\" \/>\n<meta property=\"og:image\" content=\"https:\/\/www.sophim.com\/wp-content\/uploads\/2019\/01\/header_home.jpg\" \/>\n\t<meta property=\"og:image:width\" content=\"1680\" \/>\n\t<meta property=\"og:image:height\" content=\"964\" \/>\n\t<meta property=\"og:image:type\" content=\"image\/jpeg\" \/>\n<meta name=\"twitter:card\" content=\"summary_large_image\" \/>\n<meta name=\"twitter:label1\" content=\"Dur\u00e9e de lecture estim\u00e9e\" \/>\n\t<meta name=\"twitter:data1\" content=\"1 minute\" \/>\n<script type=\"application\/ld+json\" class=\"yoast-schema-graph\">{\"@context\":\"https:\\\/\\\/schema.org\",\"@graph\":[{\"@type\":\"WebPage\",\"@id\":\"https:\\\/\\\/www.sophim.com\\\/fr\\\/\",\"url\":\"https:\\\/\\\/www.sophim.com\\\/\",\"name\":\"SOPHIM : fabricant d\u2019ingr\u00e9dients cosm\u00e9tiques naturels\",\"isPartOf\":{\"@id\":\"https:\\\/\\\/www.sophim.com\\\/fr\\\/#website\"},\"primaryImageOfPage\":{\"@id\":\"https:\\\/\\\/www.sophim.com\\\/#primaryimage\"},\"image\":{\"@id\":\"https:\\\/\\\/www.sophim.com\\\/#primaryimage\"},\"thumbnailUrl\":\"https:\\\/\\\/www.sophim.com\\\/wp-content\\\/uploads\\\/2019\\\/01\\\/header_home.jpg\",\"datePublished\":\"2019-01-23T09:19:17+00:00\",\"dateModified\":\"2024-06-07T08:35:21+00:00\",\"description\":\"Leader de la production de squalane v\u00e9g\u00e9tal naturel pour la cosm\u00e9tique, SOPHIM est votre fournisseur d'ingr\u00e9dients naturels de qualit\u00e9, certifi\u00e9s COSMOS.\",\"breadcrumb\":{\"@id\":\"https:\\\/\\\/www.sophim.com\\\/#breadcrumb\"},\"inLanguage\":\"fr-FR\",\"potentialAction\":[{\"@type\":\"ReadAction\",\"target\":[\"https:\\\/\\\/www.sophim.com\\\/\"]}]},{\"@type\":\"ImageObject\",\"inLanguage\":\"fr-FR\",\"@id\":\"https:\\\/\\\/www.sophim.com\\\/#primaryimage\",\"url\":\"https:\\\/\\\/www.sophim.com\\\/wp-content\\\/uploads\\\/2019\\\/01\\\/header_home.jpg\",\"contentUrl\":\"https:\\\/\\\/www.sophim.com\\\/wp-content\\\/uploads\\\/2019\\\/01\\\/header_home.jpg\",\"width\":1680,\"height\":964,\"caption\":\"Sophim\"},{\"@type\":\"BreadcrumbList\",\"@id\":\"https:\\\/\\\/www.sophim.com\\\/#breadcrumb\",\"itemListElement\":[{\"@type\":\"ListItem\",\"position\":1,\"name\":\"Home\",\"item\":\"https:\\\/\\\/www.sophim.com\\\/fr\\\/\"},{\"@type\":\"ListItem\",\"position\":2,\"name\":\"Fournisseur d&rsquo;ingr\u00e9dients cosm\u00e9tiques\"}]},{\"@type\":\"WebSite\",\"@id\":\"https:\\\/\\\/www.sophim.com\\\/fr\\\/#website\",\"url\":\"https:\\\/\\\/www.sophim.com\\\/fr\\\/\",\"name\":\"SOPHIM fournisseur ingr\u00e9dient cosm\u00e9tique\",\"description\":\"Sophim est un fabricant d&#039;ingr\u00e9dients cosm\u00e9tiques naturels\",\"publisher\":{\"@id\":\"https:\\\/\\\/www.sophim.com\\\/fr\\\/#organization\"},\"potentialAction\":[{\"@type\":\"SearchAction\",\"target\":{\"@type\":\"EntryPoint\",\"urlTemplate\":\"https:\\\/\\\/www.sophim.com\\\/fr\\\/?s={search_term_string}\"},\"query-input\":{\"@type\":\"PropertyValueSpecification\",\"valueRequired\":true,\"valueName\":\"search_term_string\"}}],\"inLanguage\":\"fr-FR\"},{\"@type\":\"Organization\",\"@id\":\"https:\\\/\\\/www.sophim.com\\\/fr\\\/#organization\",\"name\":\"Sophim\",\"url\":\"https:\\\/\\\/www.sophim.com\\\/fr\\\/\",\"logo\":{\"@type\":\"ImageObject\",\"inLanguage\":\"fr-FR\",\"@id\":\"https:\\\/\\\/www.sophim.com\\\/fr\\\/#\\\/schema\\\/logo\\\/image\\\/\",\"url\":\"https:\\\/\\\/www.sophim.com\\\/wp-content\\\/uploads\\\/2019\\\/01\\\/sophim_logo.png\",\"contentUrl\":\"https:\\\/\\\/www.sophim.com\\\/wp-content\\\/uploads\\\/2019\\\/01\\\/sophim_logo.png\",\"width\":327,\"height\":156,\"caption\":\"Sophim\"},\"image\":{\"@id\":\"https:\\\/\\\/www.sophim.com\\\/fr\\\/#\\\/schema\\\/logo\\\/image\\\/\"}}]}<\/script>\n<!-- \/ Yoast SEO plugin. -->","yoast_head_json":{"title":"SOPHIM : fabricant d\u2019ingr\u00e9dients cosm\u00e9tiques naturels","description":"Leader de la production de squalane v\u00e9g\u00e9tal naturel pour la cosm\u00e9tique, SOPHIM est votre fournisseur d'ingr\u00e9dients naturels de qualit\u00e9, certifi\u00e9s COSMOS.","robots":{"index":"index","follow":"follow","max-snippet":"max-snippet:-1","max-image-preview":"max-image-preview:large","max-video-preview":"max-video-preview:-1"},"canonical":"https:\/\/www.sophim.com\/","og_locale":"fr_FR","og_type":"article","og_title":"SOPHIM : fabricant d\u2019ingr\u00e9dients cosm\u00e9tiques naturels","og_description":"Leader de la production de squalane v\u00e9g\u00e9tal naturel pour la cosm\u00e9tique, SOPHIM est votre fournisseur d'ingr\u00e9dients naturels de qualit\u00e9, certifi\u00e9s COSMOS.","og_url":"https:\/\/www.sophim.com\/","og_site_name":"SOPHIM fournisseur ingr\u00e9dient cosm\u00e9tique","article_modified_time":"2024-06-07T08:35:21+00:00","og_image":[{"width":1680,"height":964,"url":"https:\/\/www.sophim.com\/wp-content\/uploads\/2019\/01\/header_home.jpg","type":"image\/jpeg"}],"twitter_card":"summary_large_image","twitter_misc":{"Dur\u00e9e de lecture estim\u00e9e":"1 minute"},"schema":{"@context":"https:\/\/schema.org","@graph":[{"@type":"WebPage","@id":"https:\/\/www.sophim.com\/fr\/","url":"https:\/\/www.sophim.com\/","name":"SOPHIM : fabricant d\u2019ingr\u00e9dients cosm\u00e9tiques naturels","isPartOf":{"@id":"https:\/\/www.sophim.com\/fr\/#website"},"primaryImageOfPage":{"@id":"https:\/\/www.sophim.com\/#primaryimage"},"image":{"@id":"https:\/\/www.sophim.com\/#primaryimage"},"thumbnailUrl":"https:\/\/www.sophim.com\/wp-content\/uploads\/2019\/01\/header_home.jpg","datePublished":"2019-01-23T09:19:17+00:00","dateModified":"2024-06-07T08:35:21+00:00","description":"Leader de la production de squalane v\u00e9g\u00e9tal naturel pour la cosm\u00e9tique, SOPHIM est votre fournisseur d'ingr\u00e9dients naturels de qualit\u00e9, certifi\u00e9s COSMOS.","breadcrumb":{"@id":"https:\/\/www.sophim.com\/#breadcrumb"},"inLanguage":"fr-FR","potentialAction":[{"@type":"ReadAction","target":["https:\/\/www.sophim.com\/"]}]},{"@type":"ImageObject","inLanguage":"fr-FR","@id":"https:\/\/www.sophim.com\/#primaryimage","url":"https:\/\/www.sophim.com\/wp-content\/uploads\/2019\/01\/header_home.jpg","contentUrl":"https:\/\/www.sophim.com\/wp-content\/uploads\/2019\/01\/header_home.jpg","width":1680,"height":964,"caption":"Sophim"},{"@type":"BreadcrumbList","@id":"https:\/\/www.sophim.com\/#breadcrumb","itemListElement":[{"@type":"ListItem","position":1,"name":"Home","item":"https:\/\/www.sophim.com\/fr\/"},{"@type":"ListItem","position":2,"name":"Fournisseur d&rsquo;ingr\u00e9dients cosm\u00e9tiques"}]},{"@type":"WebSite","@id":"https:\/\/www.sophim.com\/fr\/#website","url":"https:\/\/www.sophim.com\/fr\/","name":"SOPHIM fournisseur ingr\u00e9dient cosm\u00e9tique","description":"Sophim est un fabricant d&#039;ingr\u00e9dients cosm\u00e9tiques naturels","publisher":{"@id":"https:\/\/www.sophim.com\/fr\/#organization"},"potentialAction":[{"@type":"SearchAction","target":{"@type":"EntryPoint","urlTemplate":"https:\/\/www.sophim.com\/fr\/?s={search_term_string}"},"query-input":{"@type":"PropertyValueSpecification","valueRequired":true,"valueName":"search_term_string"}}],"inLanguage":"fr-FR"},{"@type":"Organization","@id":"https:\/\/www.sophim.com\/fr\/#organization","name":"Sophim","url":"https:\/\/www.sophim.com\/fr\/","logo":{"@type":"ImageObject","inLanguage":"fr-FR","@id":"https:\/\/www.sophim.com\/fr\/#\/schema\/logo\/image\/","url":"https:\/\/www.sophim.com\/wp-content\/uploads\/2019\/01\/sophim_logo.png","contentUrl":"https:\/\/www.sophim.com\/wp-content\/uploads\/2019\/01\/sophim_logo.png","width":327,"height":156,"caption":"Sophim"},"image":{"@id":"https:\/\/www.sophim.com\/fr\/#\/schema\/logo\/image\/"}}]}},"_links":{"self":[{"href":"https:\/\/www.sophim.com\/fr\/wp-json\/wp\/v2\/pages\/5","targetHints":{"allow":["GET"]}}],"collection":[{"href":"https:\/\/www.sophim.com\/fr\/wp-json\/wp\/v2\/pages"}],"about":[{"href":"https:\/\/www.sophim.com\/fr\/wp-json\/wp\/v2\/types\/page"}],"author":[{"embeddable":true,"href":"https:\/\/www.sophim.com\/fr\/wp-json\/wp\/v2\/users\/23"}],"replies":[{"embeddable":true,"href":"https:\/\/www.sophim.com\/fr\/wp-json\/wp\/v2\/comments?post=5"}],"version-history":[{"count":0,"href":"https:\/\/www.sophim.com\/fr\/wp-json\/wp\/v2\/pages\/5\/revisions"}],"wp:featuredmedia":[{"embeddable":true,"href":"https:\/\/www.sophim.com\/fr\/wp-json\/wp\/v2\/media\/73"}],"wp:attachment":[{"href":"https:\/\/www.sophim.com\/fr\/wp-json\/wp\/v2\/media?parent=5"}],"curies":[{"name":"wp","href":"https:\/\/api.w.org\/{rel}","templated":true}]}}